{"id":8101,"date":"2025-06-29T10:14:29","date_gmt":"2025-06-29T08:14:29","guid":{"rendered":"https:\/\/uj.adatbank.ro\/lexikon\/termek\/fischer-matyas\/"},"modified":"2025-06-29T10:14:29","modified_gmt":"2025-06-29T08:14:29","slug":"fischer-matyas","status":"publish","type":"product","link":"https:\/\/uj.adatbank.ro\/lexikon\/termek\/fischer-matyas\/","title":{"rendered":"FISCHER M\u00e1ty\u00e1s"},"content":{"rendered":"<p>? \u2020\u00a0? : \u00e9p\u00edt\u00e9sz. \u2013 Mv.-en \u00e9p\u00edt\u00e9si igazgat\u00f3, v\u00e1rosi f\u0151\u00e9p\u00edt\u00e9sz. Javaslat\u00e1ra a mv.-i tan\u00e1cs megparancsolta \u00e1rkok \u00e1s\u00e1s\u00e1t az es\u0151v\u00edz lefoly\u00e1s\u00e1ra, a gan\u00e9, szem\u00e9t elhord\u00e1s\u00e1t az utc\u00e1r\u00f3l \u00e9s az utca sz\u00e9lek kik\u00f6vekez\u00e9s\u00e9t, ugyanakkor elhat\u00e1rozta sz\u00fck\u0151k\u00fat l\u00e9tes\u00edt\u00e9s\u00e9t a piacon (1800). <br \/><strong>Irod.:<\/strong> P\u00e1l-Antal 2009; P\u00e1l-Antal 2013<\/br><\/p>\n","protected":false},"excerpt":{"rendered":"<p>? \u2020\u00a0? : \u00e9p\u00edt\u00e9sz. \u2013 Mv.-en \u00e9p\u00edt\u00e9si igazgat\u00f3, v\u00e1rosi f\u0151\u00e9p\u00edt\u00e9sz. Javaslat\u00e1ra a mv.-i tan\u00e1cs megparancsolta \u00e1rkok \u00e1s\u00e1s\u00e1t az es\u0151v\u00edz lefoly\u00e1s\u00e1ra, a gan\u00e9, szem\u00e9t elhord\u00e1s\u00e1t az utc\u00e1r\u00f3l \u00e9s az utca sz\u00e9lek kik\u00f6vekez\u00e9s\u00e9t, ugyanakkor elhat\u00e1rozta sz\u00fck\u0151k\u00fat l\u00e9tes\u00edt\u00e9s\u00e9t a piacon (1800). Irod.: P\u00e1l-Antal 2009; P\u00e1l-Antal 2013<\/p>\n","protected":false},"featured_media":0,"comment_status":"open","ping_status":"closed","template":"","meta":[],"product_brand":[],"product_cat":[137],"product_tag":[],"class_list":{"0":"post-8101","1":"product","2":"type-product","3":"status-publish","5":"product_cat-maros-megyei-eletrajzi-lexikon","7":"first","8":"instock","9":"shipping-taxable","10":"product-type-simple"},"_links":{"self":[{"href":"https:\/\/uj.adatbank.ro\/lexikon\/wp-json\/wp\/v2\/product\/8101","targetHints":{"allow":["GET"]}}],"collection":[{"href":"https:\/\/uj.adatbank.ro\/lexikon\/wp-json\/wp\/v2\/product"}],"about":[{"href":"https:\/\/uj.adatbank.ro\/lexikon\/wp-json\/wp\/v2\/types\/product"}],"replies":[{"embeddable":true,"href":"https:\/\/uj.adatbank.ro\/lexikon\/wp-json\/wp\/v2\/comments?post=8101"}],"wp:attachment":[{"href":"https:\/\/uj.adatbank.ro\/lexikon\/wp-json\/wp\/v2\/media?parent=8101"}],"wp:term":[{"taxonomy":"product_brand","embeddable":true,"href":"https:\/\/uj.adatbank.ro\/lexikon\/wp-json\/wp\/v2\/product_brand?post=8101"},{"taxonomy":"product_cat","embeddable":true,"href":"https:\/\/uj.adatbank.ro\/lexikon\/wp-json\/wp\/v2\/product_cat?post=8101"},{"taxonomy":"product_tag","embeddable":true,"href":"https:\/\/uj.adatbank.ro\/lexikon\/wp-json\/wp\/v2\/product_tag?post=8101"}],"curies":[{"name":"wp","href":"https:\/\/api.w.org\/{rel}","templated":true}]}}