{"id":8102,"date":"2025-06-29T10:14:31","date_gmt":"2025-06-29T08:14:31","guid":{"rendered":"https:\/\/uj.adatbank.ro\/lexikon\/termek\/fischer-sandor-%c2%a7\/"},"modified":"2025-06-29T10:14:31","modified_gmt":"2025-06-29T08:14:31","slug":"fischer-sandor-%c2%a7","status":"publish","type":"product","link":"https:\/\/uj.adatbank.ro\/lexikon\/termek\/fischer-sandor-%c2%a7\/","title":{"rendered":"FISCHER S\u00e1ndor, \u00a7"},"content":{"rendered":"<p>Mv., 1899., \u2020\u00a01944.: nyersb\u0151rkeresked\u0151. \u2013 Mv.-en tev\u00e9kenykedett. R\u00e9szt vett az els\u0151 vh.-ban (1915\u201319), a 62. gy. e. -del az orosz fronton harcolt, majd a sz\u00e9kely hadoszt\u00e1llyal a rom\u00e1n fronton k\u00fczd\u00f6tt Zilah mellett. Mint hadapr\u00f3djel\u00f6lt \u0151rmester szerelt le (1919). Mv.-r\u0151l deport\u00e1lt\u00e1k (1944. m\u00e1j. 29.). <br \/><strong>Irod.:<\/strong> Erd\u00e9lyi ezredek; Mv. zsid\u00f3s\u00e1ga; Mv.-i zsid\u00f3 temet\u0151 dok.<\/br><\/p>\n","protected":false},"excerpt":{"rendered":"<p>Mv., 1899., \u2020\u00a01944.: nyersb\u0151rkeresked\u0151. \u2013 Mv.-en tev\u00e9kenykedett. R\u00e9szt vett az els\u0151 vh.-ban (1915\u201319), a 62. gy. e. -del az orosz fronton harcolt, majd a sz\u00e9kely hadoszt\u00e1llyal a rom\u00e1n fronton k\u00fczd\u00f6tt Zilah mellett. Mint hadapr\u00f3djel\u00f6lt \u0151rmester szerelt le (1919). Mv.-r\u0151l deport\u00e1lt\u00e1k (1944. m\u00e1j. 29.). Irod.: Erd\u00e9lyi ezredek; Mv. zsid\u00f3s\u00e1ga; Mv.-i zsid\u00f3 temet\u0151 dok.<\/p>\n","protected":false},"featured_media":0,"comment_status":"open","ping_status":"closed","template":"","meta":[],"product_brand":[],"product_cat":[137],"product_tag":[],"class_list":{"0":"post-8102","1":"product","2":"type-product","3":"status-publish","5":"product_cat-maros-megyei-eletrajzi-lexikon","7":"first","8":"instock","9":"shipping-taxable","10":"product-type-simple"},"_links":{"self":[{"href":"https:\/\/uj.adatbank.ro\/lexikon\/wp-json\/wp\/v2\/product\/8102","targetHints":{"allow":["GET"]}}],"collection":[{"href":"https:\/\/uj.adatbank.ro\/lexikon\/wp-json\/wp\/v2\/product"}],"about":[{"href":"https:\/\/uj.adatbank.ro\/lexikon\/wp-json\/wp\/v2\/types\/product"}],"replies":[{"embeddable":true,"href":"https:\/\/uj.adatbank.ro\/lexikon\/wp-json\/wp\/v2\/comments?post=8102"}],"wp:attachment":[{"href":"https:\/\/uj.adatbank.ro\/lexikon\/wp-json\/wp\/v2\/media?parent=8102"}],"wp:term":[{"taxonomy":"product_brand","embeddable":true,"href":"https:\/\/uj.adatbank.ro\/lexikon\/wp-json\/wp\/v2\/product_brand?post=8102"},{"taxonomy":"product_cat","embeddable":true,"href":"https:\/\/uj.adatbank.ro\/lexikon\/wp-json\/wp\/v2\/product_cat?post=8102"},{"taxonomy":"product_tag","embeddable":true,"href":"https:\/\/uj.adatbank.ro\/lexikon\/wp-json\/wp\/v2\/product_tag?post=8102"}],"curies":[{"name":"wp","href":"https:\/\/api.w.org\/{rel}","templated":true}]}}