{"id":8103,"date":"2025-06-29T10:14:32","date_gmt":"2025-06-29T08:14:32","guid":{"rendered":"https:\/\/uj.adatbank.ro\/lexikon\/termek\/fiscuteanu-ion\/"},"modified":"2025-06-29T10:14:32","modified_gmt":"2025-06-29T08:14:32","slug":"fiscuteanu-ion","status":"publish","type":"product","link":"https:\/\/uj.adatbank.ro\/lexikon\/termek\/fiscuteanu-ion\/","title":{"rendered":"FISCUTEANU Ion"},"content":{"rendered":"<p>Mez\u0151szentmih\u00e1ly, 1937. nov. 19, \u2020 Mv., 2007. dec. 8.: sz\u00ednm\u0171v\u00e9sz. \u2013 A buk.-i Sz\u00ednh\u00e1z- \u00e9s Filmm\u0171v\u00e9szeti Int\u00e9zetben v\u00e9gzett (1962). Az egyetem elv\u00e9gz\u00e9se ut\u00e1n a buk.-i \u00e9s a Piatra Neam\u0163-i sz\u00ednh\u00e1zban j\u00e1tszott (1962\u201368). Mv.-i Nemzeti Sz\u00ednh\u00e1zh\u00e1z m\u0171v\u00e9sze hal\u00e1l\u00e1ig (1968\u20132007). T\u00f6bb mint 60 sz\u00ednpadi- \u00e9s 90 filmszerepet alak\u00edtott: Caragiale, Eugen Ionescu, Romulus Guga, Shakespesre, Eugen O\u2019Neil, Arthur Miller, Csehov, Dario Fo darabjaiban. 20 film f\u0151szerepl\u0151je volt. <strong>Kit\u00fcntet\u00e9sei:<\/strong> Premiul UCR; Serviciul credincios Nemzeti \u00c9rdemrend lovagi rangban (2003); Fibula de Suseni (2005); Kaliforni\u00e1ban, Palms Springsben a Nemzetk\u00f6zi Filmfestiv\u00e1lon: A kritika \u00e9s A legjobb sz\u00edn\u00e9sz kit\u00fcntet\u00e9s (2005); a Kv.-on szervezett Nemzetk\u00f6zi Filmfesztiv\u00e1lon a Legjobb f\u00e9rfi alak\u00edt\u00e1s d\u00edja (2005); Arany Hatty\u00fa D\u00edjat kapott a koppenh\u00e1gai d\u00edjaz\u00e1son (2005); Mv.-en \u00c9letm\u0171d\u00edj a R\u00f6vidfilm fesztiv\u00e1l alkalm\u00e1b\u00f3l (2005); Maros megyei kiv\u00e1l\u00f3s\u00e1gi oklevelet \u00e9s kit\u00fcntet\u00e9st kapott (2005. dec. 1.). Mv. d\u00edszpolg\u00e1ra (2006); \u2013 <strong>F. sz.:<\/strong> D. R. Popescu: Ace\u015fti ingineri tri\u015fti [a buk.-i sz\u00ednh\u00e1zi fesztiv\u00e1lon partner\u00e9vel, Anca Neculce-Maximiliannal k\u00fcl\u00f6nd\u00edjat kaptak, 1969. dec. 23. ]; Un individ suspect; P\u0103durea \u00eempietrit\u0103; Regele mincino\u015filor; Procesul rebelilor de pe Caine; Piticul din gr\u0103dina de var\u0103; Coco\u015ful de tabl\u0103; Noaptea cabotinilor; A murit Tarelkin; Emigran\u0163ii; Florile unui geamba\u015f; Cioc\u00e2rlia; Livada de vi\u015fini; Svejk, Ra\u0163a s\u0103lbatic\u0103; \u00cembl\u00e2nzirea scorpiei; C\u00e2nt\u0103rea\u0163a cheal\u0103; Azilul de noapte; Conu Leonida; F. filmjei: Fructe de p\u0103dure (1983); Acorda\u0163i circumstan\u0163e atenuante (1984); Glissando (1985); Emisie continu\u0103 (1985); Din prea mult\u0103 dragoste (1985); Moartea lui Iacob (1987); Iacob (1988); Erou la 13 ani (1991); Undeva \u00een est (1991); Balan\u0163a (1992); Turnul din Pisa (1992); Timpul liber (1993); Cel mai iubit dintre p\u0103m\u00e2nteni (1993); Asfalt Tango (1995); Prea t\u00e2rziu (1996); Mariana (1998); Zapping (2000); Ajutoare umanitare (2002); Stele de iarn\u0103 (2002); Sindromul Timi\u015foara-Manipularea (2004); Moartea d-lui L\u0103z\u0103rescu (2005), Cannes-ban Un Certain Regard premiummal kit\u00fcntett film. \u2013 <strong>F. m.:<\/strong> Strugurii de furat \u00ees mai buni: nuvele (Tg. M., 2002.); Prigoan\u0103 \u00een g\u00e2nduri: poezii (Tg. M., 2003); La mul\u0163i ani, maestre: Teatru (Tg. M., 2010). \u2013 Irod: Arbore, Cosmina: I. F. (V. Z., 1975. m\u00e1rc. 22.); B\u0103ciu\u0163, Nicolae: [Interviuri; Necrolog]  =  Fiscuteanu, Ion. La mul\u0163i ani, maestre: Teatru (Tg. M., 2010); D\u00edszszemle \u00e9s kit\u00fcntet\u00e9sek Rom\u00e1nia nemzeti napj\u00e1n (N\u00fa., 2005. dec. 2.); Fodor Zeno 2012; G\u00e1sp\u00e1r Botond: Homm\u00e1ge \u00e1 Ion Fiscuteanu (K\u00f6zPont, 2007. dec. 17\u201320); Id\u0151t\u00e1r 4.; [Nekrol\u00f3g] (C. L., 12. dec. 2007.; N\u00fa., 2007. dec. 11.); Popescu, Cornel: I. F. (Fis\u0103 de cera\u0163ie) (C. L., 14. sept. 1999.); Todea 2013<\/br><\/p>\n","protected":false},"excerpt":{"rendered":"<p>Mez\u0151szentmih\u00e1ly, 1937. nov. 19, \u2020 Mv., 2007. dec. 8.: sz\u00ednm\u0171v\u00e9sz. \u2013 A buk.-i Sz\u00ednh\u00e1z- \u00e9s Filmm\u0171v\u00e9szeti Int\u00e9zetben v\u00e9gzett (1962). Az egyetem elv\u00e9gz\u00e9se ut\u00e1n a buk.-i \u00e9s a Piatra Neam\u0163-i sz\u00ednh\u00e1zban j\u00e1tszott (1962\u201368). Mv.-i Nemzeti Sz\u00ednh\u00e1zh\u00e1z m\u0171v\u00e9sze hal\u00e1l\u00e1ig (1968\u20132007). T\u00f6bb mint 60 sz\u00ednpadi- \u00e9s 90 filmszerepet alak\u00edtott: Caragiale, Eugen Ionescu, Romulus Guga, Shakespesre, Eugen O\u2019Neil, Arthur [&hellip;]<\/p>\n","protected":false},"featured_media":0,"comment_status":"open","ping_status":"closed","template":"","meta":[],"product_brand":[],"product_cat":[137],"product_tag":[],"class_list":{"0":"post-8103","1":"product","2":"type-product","3":"status-publish","5":"product_cat-maros-megyei-eletrajzi-lexikon","7":"first","8":"instock","9":"shipping-taxable","10":"product-type-simple"},"_links":{"self":[{"href":"https:\/\/uj.adatbank.ro\/lexikon\/wp-json\/wp\/v2\/product\/8103","targetHints":{"allow":["GET"]}}],"collection":[{"href":"https:\/\/uj.adatbank.ro\/lexikon\/wp-json\/wp\/v2\/product"}],"about":[{"href":"https:\/\/uj.adatbank.ro\/lexikon\/wp-json\/wp\/v2\/types\/product"}],"replies":[{"embeddable":true,"href":"https:\/\/uj.adatbank.ro\/lexikon\/wp-json\/wp\/v2\/comments?post=8103"}],"wp:attachment":[{"href":"https:\/\/uj.adatbank.ro\/lexikon\/wp-json\/wp\/v2\/media?parent=8103"}],"wp:term":[{"taxonomy":"product_brand","embeddable":true,"href":"https:\/\/uj.adatbank.ro\/lexikon\/wp-json\/wp\/v2\/product_brand?post=8103"},{"taxonomy":"product_cat","embeddable":true,"href":"https:\/\/uj.adatbank.ro\/lexikon\/wp-json\/wp\/v2\/product_cat?post=8103"},{"taxonomy":"product_tag","embeddable":true,"href":"https:\/\/uj.adatbank.ro\/lexikon\/wp-json\/wp\/v2\/product_tag?post=8103"}],"curies":[{"name":"wp","href":"https:\/\/api.w.org\/{rel}","templated":true}]}}