{"id":8105,"date":"2025-06-29T10:14:35","date_gmt":"2025-06-29T08:14:35","guid":{"rendered":"https:\/\/uj.adatbank.ro\/lexikon\/termek\/flagner-eszter\/"},"modified":"2025-06-29T10:14:35","modified_gmt":"2025-06-29T08:14:35","slug":"flagner-eszter","status":"publish","type":"product","link":"https:\/\/uj.adatbank.ro\/lexikon\/termek\/flagner-eszter\/","title":{"rendered":"FLAGNER Eszter"},"content":{"rendered":"<p>? \u2020\u00a0? : f\u00f6ldbirtokos. \u2013 Csat\u00f3falv\u00e1n a birtokaib\u00f3l a f\u00f6ldoszt\u00e1skor (1921) kisaj\u00e1t\u00edtottak 1 hold 400 n\u00f6. -t. <br \/><strong>Irod.:<\/strong> Prozan<\/br><\/p>\n","protected":false},"excerpt":{"rendered":"<p>? \u2020\u00a0? : f\u00f6ldbirtokos. \u2013 Csat\u00f3falv\u00e1n a birtokaib\u00f3l a f\u00f6ldoszt\u00e1skor (1921) kisaj\u00e1t\u00edtottak 1 hold 400 n\u00f6. -t. Irod.: Prozan<\/p>\n","protected":false},"featured_media":0,"comment_status":"open","ping_status":"closed","template":"","meta":[],"product_brand":[],"product_cat":[137],"product_tag":[],"class_list":{"0":"post-8105","1":"product","2":"type-product","3":"status-publish","5":"product_cat-maros-megyei-eletrajzi-lexikon","7":"first","8":"instock","9":"shipping-taxable","10":"product-type-simple"},"_links":{"self":[{"href":"https:\/\/uj.adatbank.ro\/lexikon\/wp-json\/wp\/v2\/product\/8105","targetHints":{"allow":["GET"]}}],"collection":[{"href":"https:\/\/uj.adatbank.ro\/lexikon\/wp-json\/wp\/v2\/product"}],"about":[{"href":"https:\/\/uj.adatbank.ro\/lexikon\/wp-json\/wp\/v2\/types\/product"}],"replies":[{"embeddable":true,"href":"https:\/\/uj.adatbank.ro\/lexikon\/wp-json\/wp\/v2\/comments?post=8105"}],"wp:attachment":[{"href":"https:\/\/uj.adatbank.ro\/lexikon\/wp-json\/wp\/v2\/media?parent=8105"}],"wp:term":[{"taxonomy":"product_brand","embeddable":true,"href":"https:\/\/uj.adatbank.ro\/lexikon\/wp-json\/wp\/v2\/product_brand?post=8105"},{"taxonomy":"product_cat","embeddable":true,"href":"https:\/\/uj.adatbank.ro\/lexikon\/wp-json\/wp\/v2\/product_cat?post=8105"},{"taxonomy":"product_tag","embeddable":true,"href":"https:\/\/uj.adatbank.ro\/lexikon\/wp-json\/wp\/v2\/product_tag?post=8105"}],"curies":[{"name":"wp","href":"https:\/\/api.w.org\/{rel}","templated":true}]}}