{"id":8106,"date":"2025-06-29T10:14:37","date_gmt":"2025-06-29T08:14:37","guid":{"rendered":"https:\/\/uj.adatbank.ro\/lexikon\/termek\/fleicher-karoly\/"},"modified":"2025-06-29T10:14:37","modified_gmt":"2025-06-29T08:14:37","slug":"fleicher-karoly","status":"publish","type":"product","link":"https:\/\/uj.adatbank.ro\/lexikon\/termek\/fleicher-karoly\/","title":{"rendered":"FLEICHER K\u00e1roly"},"content":{"rendered":"<p>Dedr\u00e1d, 1887., \u2020\u00a0? : jegyz\u0151. \u2013 K\u00f6z\u00e9piskol\u00e1it Mv.-en, a jegyz\u0151i tanfolyamot Kv.-on v\u00e9gezte. A k\u00f6zigazgat\u00e1si p\u00e1ly\u00e1n egy \u00e9vi m\u0171k\u00f6d\u00e9s ut\u00e1n Dedr\u00e1dra ker\u00fclt, ahol nyugalomba vonul\u00e1s\u00e1ig (1936) mint jegyz\u0151 dolgozott. Ut\u00e1na kereskedelmi p\u00e1ly\u00e1ra l\u00e9pett \u00e9s a k\u00f6zs\u00e9g legnagyobb nagykeresked\u00e9s\u00e9nek tulajdonosa lett. R\u00e9szt vett az els\u0151 vh.-ban a szerb, olasz fronton harcolt s mint f\u0151hadnagy a bajor kereszt, Sig. Laud. Kit\u00fcntet\u00e9sekkel szerelt le. <br \/><strong>Irod.:<\/strong> Sz\u00e9kelyf\u00f6ld \u00ed. k<\/br><\/p>\n","protected":false},"excerpt":{"rendered":"<p>Dedr\u00e1d, 1887., \u2020\u00a0? : jegyz\u0151. \u2013 K\u00f6z\u00e9piskol\u00e1it Mv.-en, a jegyz\u0151i tanfolyamot Kv.-on v\u00e9gezte. A k\u00f6zigazgat\u00e1si p\u00e1ly\u00e1n egy \u00e9vi m\u0171k\u00f6d\u00e9s ut\u00e1n Dedr\u00e1dra ker\u00fclt, ahol nyugalomba vonul\u00e1s\u00e1ig (1936) mint jegyz\u0151 dolgozott. Ut\u00e1na kereskedelmi p\u00e1ly\u00e1ra l\u00e9pett \u00e9s a k\u00f6zs\u00e9g legnagyobb nagykeresked\u00e9s\u00e9nek tulajdonosa lett. R\u00e9szt vett az els\u0151 vh.-ban a szerb, olasz fronton harcolt s mint f\u0151hadnagy a bajor [&hellip;]<\/p>\n","protected":false},"featured_media":0,"comment_status":"open","ping_status":"closed","template":"","meta":[],"product_brand":[],"product_cat":[137],"product_tag":[],"class_list":{"0":"post-8106","1":"product","2":"type-product","3":"status-publish","5":"product_cat-maros-megyei-eletrajzi-lexikon","7":"first","8":"instock","9":"shipping-taxable","10":"product-type-simple"},"_links":{"self":[{"href":"https:\/\/uj.adatbank.ro\/lexikon\/wp-json\/wp\/v2\/product\/8106","targetHints":{"allow":["GET"]}}],"collection":[{"href":"https:\/\/uj.adatbank.ro\/lexikon\/wp-json\/wp\/v2\/product"}],"about":[{"href":"https:\/\/uj.adatbank.ro\/lexikon\/wp-json\/wp\/v2\/types\/product"}],"replies":[{"embeddable":true,"href":"https:\/\/uj.adatbank.ro\/lexikon\/wp-json\/wp\/v2\/comments?post=8106"}],"wp:attachment":[{"href":"https:\/\/uj.adatbank.ro\/lexikon\/wp-json\/wp\/v2\/media?parent=8106"}],"wp:term":[{"taxonomy":"product_brand","embeddable":true,"href":"https:\/\/uj.adatbank.ro\/lexikon\/wp-json\/wp\/v2\/product_brand?post=8106"},{"taxonomy":"product_cat","embeddable":true,"href":"https:\/\/uj.adatbank.ro\/lexikon\/wp-json\/wp\/v2\/product_cat?post=8106"},{"taxonomy":"product_tag","embeddable":true,"href":"https:\/\/uj.adatbank.ro\/lexikon\/wp-json\/wp\/v2\/product_tag?post=8106"}],"curies":[{"name":"wp","href":"https:\/\/api.w.org\/{rel}","templated":true}]}}