{"id":8107,"date":"2025-06-29T10:14:38","date_gmt":"2025-06-29T08:14:38","guid":{"rendered":"https:\/\/uj.adatbank.ro\/lexikon\/termek\/fleischer-gusztav\/"},"modified":"2025-06-29T10:14:38","modified_gmt":"2025-06-29T08:14:38","slug":"fleischer-gusztav","status":"publish","type":"product","link":"https:\/\/uj.adatbank.ro\/lexikon\/termek\/fleischer-gusztav\/","title":{"rendered":"FLEISCHER Guszt\u00e1v"},"content":{"rendered":"<p>L\u00f6bau, 1865. m\u00e1j. 15., \u2020 Segesv\u00e1r, 1927. szept. 3.: zenetan\u00e1r, karmester, orgonista, zeneszerz\u0151. \u2013 Zenei tanulm\u00e1nyokat Drezd\u00e1ban folytatott. Lipcs\u00e9ben a v\u00e1rosi sz\u00ednh\u00e1zban volt sz\u00f3l\u00f3korrepetitor \u00e9s heged\u00fcs. Medgyesen a zeneegylet karmestere (1889\u2013), majd a segesv\u00e1ri f\u00e9rfik\u00f3rus (1892\u20131909), a zeneegylet karmestere (1917\u201321). Zenetan\u00e1r Segesv\u00e1ron a gimn.-ban \u00e9s a tan\u00edt\u00f3k\u00e9pz\u0151ben (1900\u2013) \u00e9s v\u00e1rosi k\u00e1ntor, orgonista. K\u00f3rusm\u0171veket, dalokat \u00edrt, amelyeket Segesv\u00e1ron adtak el\u0151. \u2013 <strong>F. m.:<\/strong> Methodik d. Gesangunterrichtes i. d. Volksschule (Segesv\u00e1r, 1913). <br \/><strong>Irod.:<\/strong> Guly\u00e1s; LSS<\/br><\/p>\n","protected":false},"excerpt":{"rendered":"<p>L\u00f6bau, 1865. m\u00e1j. 15., \u2020 Segesv\u00e1r, 1927. szept. 3.: zenetan\u00e1r, karmester, orgonista, zeneszerz\u0151. \u2013 Zenei tanulm\u00e1nyokat Drezd\u00e1ban folytatott. Lipcs\u00e9ben a v\u00e1rosi sz\u00ednh\u00e1zban volt sz\u00f3l\u00f3korrepetitor \u00e9s heged\u00fcs. Medgyesen a zeneegylet karmestere (1889\u2013), majd a segesv\u00e1ri f\u00e9rfik\u00f3rus (1892\u20131909), a zeneegylet karmestere (1917\u201321). Zenetan\u00e1r Segesv\u00e1ron a gimn.-ban \u00e9s a tan\u00edt\u00f3k\u00e9pz\u0151ben (1900\u2013) \u00e9s v\u00e1rosi k\u00e1ntor, orgonista. K\u00f3rusm\u0171veket, dalokat \u00edrt, [&hellip;]<\/p>\n","protected":false},"featured_media":0,"comment_status":"open","ping_status":"closed","template":"","meta":[],"product_brand":[],"product_cat":[137],"product_tag":[],"class_list":{"0":"post-8107","1":"product","2":"type-product","3":"status-publish","5":"product_cat-maros-megyei-eletrajzi-lexikon","7":"first","8":"instock","9":"shipping-taxable","10":"product-type-simple"},"_links":{"self":[{"href":"https:\/\/uj.adatbank.ro\/lexikon\/wp-json\/wp\/v2\/product\/8107","targetHints":{"allow":["GET"]}}],"collection":[{"href":"https:\/\/uj.adatbank.ro\/lexikon\/wp-json\/wp\/v2\/product"}],"about":[{"href":"https:\/\/uj.adatbank.ro\/lexikon\/wp-json\/wp\/v2\/types\/product"}],"replies":[{"embeddable":true,"href":"https:\/\/uj.adatbank.ro\/lexikon\/wp-json\/wp\/v2\/comments?post=8107"}],"wp:attachment":[{"href":"https:\/\/uj.adatbank.ro\/lexikon\/wp-json\/wp\/v2\/media?parent=8107"}],"wp:term":[{"taxonomy":"product_brand","embeddable":true,"href":"https:\/\/uj.adatbank.ro\/lexikon\/wp-json\/wp\/v2\/product_brand?post=8107"},{"taxonomy":"product_cat","embeddable":true,"href":"https:\/\/uj.adatbank.ro\/lexikon\/wp-json\/wp\/v2\/product_cat?post=8107"},{"taxonomy":"product_tag","embeddable":true,"href":"https:\/\/uj.adatbank.ro\/lexikon\/wp-json\/wp\/v2\/product_tag?post=8107"}],"curies":[{"name":"wp","href":"https:\/\/api.w.org\/{rel}","templated":true}]}}