{"id":8108,"date":"2025-06-29T10:14:41","date_gmt":"2025-06-29T08:14:41","guid":{"rendered":"https:\/\/uj.adatbank.ro\/lexikon\/termek\/fleischmann-armin-%c2%a7\/"},"modified":"2025-06-29T10:14:41","modified_gmt":"2025-06-29T08:14:41","slug":"fleischmann-armin-%c2%a7","status":"publish","type":"product","link":"https:\/\/uj.adatbank.ro\/lexikon\/termek\/fleischmann-armin-%c2%a7\/","title":{"rendered":"FLEISCHMANN \u00c1rmin, \u00a7"},"content":{"rendered":"<p>? \u2020 ? : keresked\u0151. \u2013 Mv.-en keresked\u0151. R\u00e9szt vett az I. vh-ban (1915. m\u00e1rc. \u2013 1918. nov.), szakaszvezet\u0151 a pozsonyi kereskedelmi parancsnoks\u00e1gon. <br \/><strong>Irod.:<\/strong> M. hadviselt zsid\u00f3k<\/br><\/p>\n","protected":false},"excerpt":{"rendered":"<p>? \u2020 ? : keresked\u0151. \u2013 Mv.-en keresked\u0151. R\u00e9szt vett az I. vh-ban (1915. m\u00e1rc. \u2013 1918. nov.), szakaszvezet\u0151 a pozsonyi kereskedelmi parancsnoks\u00e1gon. Irod.: M. hadviselt zsid\u00f3k<\/p>\n","protected":false},"featured_media":0,"comment_status":"open","ping_status":"closed","template":"","meta":[],"product_brand":[],"product_cat":[137],"product_tag":[],"class_list":{"0":"post-8108","1":"product","2":"type-product","3":"status-publish","5":"product_cat-maros-megyei-eletrajzi-lexikon","7":"first","8":"instock","9":"shipping-taxable","10":"product-type-simple"},"_links":{"self":[{"href":"https:\/\/uj.adatbank.ro\/lexikon\/wp-json\/wp\/v2\/product\/8108","targetHints":{"allow":["GET"]}}],"collection":[{"href":"https:\/\/uj.adatbank.ro\/lexikon\/wp-json\/wp\/v2\/product"}],"about":[{"href":"https:\/\/uj.adatbank.ro\/lexikon\/wp-json\/wp\/v2\/types\/product"}],"replies":[{"embeddable":true,"href":"https:\/\/uj.adatbank.ro\/lexikon\/wp-json\/wp\/v2\/comments?post=8108"}],"wp:attachment":[{"href":"https:\/\/uj.adatbank.ro\/lexikon\/wp-json\/wp\/v2\/media?parent=8108"}],"wp:term":[{"taxonomy":"product_brand","embeddable":true,"href":"https:\/\/uj.adatbank.ro\/lexikon\/wp-json\/wp\/v2\/product_brand?post=8108"},{"taxonomy":"product_cat","embeddable":true,"href":"https:\/\/uj.adatbank.ro\/lexikon\/wp-json\/wp\/v2\/product_cat?post=8108"},{"taxonomy":"product_tag","embeddable":true,"href":"https:\/\/uj.adatbank.ro\/lexikon\/wp-json\/wp\/v2\/product_tag?post=8108"}],"curies":[{"name":"wp","href":"https:\/\/api.w.org\/{rel}","templated":true}]}}