{"id":8112,"date":"2025-06-29T10:14:55","date_gmt":"2025-06-29T08:14:55","guid":{"rendered":"https:\/\/uj.adatbank.ro\/lexikon\/termek\/fleseriu-ion\/"},"modified":"2025-06-29T10:14:55","modified_gmt":"2025-06-29T08:14:55","slug":"fleseriu-ion","status":"publish","type":"product","link":"https:\/\/uj.adatbank.ro\/lexikon\/termek\/fleseriu-ion\/","title":{"rendered":"FLE\u015eERIU Ion"},"content":{"rendered":"<p>? \u2020 ? : tan\u00edt\u00f3. \u2013 Sz\u00e1szr\u00e9geni tan\u00edt\u00f3, n\u00e9pp\u00e1rti eln\u00f6k. Tagja a r\u00e9geni Rom\u00e1n Nemzeti Tan\u00e1cs k\u00f6zponti bizotts\u00e1g\u00e1nak Consiliul Na\u0163ional Central al Sfatului Na\u0163ional Rom\u00e2n (1918\u2013), amely k\u00f6zpontja volt az unionista mozgalomnak. A gyulafeh\u00e9rv\u00e1ri Nagygy\u0171l\u00e9sen Szentanna k\u00fcld\u00f6tte (1918. dec. 1.). Averescu-f\u00e9le n\u00e9pp\u00e1rt titk\u00e1ra (1920\u201321). <br \/><strong>Irod.:<\/strong> Bosoanc\u0103; Id\u0151t\u00e1r 3<\/br><\/p>\n","protected":false},"excerpt":{"rendered":"<p>? \u2020 ? : tan\u00edt\u00f3. \u2013 Sz\u00e1szr\u00e9geni tan\u00edt\u00f3, n\u00e9pp\u00e1rti eln\u00f6k. Tagja a r\u00e9geni Rom\u00e1n Nemzeti Tan\u00e1cs k\u00f6zponti bizotts\u00e1g\u00e1nak Consiliul Na\u0163ional Central al Sfatului Na\u0163ional Rom\u00e2n (1918\u2013), amely k\u00f6zpontja volt az unionista mozgalomnak. A gyulafeh\u00e9rv\u00e1ri Nagygy\u0171l\u00e9sen Szentanna k\u00fcld\u00f6tte (1918. dec. 1.). Averescu-f\u00e9le n\u00e9pp\u00e1rt titk\u00e1ra (1920\u201321). Irod.: Bosoanc\u0103; Id\u0151t\u00e1r 3<\/p>\n","protected":false},"featured_media":0,"comment_status":"open","ping_status":"closed","template":"","meta":[],"product_brand":[],"product_cat":[137],"product_tag":[],"class_list":{"0":"post-8112","1":"product","2":"type-product","3":"status-publish","5":"product_cat-maros-megyei-eletrajzi-lexikon","7":"first","8":"instock","9":"shipping-taxable","10":"product-type-simple"},"_links":{"self":[{"href":"https:\/\/uj.adatbank.ro\/lexikon\/wp-json\/wp\/v2\/product\/8112","targetHints":{"allow":["GET"]}}],"collection":[{"href":"https:\/\/uj.adatbank.ro\/lexikon\/wp-json\/wp\/v2\/product"}],"about":[{"href":"https:\/\/uj.adatbank.ro\/lexikon\/wp-json\/wp\/v2\/types\/product"}],"replies":[{"embeddable":true,"href":"https:\/\/uj.adatbank.ro\/lexikon\/wp-json\/wp\/v2\/comments?post=8112"}],"wp:attachment":[{"href":"https:\/\/uj.adatbank.ro\/lexikon\/wp-json\/wp\/v2\/media?parent=8112"}],"wp:term":[{"taxonomy":"product_brand","embeddable":true,"href":"https:\/\/uj.adatbank.ro\/lexikon\/wp-json\/wp\/v2\/product_brand?post=8112"},{"taxonomy":"product_cat","embeddable":true,"href":"https:\/\/uj.adatbank.ro\/lexikon\/wp-json\/wp\/v2\/product_cat?post=8112"},{"taxonomy":"product_tag","embeddable":true,"href":"https:\/\/uj.adatbank.ro\/lexikon\/wp-json\/wp\/v2\/product_tag?post=8112"}],"curies":[{"name":"wp","href":"https:\/\/api.w.org\/{rel}","templated":true}]}}