{"id":8114,"date":"2025-06-29T10:15:00","date_gmt":"2025-06-29T08:15:00","guid":{"rendered":"https:\/\/uj.adatbank.ro\/lexikon\/termek\/floca-acileni-nae\/"},"modified":"2025-06-29T10:15:00","modified_gmt":"2025-06-29T08:15:00","slug":"floca-acileni-nae","status":"publish","type":"product","link":"https:\/\/uj.adatbank.ro\/lexikon\/termek\/floca-acileni-nae\/","title":{"rendered":"FLOCA-ACILENI Nae"},"content":{"rendered":"<p>? \u2020 ? : sz\u00edn\u00e9sz. \u2013 A mv-i. \u00c1llami Sz\u00ednh\u00e1zban, a rom\u00e1n tagozat alap\u00edt\u00f3 tagja volt (1962\u20131970). \u2013 F. sz. : Veniamin Roznovanu (Dorel Dorian: Dac\u0103 vei fi \u00eentrebat); Ceasovnikov (Al. Stein: Oceanul); Domnul Bogoiu (Mihail Sebastian: Jocul de-a vacan\u0163a); Ianke (Victor Ion Popa: Take, Ianke \u015fi Cad\u00e2r); Profesorul (Titus Popovici: Passacaglia); Ion Sorcov\u0103 (G. Mihail-Zamfirescu: Domni\u015foara Nastasia); Comisarul (Robert Thomas: Capcan\u0103 pentru un om singur); Pandolfo (C. Goldoni: C\u0103s\u0103torie prin concurs); Ing. Cocia\u015fu (Aurel Storin: Cucine m\u0103 bat); Gherman (Pe 40 m. lungime de und\u0103); Subdirectorul (Camil Petrescu: Mitic\u0103 Popescu); Victor (Simion Macovei: Scaunul f\u0103r\u0103 picioare); Fra Timoteo (N. Machiavelli: M\u0103tr\u0103guna); Fodor (Maria F\u00f6ldes- Gelu P\u0103teanu: Accidentul); Cine poate, r\u00e2de! Coana Chiria (V. Alecsandri: S\u00e2nziana \u015fi Pepelea); Landernau (Georges Feydeau: Cu ochii lega\u0163i); George Dandin (Moliere: George Dandin sau so\u0163ul p\u0103c\u0103lit); Conu Grigore (Victor Ion Poa: Mu\u015fcata din fereastr\u0103), Primarul (John Arden: Dansul sergentului Musgrave); Puntila (B. Brecht: Domnul Puntila \u015fi sluga sa Matti); Milisav (Br. Nu\u015fici: Un individ suspect). <br \/><strong>Irod.:<\/strong> Fodor Zeno<\/br><\/p>\n","protected":false},"excerpt":{"rendered":"<p>? \u2020 ? : sz\u00edn\u00e9sz. \u2013 A mv-i. \u00c1llami Sz\u00ednh\u00e1zban, a rom\u00e1n tagozat alap\u00edt\u00f3 tagja volt (1962\u20131970). \u2013 F. sz. : Veniamin Roznovanu (Dorel Dorian: Dac\u0103 vei fi \u00eentrebat); Ceasovnikov (Al. Stein: Oceanul); Domnul Bogoiu (Mihail Sebastian: Jocul de-a vacan\u0163a); Ianke (Victor Ion Popa: Take, Ianke \u015fi Cad\u00e2r); Profesorul (Titus Popovici: Passacaglia); Ion Sorcov\u0103 (G. [&hellip;]<\/p>\n","protected":false},"featured_media":0,"comment_status":"open","ping_status":"closed","template":"","meta":[],"product_brand":[],"product_cat":[137],"product_tag":[],"class_list":{"0":"post-8114","1":"product","2":"type-product","3":"status-publish","5":"product_cat-maros-megyei-eletrajzi-lexikon","7":"first","8":"instock","9":"shipping-taxable","10":"product-type-simple"},"_links":{"self":[{"href":"https:\/\/uj.adatbank.ro\/lexikon\/wp-json\/wp\/v2\/product\/8114","targetHints":{"allow":["GET"]}}],"collection":[{"href":"https:\/\/uj.adatbank.ro\/lexikon\/wp-json\/wp\/v2\/product"}],"about":[{"href":"https:\/\/uj.adatbank.ro\/lexikon\/wp-json\/wp\/v2\/types\/product"}],"replies":[{"embeddable":true,"href":"https:\/\/uj.adatbank.ro\/lexikon\/wp-json\/wp\/v2\/comments?post=8114"}],"wp:attachment":[{"href":"https:\/\/uj.adatbank.ro\/lexikon\/wp-json\/wp\/v2\/media?parent=8114"}],"wp:term":[{"taxonomy":"product_brand","embeddable":true,"href":"https:\/\/uj.adatbank.ro\/lexikon\/wp-json\/wp\/v2\/product_brand?post=8114"},{"taxonomy":"product_cat","embeddable":true,"href":"https:\/\/uj.adatbank.ro\/lexikon\/wp-json\/wp\/v2\/product_cat?post=8114"},{"taxonomy":"product_tag","embeddable":true,"href":"https:\/\/uj.adatbank.ro\/lexikon\/wp-json\/wp\/v2\/product_tag?post=8114"}],"curies":[{"name":"wp","href":"https:\/\/api.w.org\/{rel}","templated":true}]}}