{"id":8115,"date":"2025-06-29T10:15:02","date_gmt":"2025-06-29T08:15:02","guid":{"rendered":"https:\/\/uj.adatbank.ro\/lexikon\/termek\/flora-gavril-flora-gabriel-flora-gabor\/"},"modified":"2025-06-29T10:15:02","modified_gmt":"2025-06-29T08:15:02","slug":"flora-gavril-flora-gabriel-flora-gabor","status":"publish","type":"product","link":"https:\/\/uj.adatbank.ro\/lexikon\/termek\/flora-gavril-flora-gabriel-flora-gabor\/","title":{"rendered":"FL\u00d3RA Gavril, Flora Gabriel, Fl\u00f3ra G\u00e1bor"},"content":{"rendered":"<p>? \u2020 ? : g\u00f6r. kat. pap. \u2013 Ioan Bob p\u00fcsp\u00f6k Erd\u0151szak\u00e1lba helyezte szolg\u00e1lni (1830. dec. 5. \u2013). &#8211;<br \/><strong>Irod.:<\/strong> Dobozi<\/br><\/p>\n","protected":false},"excerpt":{"rendered":"<p>? \u2020 ? : g\u00f6r. kat. pap. \u2013 Ioan Bob p\u00fcsp\u00f6k Erd\u0151szak\u00e1lba helyezte szolg\u00e1lni (1830. dec. 5. \u2013). &#8211;Irod.: Dobozi<\/p>\n","protected":false},"featured_media":0,"comment_status":"open","ping_status":"closed","template":"","meta":[],"product_brand":[],"product_cat":[137],"product_tag":[],"class_list":{"0":"post-8115","1":"product","2":"type-product","3":"status-publish","5":"product_cat-maros-megyei-eletrajzi-lexikon","7":"first","8":"instock","9":"shipping-taxable","10":"product-type-simple"},"_links":{"self":[{"href":"https:\/\/uj.adatbank.ro\/lexikon\/wp-json\/wp\/v2\/product\/8115","targetHints":{"allow":["GET"]}}],"collection":[{"href":"https:\/\/uj.adatbank.ro\/lexikon\/wp-json\/wp\/v2\/product"}],"about":[{"href":"https:\/\/uj.adatbank.ro\/lexikon\/wp-json\/wp\/v2\/types\/product"}],"replies":[{"embeddable":true,"href":"https:\/\/uj.adatbank.ro\/lexikon\/wp-json\/wp\/v2\/comments?post=8115"}],"wp:attachment":[{"href":"https:\/\/uj.adatbank.ro\/lexikon\/wp-json\/wp\/v2\/media?parent=8115"}],"wp:term":[{"taxonomy":"product_brand","embeddable":true,"href":"https:\/\/uj.adatbank.ro\/lexikon\/wp-json\/wp\/v2\/product_brand?post=8115"},{"taxonomy":"product_cat","embeddable":true,"href":"https:\/\/uj.adatbank.ro\/lexikon\/wp-json\/wp\/v2\/product_cat?post=8115"},{"taxonomy":"product_tag","embeddable":true,"href":"https:\/\/uj.adatbank.ro\/lexikon\/wp-json\/wp\/v2\/product_tag?post=8115"}],"curies":[{"name":"wp","href":"https:\/\/api.w.org\/{rel}","templated":true}]}}