{"id":8116,"date":"2025-06-29T10:15:03","date_gmt":"2025-06-29T08:15:03","guid":{"rendered":"https:\/\/uj.adatbank.ro\/lexikon\/termek\/flore-liviu\/"},"modified":"2025-06-29T10:15:03","modified_gmt":"2025-06-29T08:15:03","slug":"flore-liviu","status":"publish","type":"product","link":"https:\/\/uj.adatbank.ro\/lexikon\/termek\/flore-liviu\/","title":{"rendered":"FLORE Liviu"},"content":{"rendered":"<p>Oroszborg\u00f3, 1914., \u2020 Als\u00f3k\u00f6h\u00e9r, 1944. szept. 23.: alhadnagy, tan\u00edt\u00f3. \u2013 Nasz\u00f3don v\u00e9gzett pedag\u00f3giai k\u00f6z\u00e9piskol\u00e1t, majd Buk.-ben k\u00e9t \u00e9vet fels\u0151fok\u00fa zenei tanulm\u00e1nyokat. Beh\u00edvt\u00e1k katon\u00e1nak (1937), Bak\u00f3ban tiszti iskol\u00e1ba, innen Szatm\u00e1rra ker\u00fclt (1939). A B\u00e9csi dikt\u00e1tumkor Rom\u00e1ni\u00e1ba menek\u00fclt \u00e9s Feh\u00e9regyh\u00e1z\u00e1n v\u00e1llalt tan\u00edt\u00f3i \u00e1ll\u00e1st. Beh\u00edvt\u00e1k a hadseregbe (1941), r\u00e9szt vett a keleti hadj\u00e1ratban, eljutott Odessz\u00e1ig, r\u00e9szt vett az Erd\u00e9ly felszabad\u00edt\u00e1s\u00e1\u00e9rt vivott harcokban (1944 \u0151sz\u00e9n), elfoglalt\u00e1k az Als\u00f3oroszi \u00e9s Als\u00f3k\u00f6h\u00e9r k\u00f6z\u00f6tti ter\u00fcleteket, a Petele \u00e9s Sz\u00e1szr\u00e9gen k\u00f6z\u00f6tti ter\u00fcletek\u00e9rt folytatott harcokban vesztette \u00e9let\u00e9t. <br \/><strong>Irod.:<\/strong> Grigore Ploe\u015fteanu: Sublocotenentul (r) L. F. (Gazeta Reghinului, nr. 7., 1990)<\/br><\/p>\n","protected":false},"excerpt":{"rendered":"<p>Oroszborg\u00f3, 1914., \u2020 Als\u00f3k\u00f6h\u00e9r, 1944. szept. 23.: alhadnagy, tan\u00edt\u00f3. \u2013 Nasz\u00f3don v\u00e9gzett pedag\u00f3giai k\u00f6z\u00e9piskol\u00e1t, majd Buk.-ben k\u00e9t \u00e9vet fels\u0151fok\u00fa zenei tanulm\u00e1nyokat. Beh\u00edvt\u00e1k katon\u00e1nak (1937), Bak\u00f3ban tiszti iskol\u00e1ba, innen Szatm\u00e1rra ker\u00fclt (1939). A B\u00e9csi dikt\u00e1tumkor Rom\u00e1ni\u00e1ba menek\u00fclt \u00e9s Feh\u00e9regyh\u00e1z\u00e1n v\u00e1llalt tan\u00edt\u00f3i \u00e1ll\u00e1st. Beh\u00edvt\u00e1k a hadseregbe (1941), r\u00e9szt vett a keleti hadj\u00e1ratban, eljutott Odessz\u00e1ig, r\u00e9szt vett az [&hellip;]<\/p>\n","protected":false},"featured_media":0,"comment_status":"open","ping_status":"closed","template":"","meta":[],"product_brand":[],"product_cat":[137],"product_tag":[],"class_list":{"0":"post-8116","1":"product","2":"type-product","3":"status-publish","5":"product_cat-maros-megyei-eletrajzi-lexikon","7":"first","8":"instock","9":"shipping-taxable","10":"product-type-simple"},"_links":{"self":[{"href":"https:\/\/uj.adatbank.ro\/lexikon\/wp-json\/wp\/v2\/product\/8116","targetHints":{"allow":["GET"]}}],"collection":[{"href":"https:\/\/uj.adatbank.ro\/lexikon\/wp-json\/wp\/v2\/product"}],"about":[{"href":"https:\/\/uj.adatbank.ro\/lexikon\/wp-json\/wp\/v2\/types\/product"}],"replies":[{"embeddable":true,"href":"https:\/\/uj.adatbank.ro\/lexikon\/wp-json\/wp\/v2\/comments?post=8116"}],"wp:attachment":[{"href":"https:\/\/uj.adatbank.ro\/lexikon\/wp-json\/wp\/v2\/media?parent=8116"}],"wp:term":[{"taxonomy":"product_brand","embeddable":true,"href":"https:\/\/uj.adatbank.ro\/lexikon\/wp-json\/wp\/v2\/product_brand?post=8116"},{"taxonomy":"product_cat","embeddable":true,"href":"https:\/\/uj.adatbank.ro\/lexikon\/wp-json\/wp\/v2\/product_cat?post=8116"},{"taxonomy":"product_tag","embeddable":true,"href":"https:\/\/uj.adatbank.ro\/lexikon\/wp-json\/wp\/v2\/product_tag?post=8116"}],"curies":[{"name":"wp","href":"https:\/\/api.w.org\/{rel}","templated":true}]}}