{"id":8117,"date":"2025-06-29T10:15:05","date_gmt":"2025-06-29T08:15:05","guid":{"rendered":"https:\/\/uj.adatbank.ro\/lexikon\/termek\/florea-alexandru\/"},"modified":"2025-06-29T10:15:05","modified_gmt":"2025-06-29T08:15:05","slug":"florea-alexandru","status":"publish","type":"product","link":"https:\/\/uj.adatbank.ro\/lexikon\/termek\/florea-alexandru\/","title":{"rendered":"FLOREA Alexandru"},"content":{"rendered":"<p>Maroskerszt\u00far, 1882 \u2020 ?: malomtulajdonos. \u2013 A maroskereszt\u00fari hat alkalmazottat foglalkoztat\u00f3 malom tulajdonosa (1914-ben l\u00e9tes\u00edtett\u00e9k). Az \u00e1llamos\u00edt\u00e1skor a malom a Maroskereszt\u00far K\u00f6zs\u00e9gh\u00e1za birtok\u00e1ba ker\u00fclt, \u00e9s \u00e9l\u00e9re Asztalos S\u00e1muel, 40 \u00e9ves f\u00f6ldm\u0171vest nevezt\u00e9k ki, aki tagja volt a RMP-nak (1948. j\u00fan. 18). K\u00e9s\u0151bb a malmot a mv.-i Interna\u0163ionala V\u00e1llalathoz csatolt\u00e1k (1950. j\u00fal. 1.). <br \/><strong>Irod.:<\/strong> Bartos Zolt\u00e1n<\/br><\/p>\n","protected":false},"excerpt":{"rendered":"<p>Maroskerszt\u00far, 1882 \u2020 ?: malomtulajdonos. \u2013 A maroskereszt\u00fari hat alkalmazottat foglalkoztat\u00f3 malom tulajdonosa (1914-ben l\u00e9tes\u00edtett\u00e9k). Az \u00e1llamos\u00edt\u00e1skor a malom a Maroskereszt\u00far K\u00f6zs\u00e9gh\u00e1za birtok\u00e1ba ker\u00fclt, \u00e9s \u00e9l\u00e9re Asztalos S\u00e1muel, 40 \u00e9ves f\u00f6ldm\u0171vest nevezt\u00e9k ki, aki tagja volt a RMP-nak (1948. j\u00fan. 18). K\u00e9s\u0151bb a malmot a mv.-i Interna\u0163ionala V\u00e1llalathoz csatolt\u00e1k (1950. j\u00fal. 1.). Irod.: Bartos Zolt\u00e1n<\/p>\n","protected":false},"featured_media":0,"comment_status":"open","ping_status":"closed","template":"","meta":[],"product_brand":[],"product_cat":[137],"product_tag":[],"class_list":{"0":"post-8117","1":"product","2":"type-product","3":"status-publish","5":"product_cat-maros-megyei-eletrajzi-lexikon","7":"first","8":"instock","9":"shipping-taxable","10":"product-type-simple"},"_links":{"self":[{"href":"https:\/\/uj.adatbank.ro\/lexikon\/wp-json\/wp\/v2\/product\/8117","targetHints":{"allow":["GET"]}}],"collection":[{"href":"https:\/\/uj.adatbank.ro\/lexikon\/wp-json\/wp\/v2\/product"}],"about":[{"href":"https:\/\/uj.adatbank.ro\/lexikon\/wp-json\/wp\/v2\/types\/product"}],"replies":[{"embeddable":true,"href":"https:\/\/uj.adatbank.ro\/lexikon\/wp-json\/wp\/v2\/comments?post=8117"}],"wp:attachment":[{"href":"https:\/\/uj.adatbank.ro\/lexikon\/wp-json\/wp\/v2\/media?parent=8117"}],"wp:term":[{"taxonomy":"product_brand","embeddable":true,"href":"https:\/\/uj.adatbank.ro\/lexikon\/wp-json\/wp\/v2\/product_brand?post=8117"},{"taxonomy":"product_cat","embeddable":true,"href":"https:\/\/uj.adatbank.ro\/lexikon\/wp-json\/wp\/v2\/product_cat?post=8117"},{"taxonomy":"product_tag","embeddable":true,"href":"https:\/\/uj.adatbank.ro\/lexikon\/wp-json\/wp\/v2\/product_tag?post=8117"}],"curies":[{"name":"wp","href":"https:\/\/api.w.org\/{rel}","templated":true}]}}