{"id":8118,"date":"2025-06-29T10:15:06","date_gmt":"2025-06-29T08:15:06","guid":{"rendered":"https:\/\/uj.adatbank.ro\/lexikon\/termek\/florea-gheorghe\/"},"modified":"2025-06-29T10:15:06","modified_gmt":"2025-06-29T08:15:06","slug":"florea-gheorghe","status":"publish","type":"product","link":"https:\/\/uj.adatbank.ro\/lexikon\/termek\/florea-gheorghe\/","title":{"rendered":"FLOREA Gheorghe"},"content":{"rendered":"<p>D\u00e9dabisztratelep, 1928. jan. 22., \u2020 Mv., 1978. dec. 28.: rend\u0151r ezredes. \u2013 A Maros Megyei Rend\u0151rs\u00e9gen (1953\u201368) \u00e9s a megyei Securitateban (1968\u201378) tev\u00e9kenykedett. Rangjai: f\u0151hadnagy (1961\u2013), kapit\u00e1ny (1962\u2013), \u0151rnagy (1964\u2013), alezredes (1970\u2013), ezredes (1977\u2013). F\u0151n\u00f6ke volt a Bel\u00fcgyminiszt\u00e9rium 3. Maros Megyei Igazgat\u00f3s\u00e1g\u00e1nak (1961\u201367), f\u0151fel\u00fcgyel\u0151 helyettes (1968\u201372) \u00e9s a Securitate f\u0151fel\u00fcgyel\u0151 helyettese (1978). H\u0171s\u00e9ges tev\u00e9kenys\u00e9g\u00e9t t\u00f6bb kit\u00fcntet\u00e9ssel m\u00e9lt\u00e1nyolt\u00e1k. <br \/><strong>Irod.:<\/strong> Bartos 2012; Id\u0151t\u00e1r 4; [Nekrol\u00f3g] (St. r., 29. dec. 1978.)<\/br><\/p>\n","protected":false},"excerpt":{"rendered":"<p>D\u00e9dabisztratelep, 1928. jan. 22., \u2020 Mv., 1978. dec. 28.: rend\u0151r ezredes. \u2013 A Maros Megyei Rend\u0151rs\u00e9gen (1953\u201368) \u00e9s a megyei Securitateban (1968\u201378) tev\u00e9kenykedett. Rangjai: f\u0151hadnagy (1961\u2013), kapit\u00e1ny (1962\u2013), \u0151rnagy (1964\u2013), alezredes (1970\u2013), ezredes (1977\u2013). F\u0151n\u00f6ke volt a Bel\u00fcgyminiszt\u00e9rium 3. Maros Megyei Igazgat\u00f3s\u00e1g\u00e1nak (1961\u201367), f\u0151fel\u00fcgyel\u0151 helyettes (1968\u201372) \u00e9s a Securitate f\u0151fel\u00fcgyel\u0151 helyettese (1978). H\u0171s\u00e9ges tev\u00e9kenys\u00e9g\u00e9t t\u00f6bb [&hellip;]<\/p>\n","protected":false},"featured_media":0,"comment_status":"open","ping_status":"closed","template":"","meta":[],"product_brand":[],"product_cat":[137],"product_tag":[],"class_list":{"0":"post-8118","1":"product","2":"type-product","3":"status-publish","5":"product_cat-maros-megyei-eletrajzi-lexikon","7":"first","8":"instock","9":"shipping-taxable","10":"product-type-simple"},"_links":{"self":[{"href":"https:\/\/uj.adatbank.ro\/lexikon\/wp-json\/wp\/v2\/product\/8118","targetHints":{"allow":["GET"]}}],"collection":[{"href":"https:\/\/uj.adatbank.ro\/lexikon\/wp-json\/wp\/v2\/product"}],"about":[{"href":"https:\/\/uj.adatbank.ro\/lexikon\/wp-json\/wp\/v2\/types\/product"}],"replies":[{"embeddable":true,"href":"https:\/\/uj.adatbank.ro\/lexikon\/wp-json\/wp\/v2\/comments?post=8118"}],"wp:attachment":[{"href":"https:\/\/uj.adatbank.ro\/lexikon\/wp-json\/wp\/v2\/media?parent=8118"}],"wp:term":[{"taxonomy":"product_brand","embeddable":true,"href":"https:\/\/uj.adatbank.ro\/lexikon\/wp-json\/wp\/v2\/product_brand?post=8118"},{"taxonomy":"product_cat","embeddable":true,"href":"https:\/\/uj.adatbank.ro\/lexikon\/wp-json\/wp\/v2\/product_cat?post=8118"},{"taxonomy":"product_tag","embeddable":true,"href":"https:\/\/uj.adatbank.ro\/lexikon\/wp-json\/wp\/v2\/product_tag?post=8118"}],"curies":[{"name":"wp","href":"https:\/\/api.w.org\/{rel}","templated":true}]}}