{"id":8120,"date":"2025-06-29T10:15:14","date_gmt":"2025-06-29T08:15:14","guid":{"rendered":"https:\/\/uj.adatbank.ro\/lexikon\/termek\/florea-iustin-florea-iustinian\/"},"modified":"2025-06-29T10:15:14","modified_gmt":"2025-06-29T08:15:14","slug":"florea-iustin-florea-iustinian","status":"publish","type":"product","link":"https:\/\/uj.adatbank.ro\/lexikon\/termek\/florea-iustin-florea-iustinian\/","title":{"rendered":"FLOREA Iustin, Florea Iustinian"},"content":{"rendered":"<p>? \u2020 ? : g\u00f6r. kat. \/ ort. pap. \u2013 Mez\u0151pagocs\u00e1ban volt g\u00f6r. kat. pap (1940\u201348). Uzdiszentp\u00e9terben szolg\u00e1lt ort. papk\u00e9nt (1958\u201375), t\u00f6bb jav\u00edt\u00e1st, korszer\u0171s\u00edt\u00e9st, g\u00e1zbevezet\u00e9st, \u00e9s m\u00e1s v\u00e1ltoztat\u00e1st hajtatott v\u00e9gre a templom belsej\u00e9ben \u00e9s k\u00fclalakj\u00e1ban. <br \/><strong>Irod.:<\/strong> S\u00e2npetru de C\u00e2mpie; \u015eincan 2006<\/br><\/p>\n","protected":false},"excerpt":{"rendered":"<p>? \u2020 ? : g\u00f6r. kat. \/ ort. pap. \u2013 Mez\u0151pagocs\u00e1ban volt g\u00f6r. kat. pap (1940\u201348). Uzdiszentp\u00e9terben szolg\u00e1lt ort. papk\u00e9nt (1958\u201375), t\u00f6bb jav\u00edt\u00e1st, korszer\u0171s\u00edt\u00e9st, g\u00e1zbevezet\u00e9st, \u00e9s m\u00e1s v\u00e1ltoztat\u00e1st hajtatott v\u00e9gre a templom belsej\u00e9ben \u00e9s k\u00fclalakj\u00e1ban. Irod.: S\u00e2npetru de C\u00e2mpie; \u015eincan 2006<\/p>\n","protected":false},"featured_media":0,"comment_status":"open","ping_status":"closed","template":"","meta":[],"product_brand":[],"product_cat":[137],"product_tag":[],"class_list":{"0":"post-8120","1":"product","2":"type-product","3":"status-publish","5":"product_cat-maros-megyei-eletrajzi-lexikon","7":"first","8":"instock","9":"shipping-taxable","10":"product-type-simple"},"_links":{"self":[{"href":"https:\/\/uj.adatbank.ro\/lexikon\/wp-json\/wp\/v2\/product\/8120","targetHints":{"allow":["GET"]}}],"collection":[{"href":"https:\/\/uj.adatbank.ro\/lexikon\/wp-json\/wp\/v2\/product"}],"about":[{"href":"https:\/\/uj.adatbank.ro\/lexikon\/wp-json\/wp\/v2\/types\/product"}],"replies":[{"embeddable":true,"href":"https:\/\/uj.adatbank.ro\/lexikon\/wp-json\/wp\/v2\/comments?post=8120"}],"wp:attachment":[{"href":"https:\/\/uj.adatbank.ro\/lexikon\/wp-json\/wp\/v2\/media?parent=8120"}],"wp:term":[{"taxonomy":"product_brand","embeddable":true,"href":"https:\/\/uj.adatbank.ro\/lexikon\/wp-json\/wp\/v2\/product_brand?post=8120"},{"taxonomy":"product_cat","embeddable":true,"href":"https:\/\/uj.adatbank.ro\/lexikon\/wp-json\/wp\/v2\/product_cat?post=8120"},{"taxonomy":"product_tag","embeddable":true,"href":"https:\/\/uj.adatbank.ro\/lexikon\/wp-json\/wp\/v2\/product_tag?post=8120"}],"curies":[{"name":"wp","href":"https:\/\/api.w.org\/{rel}","templated":true}]}}