{"id":8122,"date":"2025-06-29T10:15:18","date_gmt":"2025-06-29T08:15:18","guid":{"rendered":"https:\/\/uj.adatbank.ro\/lexikon\/termek\/florea-vasile-%c2%a7\/"},"modified":"2025-06-29T10:15:18","modified_gmt":"2025-06-29T08:15:18","slug":"florea-vasile-%c2%a7","status":"publish","type":"product","link":"https:\/\/uj.adatbank.ro\/lexikon\/termek\/florea-vasile-%c2%a7\/","title":{"rendered":"FLOREA Vasile, \u00a7"},"content":{"rendered":"<p>Mez\u0151pagocsa, 1908. aug. 14., \u2020 Kv., 1976. m\u00e1rc. 27.: igazgat\u00f3-tan\u00edt\u00f3. \u2013 N\u00e9gy gyermeke egyetemet v\u00e9gzett. \u2013 Mv.-en v\u00e9gzett tan\u00edt\u00f3k\u00e9pz\u0151t (1929). A sz\u00fcl\u0151faluj\u00e1ban tan\u00edtott (1929\u201333), Mez\u0151\u00f6rm\u00e9nyesen (1934), majd teljes p\u00e1lyafut\u00e1sa a sz\u00fcl\u0151faluj\u00e1ban bontakozott ki, lesz\u00e1m\u00edtva a besztercei 84-es Gyalogos Ezredn\u00e9l teljes\u00edtett katonai szolg\u00e1lati idej\u00e9t (1931. febr. 15. \u2013 1932. okt. 15.) valamint a II. vh. harcaiban elt\u00f6lt\u00f6tt katonai \u00e9veket (1942\u201344). Iskol\u00e1ja a falunak nem volt, a lelk\u00e9szi lakban egy teremben folyt az oktat\u00e1s. Egyetlen taner\u0151k\u00e9nt minden tev\u00e9kenys\u00e9get elv\u00e9gzett: analfab\u00e9ta tanfolyamok, lakoss\u00e1gi \u00e9s \u00e1llat-\u00f6ssze\u00edr\u00e1sok stb. K\u00e9s\u0151bb megkapta Adrian Todericiu lelk\u00e9szt\u0151l a par\u00f3kia \u00e9p\u00fclet\u00e9t, amelyet tatarozott, rendbe tett. Isk. igazgat\u00f3k\u00e9nt is m\u0171k\u0151d\u00f6tt (1934\u201362). Hivatalb\u00f3l megkapta az I: -es fokozatot; \u00e9s elnyerte az \u00cenv\u0103\u0163\u0103tor frunta\u015f c. -t (1965). Nyugd\u00edjba vonult (1970), de ut\u00e1na is m\u00e9g oktatott (1970\u201373), majd a csal\u00e1d Kv.-ra k\u00f6lt\u00f6z\u00f6tt. <br \/><strong>Irod.:<\/strong> Dasc\u0103li mure\u015feni, 5.<\/br><\/p>\n","protected":false},"excerpt":{"rendered":"<p>Mez\u0151pagocsa, 1908. aug. 14., \u2020 Kv., 1976. m\u00e1rc. 27.: igazgat\u00f3-tan\u00edt\u00f3. \u2013 N\u00e9gy gyermeke egyetemet v\u00e9gzett. \u2013 Mv.-en v\u00e9gzett tan\u00edt\u00f3k\u00e9pz\u0151t (1929). A sz\u00fcl\u0151faluj\u00e1ban tan\u00edtott (1929\u201333), Mez\u0151\u00f6rm\u00e9nyesen (1934), majd teljes p\u00e1lyafut\u00e1sa a sz\u00fcl\u0151faluj\u00e1ban bontakozott ki, lesz\u00e1m\u00edtva a besztercei 84-es Gyalogos Ezredn\u00e9l teljes\u00edtett katonai szolg\u00e1lati idej\u00e9t (1931. febr. 15. \u2013 1932. okt. 15.) valamint a II. vh. harcaiban [&hellip;]<\/p>\n","protected":false},"featured_media":0,"comment_status":"open","ping_status":"closed","template":"","meta":[],"product_brand":[],"product_cat":[137],"product_tag":[],"class_list":{"0":"post-8122","1":"product","2":"type-product","3":"status-publish","5":"product_cat-maros-megyei-eletrajzi-lexikon","7":"first","8":"instock","9":"shipping-taxable","10":"product-type-simple"},"_links":{"self":[{"href":"https:\/\/uj.adatbank.ro\/lexikon\/wp-json\/wp\/v2\/product\/8122","targetHints":{"allow":["GET"]}}],"collection":[{"href":"https:\/\/uj.adatbank.ro\/lexikon\/wp-json\/wp\/v2\/product"}],"about":[{"href":"https:\/\/uj.adatbank.ro\/lexikon\/wp-json\/wp\/v2\/types\/product"}],"replies":[{"embeddable":true,"href":"https:\/\/uj.adatbank.ro\/lexikon\/wp-json\/wp\/v2\/comments?post=8122"}],"wp:attachment":[{"href":"https:\/\/uj.adatbank.ro\/lexikon\/wp-json\/wp\/v2\/media?parent=8122"}],"wp:term":[{"taxonomy":"product_brand","embeddable":true,"href":"https:\/\/uj.adatbank.ro\/lexikon\/wp-json\/wp\/v2\/product_brand?post=8122"},{"taxonomy":"product_cat","embeddable":true,"href":"https:\/\/uj.adatbank.ro\/lexikon\/wp-json\/wp\/v2\/product_cat?post=8122"},{"taxonomy":"product_tag","embeddable":true,"href":"https:\/\/uj.adatbank.ro\/lexikon\/wp-json\/wp\/v2\/product_tag?post=8122"}],"curies":[{"name":"wp","href":"https:\/\/api.w.org\/{rel}","templated":true}]}}