{"id":8123,"date":"2025-06-29T10:15:21","date_gmt":"2025-06-29T08:15:21","guid":{"rendered":"https:\/\/uj.adatbank.ro\/lexikon\/termek\/florea-viorel-%c2%a7\/"},"modified":"2025-06-29T10:15:21","modified_gmt":"2025-06-29T08:15:21","slug":"florea-viorel-%c2%a7","status":"publish","type":"product","link":"https:\/\/uj.adatbank.ro\/lexikon\/termek\/florea-viorel-%c2%a7\/","title":{"rendered":"FLOREA Viorel, \u00a7"},"content":{"rendered":"<p>Mv., 1937. m\u00e1j. 26., \u2020 Mv., 2005. aug. 26.: testnevel\u0151-tan\u00e1r, edz\u0151. \u2013 Buk.-ben elv\u00e9gezte a Testnevel\u0151 F\u0151iskol\u00e1t (1955). K\u00e9zilabda \u00e9s atl\u00e9tika-edz\u0151 \u00e9s b\u00edr\u00f3 volt Mv.-en a Szakiskola k\u00f6zpontban, a Metalotechnica Szakiskola K\u00f6zpontban, a 2-es sz. \u00c1lt. Iskol\u00e1ban (25 \u00e9vig), a 3-as, 7-es \u00e9s 9-es \u00c1ltal\u00e1nos Iskol\u00e1kban tan\u00edtott testnevel\u00e9st. Aleln\u00f6ke volt a Mure\u015ful Sportklubnak. \u00c9vtizedeken kereszt\u00fcl rendszeresen megszervezte \u00e9s vezette az \u00e1ltal\u00e1nos iskol\u00e1k megyei k\u00e9zilabda bajnoks\u00e1g\u00e1t. Kiv\u00e1l\u00f3 tan\u00e1r (Profesor Eviden\u0163iat) kit\u00fcntet\u00e9st kapott. <br \/><strong>Irod.:<\/strong> Dasc\u0103li mure\u015feni, 1.<\/br><\/p>\n","protected":false},"excerpt":{"rendered":"<p>Mv., 1937. m\u00e1j. 26., \u2020 Mv., 2005. aug. 26.: testnevel\u0151-tan\u00e1r, edz\u0151. \u2013 Buk.-ben elv\u00e9gezte a Testnevel\u0151 F\u0151iskol\u00e1t (1955). K\u00e9zilabda \u00e9s atl\u00e9tika-edz\u0151 \u00e9s b\u00edr\u00f3 volt Mv.-en a Szakiskola k\u00f6zpontban, a Metalotechnica Szakiskola K\u00f6zpontban, a 2-es sz. \u00c1lt. Iskol\u00e1ban (25 \u00e9vig), a 3-as, 7-es \u00e9s 9-es \u00c1ltal\u00e1nos Iskol\u00e1kban tan\u00edtott testnevel\u00e9st. Aleln\u00f6ke volt a Mure\u015ful Sportklubnak. \u00c9vtizedeken kereszt\u00fcl [&hellip;]<\/p>\n","protected":false},"featured_media":0,"comment_status":"open","ping_status":"closed","template":"","meta":[],"product_brand":[],"product_cat":[137],"product_tag":[],"class_list":{"0":"post-8123","1":"product","2":"type-product","3":"status-publish","5":"product_cat-maros-megyei-eletrajzi-lexikon","7":"first","8":"instock","9":"shipping-taxable","10":"product-type-simple"},"_links":{"self":[{"href":"https:\/\/uj.adatbank.ro\/lexikon\/wp-json\/wp\/v2\/product\/8123","targetHints":{"allow":["GET"]}}],"collection":[{"href":"https:\/\/uj.adatbank.ro\/lexikon\/wp-json\/wp\/v2\/product"}],"about":[{"href":"https:\/\/uj.adatbank.ro\/lexikon\/wp-json\/wp\/v2\/types\/product"}],"replies":[{"embeddable":true,"href":"https:\/\/uj.adatbank.ro\/lexikon\/wp-json\/wp\/v2\/comments?post=8123"}],"wp:attachment":[{"href":"https:\/\/uj.adatbank.ro\/lexikon\/wp-json\/wp\/v2\/media?parent=8123"}],"wp:term":[{"taxonomy":"product_brand","embeddable":true,"href":"https:\/\/uj.adatbank.ro\/lexikon\/wp-json\/wp\/v2\/product_brand?post=8123"},{"taxonomy":"product_cat","embeddable":true,"href":"https:\/\/uj.adatbank.ro\/lexikon\/wp-json\/wp\/v2\/product_cat?post=8123"},{"taxonomy":"product_tag","embeddable":true,"href":"https:\/\/uj.adatbank.ro\/lexikon\/wp-json\/wp\/v2\/product_tag?post=8123"}],"curies":[{"name":"wp","href":"https:\/\/api.w.org\/{rel}","templated":true}]}}