{"id":8126,"date":"2025-06-29T10:15:26","date_gmt":"2025-06-29T08:15:26","guid":{"rendered":"https:\/\/uj.adatbank.ro\/lexikon\/termek\/florian-aurel\/"},"modified":"2025-06-29T10:15:26","modified_gmt":"2025-06-29T08:15:26","slug":"florian-aurel","status":"publish","type":"product","link":"https:\/\/uj.adatbank.ro\/lexikon\/termek\/florian-aurel\/","title":{"rendered":"FLORIAN Aurel"},"content":{"rendered":"<p>? \u2020 ?: politikus. \u2013 Tagja volt a Szoci\u00e1ldemokrata P\u00e1rtnak (Titel Petrescu), a marosi fi\u00f3k eln\u00f6ke is volt. Letart\u00f3ztatt\u00e1k \u00e9s Bal\u00e1zsfalv\u00e1n k\u00ednozta a szekurit\u00e1t\u00e9 (1948). <br \/><strong>Irod.:<\/strong> Ioni\u0163oiu<\/br><\/p>\n","protected":false},"excerpt":{"rendered":"<p>? \u2020 ?: politikus. \u2013 Tagja volt a Szoci\u00e1ldemokrata P\u00e1rtnak (Titel Petrescu), a marosi fi\u00f3k eln\u00f6ke is volt. Letart\u00f3ztatt\u00e1k \u00e9s Bal\u00e1zsfalv\u00e1n k\u00ednozta a szekurit\u00e1t\u00e9 (1948). Irod.: Ioni\u0163oiu<\/p>\n","protected":false},"featured_media":0,"comment_status":"open","ping_status":"closed","template":"","meta":[],"product_brand":[],"product_cat":[137],"product_tag":[],"class_list":{"0":"post-8126","1":"product","2":"type-product","3":"status-publish","5":"product_cat-maros-megyei-eletrajzi-lexikon","7":"first","8":"instock","9":"shipping-taxable","10":"product-type-simple"},"_links":{"self":[{"href":"https:\/\/uj.adatbank.ro\/lexikon\/wp-json\/wp\/v2\/product\/8126","targetHints":{"allow":["GET"]}}],"collection":[{"href":"https:\/\/uj.adatbank.ro\/lexikon\/wp-json\/wp\/v2\/product"}],"about":[{"href":"https:\/\/uj.adatbank.ro\/lexikon\/wp-json\/wp\/v2\/types\/product"}],"replies":[{"embeddable":true,"href":"https:\/\/uj.adatbank.ro\/lexikon\/wp-json\/wp\/v2\/comments?post=8126"}],"wp:attachment":[{"href":"https:\/\/uj.adatbank.ro\/lexikon\/wp-json\/wp\/v2\/media?parent=8126"}],"wp:term":[{"taxonomy":"product_brand","embeddable":true,"href":"https:\/\/uj.adatbank.ro\/lexikon\/wp-json\/wp\/v2\/product_brand?post=8126"},{"taxonomy":"product_cat","embeddable":true,"href":"https:\/\/uj.adatbank.ro\/lexikon\/wp-json\/wp\/v2\/product_cat?post=8126"},{"taxonomy":"product_tag","embeddable":true,"href":"https:\/\/uj.adatbank.ro\/lexikon\/wp-json\/wp\/v2\/product_tag?post=8126"}],"curies":[{"name":"wp","href":"https:\/\/api.w.org\/{rel}","templated":true}]}}