{"id":8128,"date":"2025-06-29T10:15:30","date_gmt":"2025-06-29T08:15:30","guid":{"rendered":"https:\/\/uj.adatbank.ro\/lexikon\/termek\/florian-gyula-florian-iuliu\/"},"modified":"2025-06-29T10:15:30","modified_gmt":"2025-06-29T08:15:30","slug":"florian-gyula-florian-iuliu","status":"publish","type":"product","link":"https:\/\/uj.adatbank.ro\/lexikon\/termek\/florian-gyula-florian-iuliu\/","title":{"rendered":"FLORIAN Gyula, Florian Iuliu"},"content":{"rendered":"<p>Mez\u0151madaras, 1879. okt. aug. 31., \u2020 ?.: g\u00f6r. kat. lelk\u00e9sz. \u2013 Tanult Mv.-en, teol\u00f3gi\u00e1t Bal\u00e1zsfalv\u00e1n (1898), Bp.-en a K\u00f6zponti Szemin\u00e1riumban (1899\u20131902), k\u00fclf\u00f6ld\u00f6n a B\u00e9csi Egy. Hittud. Kar\u00e1n (1902), a B\u00e9csi Augustineum Hittud. Kar\u00e1n (1902-04) ahova a fogarasi g\u00f6r. kat egyh\u00e1zmegye k\u00fcldte. Papp\u00e1 szentelt\u00e9k (1902), azut\u00e1n Bal\u00e1zsfalv\u00e1n k\u00e1pl\u00e1n volt. <br \/><strong>Irod.:<\/strong> Sigmirean; Szab\u00f3\u2013Simon\u2013Sz\u00f6gi<\/br><\/p>\n","protected":false},"excerpt":{"rendered":"<p>Mez\u0151madaras, 1879. okt. aug. 31., \u2020 ?.: g\u00f6r. kat. lelk\u00e9sz. \u2013 Tanult Mv.-en, teol\u00f3gi\u00e1t Bal\u00e1zsfalv\u00e1n (1898), Bp.-en a K\u00f6zponti Szemin\u00e1riumban (1899\u20131902), k\u00fclf\u00f6ld\u00f6n a B\u00e9csi Egy. Hittud. Kar\u00e1n (1902), a B\u00e9csi Augustineum Hittud. Kar\u00e1n (1902-04) ahova a fogarasi g\u00f6r. kat egyh\u00e1zmegye k\u00fcldte. Papp\u00e1 szentelt\u00e9k (1902), azut\u00e1n Bal\u00e1zsfalv\u00e1n k\u00e1pl\u00e1n volt. Irod.: Sigmirean; Szab\u00f3\u2013Simon\u2013Sz\u00f6gi<\/p>\n","protected":false},"featured_media":0,"comment_status":"open","ping_status":"closed","template":"","meta":[],"product_brand":[],"product_cat":[137],"product_tag":[],"class_list":{"0":"post-8128","1":"product","2":"type-product","3":"status-publish","5":"product_cat-maros-megyei-eletrajzi-lexikon","7":"first","8":"instock","9":"shipping-taxable","10":"product-type-simple"},"_links":{"self":[{"href":"https:\/\/uj.adatbank.ro\/lexikon\/wp-json\/wp\/v2\/product\/8128","targetHints":{"allow":["GET"]}}],"collection":[{"href":"https:\/\/uj.adatbank.ro\/lexikon\/wp-json\/wp\/v2\/product"}],"about":[{"href":"https:\/\/uj.adatbank.ro\/lexikon\/wp-json\/wp\/v2\/types\/product"}],"replies":[{"embeddable":true,"href":"https:\/\/uj.adatbank.ro\/lexikon\/wp-json\/wp\/v2\/comments?post=8128"}],"wp:attachment":[{"href":"https:\/\/uj.adatbank.ro\/lexikon\/wp-json\/wp\/v2\/media?parent=8128"}],"wp:term":[{"taxonomy":"product_brand","embeddable":true,"href":"https:\/\/uj.adatbank.ro\/lexikon\/wp-json\/wp\/v2\/product_brand?post=8128"},{"taxonomy":"product_cat","embeddable":true,"href":"https:\/\/uj.adatbank.ro\/lexikon\/wp-json\/wp\/v2\/product_cat?post=8128"},{"taxonomy":"product_tag","embeddable":true,"href":"https:\/\/uj.adatbank.ro\/lexikon\/wp-json\/wp\/v2\/product_tag?post=8128"}],"curies":[{"name":"wp","href":"https:\/\/api.w.org\/{rel}","templated":true}]}}