{"id":8131,"date":"2025-06-29T10:15:39","date_gmt":"2025-06-29T08:15:39","guid":{"rendered":"https:\/\/uj.adatbank.ro\/lexikon\/termek\/florian-marton\/"},"modified":"2025-06-29T10:15:39","modified_gmt":"2025-06-29T08:15:39","slug":"florian-marton","status":"publish","type":"product","link":"https:\/\/uj.adatbank.ro\/lexikon\/termek\/florian-marton\/","title":{"rendered":"FLORI\u00c1N M\u00e1rton"},"content":{"rendered":"<p>1808 ?, \u2020\u00a0Mv., 1848. nov. 21. &#8211; Feles\u00e9ge: Isekutz Margit. Gyermekeik: M\u00e1rton (1839. j\u00fan. 17. -?); M\u00e1ria Johanna (1841. j\u00fan. 17. -?). <br \/><strong>Irod.:<\/strong> Pusk\u00e1s -Sz\u00e1sz \u00c1v\u00e9d<\/br><\/p>\n","protected":false},"excerpt":{"rendered":"<p>1808 ?, \u2020\u00a0Mv., 1848. nov. 21. &#8211; Feles\u00e9ge: Isekutz Margit. Gyermekeik: M\u00e1rton (1839. j\u00fan. 17. -?); M\u00e1ria Johanna (1841. j\u00fan. 17. -?). Irod.: Pusk\u00e1s -Sz\u00e1sz \u00c1v\u00e9d<\/p>\n","protected":false},"featured_media":0,"comment_status":"open","ping_status":"closed","template":"","meta":[],"product_brand":[],"product_cat":[137],"product_tag":[],"class_list":{"0":"post-8131","1":"product","2":"type-product","3":"status-publish","5":"product_cat-maros-megyei-eletrajzi-lexikon","7":"first","8":"instock","9":"shipping-taxable","10":"product-type-simple"},"_links":{"self":[{"href":"https:\/\/uj.adatbank.ro\/lexikon\/wp-json\/wp\/v2\/product\/8131","targetHints":{"allow":["GET"]}}],"collection":[{"href":"https:\/\/uj.adatbank.ro\/lexikon\/wp-json\/wp\/v2\/product"}],"about":[{"href":"https:\/\/uj.adatbank.ro\/lexikon\/wp-json\/wp\/v2\/types\/product"}],"replies":[{"embeddable":true,"href":"https:\/\/uj.adatbank.ro\/lexikon\/wp-json\/wp\/v2\/comments?post=8131"}],"wp:attachment":[{"href":"https:\/\/uj.adatbank.ro\/lexikon\/wp-json\/wp\/v2\/media?parent=8131"}],"wp:term":[{"taxonomy":"product_brand","embeddable":true,"href":"https:\/\/uj.adatbank.ro\/lexikon\/wp-json\/wp\/v2\/product_brand?post=8131"},{"taxonomy":"product_cat","embeddable":true,"href":"https:\/\/uj.adatbank.ro\/lexikon\/wp-json\/wp\/v2\/product_cat?post=8131"},{"taxonomy":"product_tag","embeddable":true,"href":"https:\/\/uj.adatbank.ro\/lexikon\/wp-json\/wp\/v2\/product_tag?post=8131"}],"curies":[{"name":"wp","href":"https:\/\/api.w.org\/{rel}","templated":true}]}}