{"id":8135,"date":"2025-06-29T10:15:47","date_gmt":"2025-06-29T08:15:47","guid":{"rendered":"https:\/\/uj.adatbank.ro\/lexikon\/termek\/fodor-alajos-angelus-p\/"},"modified":"2025-06-29T10:15:47","modified_gmt":"2025-06-29T08:15:47","slug":"fodor-alajos-angelus-p","status":"publish","type":"product","link":"https:\/\/uj.adatbank.ro\/lexikon\/termek\/fodor-alajos-angelus-p\/","title":{"rendered":"FODOR Alajos Angelus, P."},"content":{"rendered":"<p>Mv., 1907. j\u00fal. 15., \u2020\u00a0K\u00f6r\u00f6sb\u00e1nya, 1985. m\u00e1rc. 19.: ferences szerzetes. \u2013 Mv.-en v\u00e9gezte a k\u00f6z\u00e9piskol\u00e1t (1918\u201325). Mikh\u00e1z\u00e1n l\u00e9pett a ferencrendbe (1922. szept. 8.), els\u0151 fogadalma (1923. szept. 11.). Cs\u00edksomly\u00f3n filoz\u00f3fi\u00e1t hallgatott (1923\u201325), teol\u00f3gi\u00e1t Vajdahunyadon (1925\u201330), ahol szerzetesi fogadalmat tett (1929. j\u00fan. 27.). Gyulafeh\u00e9rv\u00e1ron szentelt\u00e9k papp\u00e1 (1930. j\u00fal. 6.). R\u00f3m\u00e1ban folytatta a tanulm\u00e1nyait (1930\u201333) \u00e9s ott doktor\u00e1lt k\u00e1nonjogb\u00f3l. A vajdahunyadi ferences pl\u00e9b\u00e1nia papja (1942\u2013), az \u00darnapi k\u00f6rmenetet nem enged\u00e9lyezt\u00e9k \u00e9s emiatt tiltakozott. Tiltakoz\u00e1sa miatt a szebeni hadb\u00edr\u00f3s\u00e1g el\u00e9 \u00e1ll\u00edtott\u00e1k, \u00e1llamellenes izgat\u00e1s \u00e9s a hadsereg gyal\u00e1z\u00e1sa c\u00edm\u00e9n, n\u00e9gy h\u00f3napi fogh\u00e1zb\u00fcntet\u00e9st kapott, amib\u0151l let\u00f6lt\u00f6tt k\u00e9t h\u00f3napot. D\u00e9sen a ferences rendh\u00e1z f\u0151n\u00f6ke volt (1948\u2013), amikor nem \u00edrt al\u00e1 egy \u00fan. b\u00e9keivet. \u00c1llamellenes izgat\u00e1s v\u00e1dj\u00e1val vont\u00e1k felel\u0151ss\u00e9gre P. Imets Polik\u00e1rp M\u00e1ty\u00e1ssal egy\u00fctt, minkett\u0151j\u00fcket szabads\u00e1gveszt\u00e9sre it\u00e9lte a kv.-i hadit\u00f6rv\u00e9nysz\u00e9k, let\u00f6lt\u00f6tt k\u00e9t \u00e9vet, ebb\u0151l f\u00e9l \u00e9vet az enyedi b\u00f6rt\u00f6nben. Szabadul\u00e1sa ut\u00e1n (1951. aug. 20.), a politikai rend\u0151rs\u00e9g M\u00e1riaradn\u00e1ra hurcolta, majd K\u00f6r\u00f6sb\u00e1ny\u00e1ra intern\u00e1lt\u00e1k (1952\u2013). Gyulafeh\u00e9rv\u00e1ron a teol\u00f3giai hallgat\u00f3k spiritu\u00e1lisa volt, majd K\u00f6r\u00f6sb\u00e1ny\u00e1n h\u00e1zf\u0151n\u00f6k. <br \/><strong>Irod.:<\/strong> Het\u00e9nyi 2000<\/br><\/p>\n","protected":false},"excerpt":{"rendered":"<p>Mv., 1907. j\u00fal. 15., \u2020\u00a0K\u00f6r\u00f6sb\u00e1nya, 1985. m\u00e1rc. 19.: ferences szerzetes. \u2013 Mv.-en v\u00e9gezte a k\u00f6z\u00e9piskol\u00e1t (1918\u201325). Mikh\u00e1z\u00e1n l\u00e9pett a ferencrendbe (1922. szept. 8.), els\u0151 fogadalma (1923. szept. 11.). Cs\u00edksomly\u00f3n filoz\u00f3fi\u00e1t hallgatott (1923\u201325), teol\u00f3gi\u00e1t Vajdahunyadon (1925\u201330), ahol szerzetesi fogadalmat tett (1929. j\u00fan. 27.). Gyulafeh\u00e9rv\u00e1ron szentelt\u00e9k papp\u00e1 (1930. j\u00fal. 6.). R\u00f3m\u00e1ban folytatta a tanulm\u00e1nyait (1930\u201333) \u00e9s ott [&hellip;]<\/p>\n","protected":false},"featured_media":0,"comment_status":"open","ping_status":"closed","template":"","meta":[],"product_brand":[],"product_cat":[137],"product_tag":[],"class_list":{"0":"post-8135","1":"product","2":"type-product","3":"status-publish","5":"product_cat-maros-megyei-eletrajzi-lexikon","7":"first","8":"instock","9":"shipping-taxable","10":"product-type-simple"},"_links":{"self":[{"href":"https:\/\/uj.adatbank.ro\/lexikon\/wp-json\/wp\/v2\/product\/8135","targetHints":{"allow":["GET"]}}],"collection":[{"href":"https:\/\/uj.adatbank.ro\/lexikon\/wp-json\/wp\/v2\/product"}],"about":[{"href":"https:\/\/uj.adatbank.ro\/lexikon\/wp-json\/wp\/v2\/types\/product"}],"replies":[{"embeddable":true,"href":"https:\/\/uj.adatbank.ro\/lexikon\/wp-json\/wp\/v2\/comments?post=8135"}],"wp:attachment":[{"href":"https:\/\/uj.adatbank.ro\/lexikon\/wp-json\/wp\/v2\/media?parent=8135"}],"wp:term":[{"taxonomy":"product_brand","embeddable":true,"href":"https:\/\/uj.adatbank.ro\/lexikon\/wp-json\/wp\/v2\/product_brand?post=8135"},{"taxonomy":"product_cat","embeddable":true,"href":"https:\/\/uj.adatbank.ro\/lexikon\/wp-json\/wp\/v2\/product_cat?post=8135"},{"taxonomy":"product_tag","embeddable":true,"href":"https:\/\/uj.adatbank.ro\/lexikon\/wp-json\/wp\/v2\/product_tag?post=8135"}],"curies":[{"name":"wp","href":"https:\/\/api.w.org\/{rel}","templated":true}]}}