{"id":8136,"date":"2025-06-29T10:15:49","date_gmt":"2025-06-29T08:15:49","guid":{"rendered":"https:\/\/uj.adatbank.ro\/lexikon\/termek\/fodor-albert-%c2%a7\/"},"modified":"2025-06-29T10:15:49","modified_gmt":"2025-06-29T08:15:49","slug":"fodor-albert-%c2%a7","status":"publish","type":"product","link":"https:\/\/uj.adatbank.ro\/lexikon\/termek\/fodor-albert-%c2%a7\/","title":{"rendered":"FODOR Albert, \u00a7"},"content":{"rendered":"<p>? \u2020\u00a0? : birtokos. \u2013 Feles\u00e9ge: Szentgy\u00f6rgyi S\u00e1ra tan\u00edt\u00f3n\u0151, Sz. D\u00e9nes (1867\u20131920) testv\u00e9re, a mez\u0151madarasi asszonyokat tan\u00edtotta k\u00e9zimunk\u00e1zni. L\u00e1nyuk: Piroska, Fekete J\u00e1nosn\u00e9 Mez\u0151madarasi f\u00f6ldbirtokos. \u2013Mez\u0151madarasi f\u00f6ldbirtokos. Az I. vh. idej\u00e9n katonai szolg\u00e1latra \u00f6nk\u00e9nt jelentkezett, n\u00e9pfelkel\u0151 f\u0151hadnagy az 5. t\u00e1bori \u00e1gy\u00fas ezredben. Kit\u00fcntet\u00e9se a Signum Laudis. <br \/><strong>Irod.:<\/strong> Mv. \u00e9s a h\u00e1bor\u00fa 2.; Sipos<\/br><\/p>\n","protected":false},"excerpt":{"rendered":"<p>? \u2020\u00a0? : birtokos. \u2013 Feles\u00e9ge: Szentgy\u00f6rgyi S\u00e1ra tan\u00edt\u00f3n\u0151, Sz. D\u00e9nes (1867\u20131920) testv\u00e9re, a mez\u0151madarasi asszonyokat tan\u00edtotta k\u00e9zimunk\u00e1zni. L\u00e1nyuk: Piroska, Fekete J\u00e1nosn\u00e9 Mez\u0151madarasi f\u00f6ldbirtokos. \u2013Mez\u0151madarasi f\u00f6ldbirtokos. Az I. vh. idej\u00e9n katonai szolg\u00e1latra \u00f6nk\u00e9nt jelentkezett, n\u00e9pfelkel\u0151 f\u0151hadnagy az 5. t\u00e1bori \u00e1gy\u00fas ezredben. Kit\u00fcntet\u00e9se a Signum Laudis. Irod.: Mv. \u00e9s a h\u00e1bor\u00fa 2.; Sipos<\/p>\n","protected":false},"featured_media":0,"comment_status":"open","ping_status":"closed","template":"","meta":[],"product_brand":[],"product_cat":[137],"product_tag":[],"class_list":{"0":"post-8136","1":"product","2":"type-product","3":"status-publish","5":"product_cat-maros-megyei-eletrajzi-lexikon","7":"first","8":"instock","9":"shipping-taxable","10":"product-type-simple"},"_links":{"self":[{"href":"https:\/\/uj.adatbank.ro\/lexikon\/wp-json\/wp\/v2\/product\/8136","targetHints":{"allow":["GET"]}}],"collection":[{"href":"https:\/\/uj.adatbank.ro\/lexikon\/wp-json\/wp\/v2\/product"}],"about":[{"href":"https:\/\/uj.adatbank.ro\/lexikon\/wp-json\/wp\/v2\/types\/product"}],"replies":[{"embeddable":true,"href":"https:\/\/uj.adatbank.ro\/lexikon\/wp-json\/wp\/v2\/comments?post=8136"}],"wp:attachment":[{"href":"https:\/\/uj.adatbank.ro\/lexikon\/wp-json\/wp\/v2\/media?parent=8136"}],"wp:term":[{"taxonomy":"product_brand","embeddable":true,"href":"https:\/\/uj.adatbank.ro\/lexikon\/wp-json\/wp\/v2\/product_brand?post=8136"},{"taxonomy":"product_cat","embeddable":true,"href":"https:\/\/uj.adatbank.ro\/lexikon\/wp-json\/wp\/v2\/product_cat?post=8136"},{"taxonomy":"product_tag","embeddable":true,"href":"https:\/\/uj.adatbank.ro\/lexikon\/wp-json\/wp\/v2\/product_tag?post=8136"}],"curies":[{"name":"wp","href":"https:\/\/api.w.org\/{rel}","templated":true}]}}