{"id":8140,"date":"2025-06-29T10:16:00","date_gmt":"2025-06-29T08:16:00","guid":{"rendered":"https:\/\/uj.adatbank.ro\/lexikon\/termek\/fodor-dezso\/"},"modified":"2025-06-29T10:16:00","modified_gmt":"2025-06-29T08:16:00","slug":"fodor-dezso","status":"publish","type":"product","link":"https:\/\/uj.adatbank.ro\/lexikon\/termek\/fodor-dezso\/","title":{"rendered":"FODOR Dezs\u0151"},"content":{"rendered":"<p>Sz\u00e1szr\u00e9gen, 1903 nov. 1., \u2020\u00a0?: sz\u00edn\u00e9sz, bonviv\u00e1n, rendez\u0151. \u2013 Fell\u00e9pett Hevesi Mikl\u00f3s t\u00e1rsulat\u00e1val (1929\u201330) Dics\u0151szentm\u00e1rtonban, Sz\u00e1szr\u00e9genben, majd Nagyv\u00e1radon (1932\u201333). J\u00e1t\u00e9kenged\u00e9lyt kapott Erd\u00e9ly \u00e9s B\u00e1ns\u00e1g ter\u00fclet\u00e9re (1938\u201339) Ekkor megsz\u00fcntek a szinik\u00f6rzetek, az egy\u00fcttesek t\u00e1rsul\u00e1si szerz\u0151d\u00e9s alapj\u00e1n alakultak a M\u0171v\u00e9szszindik\u00e1tus tagjaib\u00f3l. \u2013 <strong>F. sz.:<\/strong> Mr. Clark (Kell\u00e9r: Aki mer az nyer); Gy\u00f6mb\u00e9r Gergely (Erd\u00e9lyi\u00a0: Cserebog\u00e1r, s\u00e1rga cserbog\u00e1r); Walter igazgat\u00f3 (Sz\u00e1nth\u00f3-Sz\u00e9ch\u00e9n: Sz\u00e1zh\u00faszas temp\u00f3). <br \/><strong>Irod.:<\/strong> K\u00f6t\u0151<\/br><\/p>\n","protected":false},"excerpt":{"rendered":"<p>Sz\u00e1szr\u00e9gen, 1903 nov. 1., \u2020\u00a0?: sz\u00edn\u00e9sz, bonviv\u00e1n, rendez\u0151. \u2013 Fell\u00e9pett Hevesi Mikl\u00f3s t\u00e1rsulat\u00e1val (1929\u201330) Dics\u0151szentm\u00e1rtonban, Sz\u00e1szr\u00e9genben, majd Nagyv\u00e1radon (1932\u201333). J\u00e1t\u00e9kenged\u00e9lyt kapott Erd\u00e9ly \u00e9s B\u00e1ns\u00e1g ter\u00fclet\u00e9re (1938\u201339) Ekkor megsz\u00fcntek a szinik\u00f6rzetek, az egy\u00fcttesek t\u00e1rsul\u00e1si szerz\u0151d\u00e9s alapj\u00e1n alakultak a M\u0171v\u00e9szszindik\u00e1tus tagjaib\u00f3l. \u2013 F. sz.: Mr. Clark (Kell\u00e9r: Aki mer az nyer); Gy\u00f6mb\u00e9r Gergely (Erd\u00e9lyi\u00a0: Cserebog\u00e1r, s\u00e1rga cserbog\u00e1r); [&hellip;]<\/p>\n","protected":false},"featured_media":0,"comment_status":"open","ping_status":"closed","template":"","meta":[],"product_brand":[],"product_cat":[137],"product_tag":[],"class_list":{"0":"post-8140","1":"product","2":"type-product","3":"status-publish","5":"product_cat-maros-megyei-eletrajzi-lexikon","7":"first","8":"instock","9":"shipping-taxable","10":"product-type-simple"},"_links":{"self":[{"href":"https:\/\/uj.adatbank.ro\/lexikon\/wp-json\/wp\/v2\/product\/8140","targetHints":{"allow":["GET"]}}],"collection":[{"href":"https:\/\/uj.adatbank.ro\/lexikon\/wp-json\/wp\/v2\/product"}],"about":[{"href":"https:\/\/uj.adatbank.ro\/lexikon\/wp-json\/wp\/v2\/types\/product"}],"replies":[{"embeddable":true,"href":"https:\/\/uj.adatbank.ro\/lexikon\/wp-json\/wp\/v2\/comments?post=8140"}],"wp:attachment":[{"href":"https:\/\/uj.adatbank.ro\/lexikon\/wp-json\/wp\/v2\/media?parent=8140"}],"wp:term":[{"taxonomy":"product_brand","embeddable":true,"href":"https:\/\/uj.adatbank.ro\/lexikon\/wp-json\/wp\/v2\/product_brand?post=8140"},{"taxonomy":"product_cat","embeddable":true,"href":"https:\/\/uj.adatbank.ro\/lexikon\/wp-json\/wp\/v2\/product_cat?post=8140"},{"taxonomy":"product_tag","embeddable":true,"href":"https:\/\/uj.adatbank.ro\/lexikon\/wp-json\/wp\/v2\/product_tag?post=8140"}],"curies":[{"name":"wp","href":"https:\/\/api.w.org\/{rel}","templated":true}]}}