{"id":8141,"date":"2025-06-29T10:16:01","date_gmt":"2025-06-29T08:16:01","guid":{"rendered":"https:\/\/uj.adatbank.ro\/lexikon\/termek\/fodor-ferenc\/"},"modified":"2025-06-29T10:16:01","modified_gmt":"2025-06-29T08:16:01","slug":"fodor-ferenc","status":"publish","type":"product","link":"https:\/\/uj.adatbank.ro\/lexikon\/termek\/fodor-ferenc\/","title":{"rendered":"FODOR Ferenc"},"content":{"rendered":"<p>Maross\u00e1rpatak, 1883., \u2020\u00a0Mv., 1966. febr. 7.?\u00a0: tan\u00edt\u00f3, iskolaigazgat\u00f3. \u2013 Feles\u00e9ge: Szab\u00f3 Erzs\u00e9bet, tan\u00edt\u00f3n\u0151. \u2013 Tanulm\u00e1nyait Mv.-en \u00e9s Nagyenyeden v\u00e9gezte. Oklevel\u00e9nek elnyer\u00e9se ut\u00e1n Tancs k\u00f6zs\u00e9gben tan\u00edtott 33 \u00e9vig (1904\u2013), mint igazgat\u00f3 vonult nyugalomba, ezut\u00e1n Mv.-en \u00e9lt. <br \/><strong>Irod.:<\/strong> Nagy Lajos: Mindenre van er\u0151m a Krisztusban (Mv., 2005.); Sz\u00e9kelyf\u00f6ld \u00ed. k.<\/br><\/p>\n","protected":false},"excerpt":{"rendered":"<p>Maross\u00e1rpatak, 1883., \u2020\u00a0Mv., 1966. febr. 7.?\u00a0: tan\u00edt\u00f3, iskolaigazgat\u00f3. \u2013 Feles\u00e9ge: Szab\u00f3 Erzs\u00e9bet, tan\u00edt\u00f3n\u0151. \u2013 Tanulm\u00e1nyait Mv.-en \u00e9s Nagyenyeden v\u00e9gezte. Oklevel\u00e9nek elnyer\u00e9se ut\u00e1n Tancs k\u00f6zs\u00e9gben tan\u00edtott 33 \u00e9vig (1904\u2013), mint igazgat\u00f3 vonult nyugalomba, ezut\u00e1n Mv.-en \u00e9lt. Irod.: Nagy Lajos: Mindenre van er\u0151m a Krisztusban (Mv., 2005.); Sz\u00e9kelyf\u00f6ld \u00ed. k.<\/p>\n","protected":false},"featured_media":0,"comment_status":"open","ping_status":"closed","template":"","meta":[],"product_brand":[],"product_cat":[137],"product_tag":[],"class_list":{"0":"post-8141","1":"product","2":"type-product","3":"status-publish","5":"product_cat-maros-megyei-eletrajzi-lexikon","7":"first","8":"instock","9":"shipping-taxable","10":"product-type-simple"},"_links":{"self":[{"href":"https:\/\/uj.adatbank.ro\/lexikon\/wp-json\/wp\/v2\/product\/8141","targetHints":{"allow":["GET"]}}],"collection":[{"href":"https:\/\/uj.adatbank.ro\/lexikon\/wp-json\/wp\/v2\/product"}],"about":[{"href":"https:\/\/uj.adatbank.ro\/lexikon\/wp-json\/wp\/v2\/types\/product"}],"replies":[{"embeddable":true,"href":"https:\/\/uj.adatbank.ro\/lexikon\/wp-json\/wp\/v2\/comments?post=8141"}],"wp:attachment":[{"href":"https:\/\/uj.adatbank.ro\/lexikon\/wp-json\/wp\/v2\/media?parent=8141"}],"wp:term":[{"taxonomy":"product_brand","embeddable":true,"href":"https:\/\/uj.adatbank.ro\/lexikon\/wp-json\/wp\/v2\/product_brand?post=8141"},{"taxonomy":"product_cat","embeddable":true,"href":"https:\/\/uj.adatbank.ro\/lexikon\/wp-json\/wp\/v2\/product_cat?post=8141"},{"taxonomy":"product_tag","embeddable":true,"href":"https:\/\/uj.adatbank.ro\/lexikon\/wp-json\/wp\/v2\/product_tag?post=8141"}],"curies":[{"name":"wp","href":"https:\/\/api.w.org\/{rel}","templated":true}]}}