{"id":8146,"date":"2025-06-29T10:16:09","date_gmt":"2025-06-29T08:16:09","guid":{"rendered":"https:\/\/uj.adatbank.ro\/lexikon\/termek\/fodor-gyorgy-fodor-gheorghe\/"},"modified":"2025-06-29T10:16:09","modified_gmt":"2025-06-29T08:16:09","slug":"fodor-gyorgy-fodor-gheorghe","status":"publish","type":"product","link":"https:\/\/uj.adatbank.ro\/lexikon\/termek\/fodor-gyorgy-fodor-gheorghe\/","title":{"rendered":"FODOR Gy\u00f6rgy, Fodor Gheorghe"},"content":{"rendered":"<p>1927. \u2020 Mv., 1989. jan. 28.: \u0151rnagy. \u2013 A MAT Securitate b\u0171n\u00fcgyi szakoszt\u00e1ly\u00e1nak tisztje, f\u0151hadnagy (1960.?\u2013), \u0151rnagy (1964-?). <br \/><strong>Irod.:<\/strong> Bartos 2012; [Nekrol\u00f3g] (V. Z., 1989. jan. 31.)<\/br><\/p>\n","protected":false},"excerpt":{"rendered":"<p>1927. \u2020 Mv., 1989. jan. 28.: \u0151rnagy. \u2013 A MAT Securitate b\u0171n\u00fcgyi szakoszt\u00e1ly\u00e1nak tisztje, f\u0151hadnagy (1960.?\u2013), \u0151rnagy (1964-?). Irod.: Bartos 2012; [Nekrol\u00f3g] (V. Z., 1989. jan. 31.)<\/p>\n","protected":false},"featured_media":0,"comment_status":"open","ping_status":"closed","template":"","meta":[],"product_brand":[],"product_cat":[137],"product_tag":[],"class_list":{"0":"post-8146","1":"product","2":"type-product","3":"status-publish","5":"product_cat-maros-megyei-eletrajzi-lexikon","7":"first","8":"instock","9":"shipping-taxable","10":"product-type-simple"},"_links":{"self":[{"href":"https:\/\/uj.adatbank.ro\/lexikon\/wp-json\/wp\/v2\/product\/8146","targetHints":{"allow":["GET"]}}],"collection":[{"href":"https:\/\/uj.adatbank.ro\/lexikon\/wp-json\/wp\/v2\/product"}],"about":[{"href":"https:\/\/uj.adatbank.ro\/lexikon\/wp-json\/wp\/v2\/types\/product"}],"replies":[{"embeddable":true,"href":"https:\/\/uj.adatbank.ro\/lexikon\/wp-json\/wp\/v2\/comments?post=8146"}],"wp:attachment":[{"href":"https:\/\/uj.adatbank.ro\/lexikon\/wp-json\/wp\/v2\/media?parent=8146"}],"wp:term":[{"taxonomy":"product_brand","embeddable":true,"href":"https:\/\/uj.adatbank.ro\/lexikon\/wp-json\/wp\/v2\/product_brand?post=8146"},{"taxonomy":"product_cat","embeddable":true,"href":"https:\/\/uj.adatbank.ro\/lexikon\/wp-json\/wp\/v2\/product_cat?post=8146"},{"taxonomy":"product_tag","embeddable":true,"href":"https:\/\/uj.adatbank.ro\/lexikon\/wp-json\/wp\/v2\/product_tag?post=8146"}],"curies":[{"name":"wp","href":"https:\/\/api.w.org\/{rel}","templated":true}]}}