{"id":8148,"date":"2025-06-29T10:16:12","date_gmt":"2025-06-29T08:16:12","guid":{"rendered":"https:\/\/uj.adatbank.ro\/lexikon\/termek\/fodor-gyula\/"},"modified":"2025-06-29T10:16:12","modified_gmt":"2025-06-29T08:16:12","slug":"fodor-gyula","status":"publish","type":"product","link":"https:\/\/uj.adatbank.ro\/lexikon\/termek\/fodor-gyula\/","title":{"rendered":"FODOR Gyula"},"content":{"rendered":"<p>Ny\u00e1r\u00e1dszentl\u00e1szl\u00f3, 1921. \u2020\u00a0Putnok, 1944. nov. 19.: honv\u00e9d. Anyja: Fodor Anna. \u2013 A 27. t\u00e1bori t\u00fcz\u00e9rezredben honv\u00e9d. A putnoki k\u00f3rh\u00e1zban t\u00fcd\u0151l\u0151v\u00e9s miatt v\u00e9rzett el. <br \/><strong>Irod.:<\/strong> Berekm\u00e9ri 2015<\/br><\/p>\n","protected":false},"excerpt":{"rendered":"<p>Ny\u00e1r\u00e1dszentl\u00e1szl\u00f3, 1921. \u2020\u00a0Putnok, 1944. nov. 19.: honv\u00e9d. Anyja: Fodor Anna. \u2013 A 27. t\u00e1bori t\u00fcz\u00e9rezredben honv\u00e9d. A putnoki k\u00f3rh\u00e1zban t\u00fcd\u0151l\u0151v\u00e9s miatt v\u00e9rzett el. Irod.: Berekm\u00e9ri 2015<\/p>\n","protected":false},"featured_media":0,"comment_status":"open","ping_status":"closed","template":"","meta":[],"product_brand":[],"product_cat":[137],"product_tag":[],"class_list":{"0":"post-8148","1":"product","2":"type-product","3":"status-publish","5":"product_cat-maros-megyei-eletrajzi-lexikon","7":"first","8":"instock","9":"shipping-taxable","10":"product-type-simple"},"_links":{"self":[{"href":"https:\/\/uj.adatbank.ro\/lexikon\/wp-json\/wp\/v2\/product\/8148","targetHints":{"allow":["GET"]}}],"collection":[{"href":"https:\/\/uj.adatbank.ro\/lexikon\/wp-json\/wp\/v2\/product"}],"about":[{"href":"https:\/\/uj.adatbank.ro\/lexikon\/wp-json\/wp\/v2\/types\/product"}],"replies":[{"embeddable":true,"href":"https:\/\/uj.adatbank.ro\/lexikon\/wp-json\/wp\/v2\/comments?post=8148"}],"wp:attachment":[{"href":"https:\/\/uj.adatbank.ro\/lexikon\/wp-json\/wp\/v2\/media?parent=8148"}],"wp:term":[{"taxonomy":"product_brand","embeddable":true,"href":"https:\/\/uj.adatbank.ro\/lexikon\/wp-json\/wp\/v2\/product_brand?post=8148"},{"taxonomy":"product_cat","embeddable":true,"href":"https:\/\/uj.adatbank.ro\/lexikon\/wp-json\/wp\/v2\/product_cat?post=8148"},{"taxonomy":"product_tag","embeddable":true,"href":"https:\/\/uj.adatbank.ro\/lexikon\/wp-json\/wp\/v2\/product_tag?post=8148"}],"curies":[{"name":"wp","href":"https:\/\/api.w.org\/{rel}","templated":true}]}}