{"id":8151,"date":"2025-06-29T10:16:22","date_gmt":"2025-06-29T08:16:22","guid":{"rendered":"https:\/\/uj.adatbank.ro\/lexikon\/termek\/fodor-istvan\/"},"modified":"2025-06-29T10:16:22","modified_gmt":"2025-06-29T08:16:22","slug":"fodor-istvan","status":"publish","type":"product","link":"https:\/\/uj.adatbank.ro\/lexikon\/termek\/fodor-istvan\/","title":{"rendered":"FODOR Istv\u00e1n"},"content":{"rendered":"<p>? \u2020\u00a0? : primipilus. \u2013 A nagyernyei csal\u00e1db\u00f3l ernyei sz\u00e1rmazott, 1579-ben \u00e9lt, mint B\u00e1thori Krist\u00f3f erd\u00e9lyi vajda it\u00e9let-level\u00e9ben olvashat\u00f3. F. I. \u00e9s P\u00e1l mint primipilusok lustr\u00e1ltak Erny\u00e9ben (1614). <br \/><strong>Irod.:<\/strong> Keresztes Gyula: \u00d6r\u00f6ks\u00e9g\u00fcnk 50.: A nagyernyei udvarh\u00e1zak (1994. febr. 11.); Nagy Iv\u00e1n; P\u00e1lmay<\/br><\/p>\n","protected":false},"excerpt":{"rendered":"<p>? \u2020\u00a0? : primipilus. \u2013 A nagyernyei csal\u00e1db\u00f3l ernyei sz\u00e1rmazott, 1579-ben \u00e9lt, mint B\u00e1thori Krist\u00f3f erd\u00e9lyi vajda it\u00e9let-level\u00e9ben olvashat\u00f3. F. I. \u00e9s P\u00e1l mint primipilusok lustr\u00e1ltak Erny\u00e9ben (1614). Irod.: Keresztes Gyula: \u00d6r\u00f6ks\u00e9g\u00fcnk 50.: A nagyernyei udvarh\u00e1zak (1994. febr. 11.); Nagy Iv\u00e1n; P\u00e1lmay<\/p>\n","protected":false},"featured_media":0,"comment_status":"open","ping_status":"closed","template":"","meta":[],"product_brand":[],"product_cat":[137],"product_tag":[],"class_list":{"0":"post-8151","1":"product","2":"type-product","3":"status-publish","5":"product_cat-maros-megyei-eletrajzi-lexikon","7":"first","8":"instock","9":"shipping-taxable","10":"product-type-simple"},"_links":{"self":[{"href":"https:\/\/uj.adatbank.ro\/lexikon\/wp-json\/wp\/v2\/product\/8151","targetHints":{"allow":["GET"]}}],"collection":[{"href":"https:\/\/uj.adatbank.ro\/lexikon\/wp-json\/wp\/v2\/product"}],"about":[{"href":"https:\/\/uj.adatbank.ro\/lexikon\/wp-json\/wp\/v2\/types\/product"}],"replies":[{"embeddable":true,"href":"https:\/\/uj.adatbank.ro\/lexikon\/wp-json\/wp\/v2\/comments?post=8151"}],"wp:attachment":[{"href":"https:\/\/uj.adatbank.ro\/lexikon\/wp-json\/wp\/v2\/media?parent=8151"}],"wp:term":[{"taxonomy":"product_brand","embeddable":true,"href":"https:\/\/uj.adatbank.ro\/lexikon\/wp-json\/wp\/v2\/product_brand?post=8151"},{"taxonomy":"product_cat","embeddable":true,"href":"https:\/\/uj.adatbank.ro\/lexikon\/wp-json\/wp\/v2\/product_cat?post=8151"},{"taxonomy":"product_tag","embeddable":true,"href":"https:\/\/uj.adatbank.ro\/lexikon\/wp-json\/wp\/v2\/product_tag?post=8151"}],"curies":[{"name":"wp","href":"https:\/\/api.w.org\/{rel}","templated":true}]}}