{"id":8153,"date":"2025-06-29T10:16:28","date_gmt":"2025-06-29T08:16:28","guid":{"rendered":"https:\/\/uj.adatbank.ro\/lexikon\/termek\/fodor-istvan-fried-istvan\/"},"modified":"2025-06-29T10:16:28","modified_gmt":"2025-06-29T08:16:28","slug":"fodor-istvan-fried-istvan","status":"publish","type":"product","link":"https:\/\/uj.adatbank.ro\/lexikon\/termek\/fodor-istvan-fried-istvan\/","title":{"rendered":"FODOR Istv\u00e1n, Fried Istv\u00e1n"},"content":{"rendered":"<p>Kom\u00e1rom, 1893. szept. 29., \u2020 Bp., 1961. nov. 5.: \u00edr\u00f3, sz\u00edn\u00e9sz, lapszerkeszt\u0151, helyt\u00f6rt\u00e9n\u00e9sz, postaseg\u00e9dtiszt. \u2013 Bp.-en \u00e9retts\u00e9gizett, ut\u00e1na postai szaktanfolyamot v\u00e9gzett. 14 \u00e9vet Bp.-en postai tisztvisel\u0151; az els\u0151 vh. ut\u00e1n \u00e1thelyezt\u00e9k a mv.-i postahivatalhoz, majd itt sz\u00edn\u00e9sz lett \u00e9s 8 \u00e9vig m\u0171k\u00f6d\u00f6tt k\u00fcl\u00f6nb\u00f6z\u0151 erd\u00e9lyi sz\u00ednt\u00e1rsulatokn\u00e1l\u00a0(t\u00f6bbek k\u00f6z\u00f6tt Szab\u00f3 P\u00e1l t\u00e1rsulat\u00e1n\u00e1l). Abba hagyta a sz\u00edn\u00e9szked\u00e9st (1923), ett\u0151l kezdve a sz\u00ednh\u00e1zi\u00e9letben mint kritikus, lapszerkeszt\u0151, m\u0171vel\u0151d\u00e9st\u00f6rt\u00e9n\u00e9sz, sz\u00ednm\u0171\u00edr\u00f3, \u00e9s \u00f6ntev\u00e9keny sz\u00ednh\u00e1zi egy\u00fcttesek, valamint esem\u00e9nyek kezdem\u00e9nyez\u0151je, rendez\u0151je-szervez\u0151je volt. M\u0171kedvel\u00f4 el\u00f4ad\u00e1sokat rendezett a M. Iparos Egylet keret\u00e9ben: a Sztambul r\u00f3zs\u00e1ja, az Obsitos, a Cig\u00e1nyb\u00e1r\u00f3, a G\u00fclbaba, az Aranymad\u00e1r stb. Az Ez\u00fcst pille c. darabot Kr\u00f3n Ern\u00f4 harminc\u00e9ves m\u0171kedvel\u00f4i sz\u00ednitev\u00e9kenys\u00e9ge jubileum\u00e1ra vitte sz\u00ednre (1933). Seg\u00edt\u00f4t\u00e1rsaik\u00e9nt T\u00f3th S\u00e1ndor, r. k. k\u00e1ntor-karnagy \u00e9s P\u00e1ll K\u00e1roly textilkeresked\u00f4, d\u00edjazott kirakatrendez\u0151, a sz\u00ednpadi d\u00edszletek tervez\u0151i \u00e9s kivitelez\u00f4i voltak. A t\u00e1ncok koreogr\u00e1fi\u00e1ja \u00e9s betan\u00edt\u00e1sa Hints M\u00e1rta nev\u00e9hez f\u0171z\u00f4d\u00f6tt. Az el\u00f4ad\u00e1sok szopr\u00e1n \u00e9nekesn\u00f4je T\u00f3thn\u00e9 M\u00e1th\u00e9 Margit. A mv.-i Sz\u00ednp\u00e1rtol\u00f3 Egyes\u00fclet k\u00f6nyvt\u00e1rosa; rendez\u0151je a Dalm\u0171j\u00e1tsz\u00f3 T\u00e1rsas\u00e1gnak. Fontos mozzanat tev\u00e9kenys\u00e9g\u00e9ben Miksz\u00e1th K\u00e1lm\u00e1n m\u0171veinek sz\u00ednrevitele Mv.-en: h\u00e1romfelvon\u00e1sos \u00e9nekes n\u00e9psz\u00ednm\u0171 form\u00e1j\u00e1ban sz\u00ednre alkalmazta Az elad\u00f3 birtok-ot (1923), zen\u00e9j\u00e9t Br\u00f3dy Mikl\u00f3s szerezte az \u0151 verseire; majd a Szelistyei asszonyokat vitte sz\u00ednpadra (1924), amely darabban Molter K\u00e1roly is fell\u00e9pett Makucsek pl\u00e9b\u00e1nos szerep\u00e9ben, majd a bp.-i V\u00e1rosi Sz\u00ednh\u00e1z is m\u0171sor\u00e1ra t\u0171zte (1927). Gyermeksz\u00ednt\u00e1rsulatot alap\u00edtott, amely 6 dalj\u00e1t\u00e9k bemutat\u00e1s\u00e1ra v\u00e1llalkozott. A legkiemelked\u0151bb a J\u00e1nos vit\u00e9z, a G\u00fclbaba sz\u00ednrevitele. Laptulajdonosk\u00e9nt \u0151 maga \u00edrta a Marosmenti \u00c9let c. riport, m\u0171v\u00e9szeti, t\u00e1rsadalmi \u00e9s mozi hetilapot (1929\u201335), amely az ugyancsak \u00e1ltala szerk. -tett helyi m\u0171v\u00e9szeti lapokb\u00f3l, a Sz\u00ednh\u00e1zi H\u00e9t (1924\u201325), a Sz\u00ednh\u00e1zi \u00c9let (c\u00edmv\u00e1ltoz\u00e1sok: Sz\u00ednh\u00e1zi Vil\u00e1g (1926\u201327), Mv.-i T\u00e1rsas\u00e1g- Sz\u00ednh\u00e1zi Vil\u00e1g (1926) c. lapokb\u00f3l n\u0151tte ki mag\u00e1t. Folytat\u00e1sk\u00e9nt eml\u00edthet\u0151 az Ellenz\u00e9k (1936); Virradat (1936\u201340). Sz\u00ednh\u00e1zt\u0151rt\u00e9n\u00e9szk\u00e9nt forr\u00e1s\u00e9rt\u00e9k\u0171 adatokat t\u00e1rt fel. Lapj\u00e1ban, a Marosmenti \u00c9let kiad\u00e1s\u00e1ban, mintegy 50 folytat\u00e1st meg\u00e9rt Kr\u00f3nik\u00e1s f\u00fczetek c. sorozat keret\u00e9ben jelentette meg Mv. Sz\u00edni\u00e9lete c. dokumentum gy\u0171jtem\u00e9ny\u00e9t (1933). A Marossz\u00e9ki F\u00fczetek (1935\u2013) ut\u00f3bb Kr\u00f3nik\u00e1s f\u00fczetek (1936\u201340) c. kiadv\u00e1nya \u00e9rt\u00e9kes t\u00f6rt\u00e9neti \u00e9s m\u0171vel\u0151d\u00e9st\u00f6rt\u00e9neti anyaggal szolg\u00e1lt r\u00e9gi sz\u00ednpadi furcsas\u00e1gokr\u00f3l a mv.-i szini \u00e9letben, h\u00edres orvosokr\u00f3l, hadvez\u00e9rek, \u00e1llamf\u00e9rfiak, egyh\u00e1zf\u0151k \u00e9s irodalmi nagys\u00e1gok \u00e1tmeneti szerepl\u00e9s\u00e9r\u0151l Mv.-en, az 1848\u201349. \u00e9s forradalmi Mv. -r\u0151l. Mv.-i szerk.-je a kv.-i Illusztr\u00e1lt Vil\u00e1g-nak. Di\u00e1kkor\u00e1ban novell\u00e1kat, t\u00e1rc\u00e1kat \u00edrt bp.-i lapokba. Sz\u00ednikritik\u00e1iban s\u00edkrasz\u00e1llt a nemzeti kult\u00fara r\u00e9szek\u00e9nt m\u0171k\u00f6d\u0151 min\u0151s\u00e9gi sz\u00ednj\u00e1tsz\u00e1s\u00e9rt. \u0150 t\u00e1j\u00e9koztatta N\u00e9meth L\u00e1szl\u00f3t a Bolyaiak v\u00e1ros\u00e1r\u00f3l, s \u0151 lett az \u00edr\u00f3 m\u00e1sodik Bolyai-filmterv\u00e9nek (1961) \u00f6reg v\u00e1s\u00e1rhelyi postatisztje. \u2013 <strong>F. m.:<\/strong> Az elad\u00f3 birtok: \u00c9nekes sz\u00ednj\u00e1t\u00e9k Miksz\u00e1th K\u00e1lm\u00e1n novell\u00e1ja ut\u00e1n (Mv., 1923.; B\u00e9keffy Mih\u00e1ly zen\u00e9j\u00e9vel. Bemut. Mv., 1923. \u00e1pr. 23.); Szelistyei Asszonyok: \u00c9nekes sz\u00ednm\u0171 Miksz\u00e1t K\u00e1lm\u00e1n novell\u00e1ja ut\u00e1n (Mv., 1924. Dics\u0151 G\u00e9za zen\u00e9j\u00e9vel. Bemutat\u00f3 Mv. 1924. febr. 16.); K\u00e1ntorn\u00e9 az els\u0151 magyar tragikai h\u0151sn\u0151 (Mv., 1933); Marosv\u00e1s\u00e1rhely szini \u00e9lete (Mv., 1933); D\u00e9ryn\u00e9 Marosv\u00e1s\u00e1rhelyen (Marossz\u00e9ki f\u00fczetek 1\/2) (Mv., 1936); Perg\u0151 Celesztin (Marossz\u00e9ki f\u00fczetek, 1\u00a0: 3\/4) (Mv., 1936); A forradalmi Marosv\u00e1s\u00e1rhely (Marossz\u00e9ki f\u00fczetek, 5\/6.) (Mv., 1936); A sz\u00e1z \u00e9v el\u0151tti sz\u00e9kely f\u0151v\u00e1ros (Kr\u00f3n. F\u00fcz. 7\/8) (Mv., 1936); Bodor P\u00e9ter a sz\u00e9kely ezermester (Kr\u00f3n. F\u00fcz., 9\/10) (Mv., 1936); Sz\u00e9kely v\u00e9rtan\u00fak: Epiz\u00f3dok a Bach korb\u00f3l (Kr\u00f3n. F\u00fcz., 1\u00a0: 11\/2) (Mv., 1936); A sz\u00e9kely f\u0151v\u00e1ros b\u00f6lcs\u0151kor\u00e1bol (Kr\u00f3n. F\u00fcz., 1\u00a0: 13\/4) (Mv., 1936); A v\u00e1rbeli ref. szentegyh\u00e1za (Kr\u00f3n. F\u00fcz., 1\u00a0: 15\/6) (Mv., 1936); Fekete hal\u00e1l (Kr\u00f3n. F\u00fcz., 1\u00a0: 15\/6) (Mv., 1936); Szerzetesrendek Marossz\u00e9ken (Kr\u00f3n. F\u00fcz., 1\u00a0: 17\/8) (Mv., 1936); Marossz\u00e9k krimin\u00e1lkr\u00f3nik\u00e1ja a 18. sz elej\u00e9r\u0151l (Kr\u00f3n. F\u00fcz., 1\u00a0: 19\/20) (Mv., 1936); Marossz\u00e9k legend\u00e1i (Kr\u00f3n. F\u00fcz., 2\u00a0: 1) (Mv., 1937); Unit\u00e1riusok Marossz\u00e9ken (Kr\u00f3n. F\u00fcz., 2\/2) (Mv., 1937); J\u00e1szai Mari: Dancz Nina botr\u00e1nykr\u00f3nik\u00e1ja (Kr\u00f3n. F\u00fcz., 2\u00a0: 3) (Mv., 1937); Borosnyai Luk\u00e1cs J\u00e1nos sz\u00e1z\u00e9ves v\u00e1s\u00e1rfi\u00e1ja a szentm\u00e1rtonnapi sokadalomra (Monogr. gy\u0171jtem\u00e9nye. 2\u00a0: 4) (Mv., 1937); II. R\u00e1k\u00f3czi Ferenc erd\u00e9lyi fejedelemm\u00e9 iktat\u00e1sa Mv.-en. Muszkavil\u00e1g Mv.-en (Kr\u00f3n. F\u00fcz., 2\u00a0: 5) (Mv., 1937); R\u00e9gi nevezetes \u00e9p\u00fcletek \u00e9s int\u00e9zm\u00e9nyek (Kr\u00f3n. F\u00fcz., 2\u00a0: 7\/8) (Mv., 1937); Sz\u00ednp\u00e1rtol\u00f3 egyes\u00fcletek \u00e9s mozgalmak \u00e1lland\u00f3 jelleg\u0171 sz\u00ednh\u00e1z \u00e9p\u00edt\u00e9s\u00e9re (Kr\u00f3n. F\u00fcz., 2\u00a0: 9) (Mv., 1937); Sz. &#8211; L\u00e9lek ist\u00e1poly. \u2013 Gr. Rh\u00e9dey Claudia (Kr\u00f3n. F\u00fcz., 2\u00a0: 10) (Mv., 1937); Marosv\u00e1s\u00e1rhely oklev\u00e9lt\u00e1ra, 1360\u20131659, 1600\u20131770. (Kr\u00f3n. F\u00fcz., 3\u00a0: 1\/3)\u00a0(Mv., 1938); A c\u00e9hek vil\u00e1g\u00e1b\u00f3l (Kr\u00f3n. F\u00fcz., 3\u00a0: 4\/7) (Mv., 1938); Teleki \u2013t\u00e9ka (Kr\u00f3n. F\u00fcz., 3\u00a0: 8) (Mv., 1938); Mit tettek r\u00e9gi hitfeleink a v\u00e1rbeli templomtorony gombj\u00e1ba (Kr\u00f3n. F\u00fcz., 3\u00a0: 9) (Mv., 1938); Szerelem: Szerelem a h\u00e1zass\u00e1gban (D\u00e9va, 1938); K\u00e1ntorn\u00e9 az els\u0151 legnagyobb m. tragika v\u00e9g\u00e1llom\u00e1sa Mv.-en (Kr\u00f3n. F\u00fcz. 4\u00a0: 1) (Mv., 1939); H\u00edres v\u00e1s\u00e1rhelyi orvosok (Kr\u00f3n. F\u00fcz. 4\u00a0: 4) (Mv., 1939); Akik sz\u00e1z \u00e9vvel ezel\u00f3tt szerepeltek Mv. v\u00e1ros t\u00e1rs. \u00e9s kult. \u00e9let\u00e9ben (Kr\u00f3n. F\u00fcz., 4\u00a0: 6\/7) (Mv., 1939); Akik sz\u00e1z\u00f6tven \u00e9vvel ezel\u0151tt szerepet vittek Mv. \u00e9let\u00e9ben (Kr\u00f3n. F\u00fcz., : 4\u00a0: 8\/9) (Mv., 1939); Akik k\u00e9tsz\u00e1z\u00e9vvel ezel\u0151tt szerepet vittek Mv. \u00e9let\u00e9ben (Kr\u00f3n. F\u00fcz. 4\u00a0: 10) (Mv, 1940); Mv. v\u00e1rosi t\u00e1vbesz\u00e9l\u0151 h\u00e1l\u00f3zat el\u0151fizet\u0151inek n\u00e9vsora (Mv., s. a.). <strong>F. r.:<\/strong>: operett: Robert Planquette: Cornevillei harangok (1927). <br \/><strong>Irod.:<\/strong> Gy\u00f6rgy; Gy\u00f6rgy 1926; Genersich; Guly\u00e1s; Id\u0151t\u00e1r 2; Keresztes Gyula: Eml\u00e9kez\u00e9s F. I.-ra (N\u00fa., 2002. aug. 17.); Ki kicsoda\u00a0?; K\u00f6t\u0151; Kusz\u00e1lik-Zal\u00e1nyi\u00ad; M. okl. Rom. N\u00fa. (2002. aug. 17); OL\u00c1H-G\u00e1l R\u00f3bert. A matematika emberi arca (N\u00fa., Sz\u00ednes Vil\u00e1g, 2021. febr. 26.); Popt\u0103ma\u015f\u2013M\u00f3zes; RMIL<\/br><\/p>\n","protected":false},"excerpt":{"rendered":"<p>Kom\u00e1rom, 1893. szept. 29., \u2020 Bp., 1961. nov. 5.: \u00edr\u00f3, sz\u00edn\u00e9sz, lapszerkeszt\u0151, helyt\u00f6rt\u00e9n\u00e9sz, postaseg\u00e9dtiszt. \u2013 Bp.-en \u00e9retts\u00e9gizett, ut\u00e1na postai szaktanfolyamot v\u00e9gzett. 14 \u00e9vet Bp.-en postai tisztvisel\u0151; az els\u0151 vh. ut\u00e1n \u00e1thelyezt\u00e9k a mv.-i postahivatalhoz, majd itt sz\u00edn\u00e9sz lett \u00e9s 8 \u00e9vig m\u0171k\u00f6d\u00f6tt k\u00fcl\u00f6nb\u00f6z\u0151 erd\u00e9lyi sz\u00ednt\u00e1rsulatokn\u00e1l\u00a0(t\u00f6bbek k\u00f6z\u00f6tt Szab\u00f3 P\u00e1l t\u00e1rsulat\u00e1n\u00e1l). Abba hagyta a sz\u00edn\u00e9szked\u00e9st (1923), ett\u0151l [&hellip;]<\/p>\n","protected":false},"featured_media":0,"comment_status":"open","ping_status":"closed","template":"","meta":[],"product_brand":[],"product_cat":[137],"product_tag":[],"class_list":{"0":"post-8153","1":"product","2":"type-product","3":"status-publish","5":"product_cat-maros-megyei-eletrajzi-lexikon","7":"first","8":"instock","9":"shipping-taxable","10":"product-type-simple"},"_links":{"self":[{"href":"https:\/\/uj.adatbank.ro\/lexikon\/wp-json\/wp\/v2\/product\/8153","targetHints":{"allow":["GET"]}}],"collection":[{"href":"https:\/\/uj.adatbank.ro\/lexikon\/wp-json\/wp\/v2\/product"}],"about":[{"href":"https:\/\/uj.adatbank.ro\/lexikon\/wp-json\/wp\/v2\/types\/product"}],"replies":[{"embeddable":true,"href":"https:\/\/uj.adatbank.ro\/lexikon\/wp-json\/wp\/v2\/comments?post=8153"}],"wp:attachment":[{"href":"https:\/\/uj.adatbank.ro\/lexikon\/wp-json\/wp\/v2\/media?parent=8153"}],"wp:term":[{"taxonomy":"product_brand","embeddable":true,"href":"https:\/\/uj.adatbank.ro\/lexikon\/wp-json\/wp\/v2\/product_brand?post=8153"},{"taxonomy":"product_cat","embeddable":true,"href":"https:\/\/uj.adatbank.ro\/lexikon\/wp-json\/wp\/v2\/product_cat?post=8153"},{"taxonomy":"product_tag","embeddable":true,"href":"https:\/\/uj.adatbank.ro\/lexikon\/wp-json\/wp\/v2\/product_tag?post=8153"}],"curies":[{"name":"wp","href":"https:\/\/api.w.org\/{rel}","templated":true}]}}