{"id":8155,"date":"2025-06-29T10:16:30","date_gmt":"2025-06-29T08:16:30","guid":{"rendered":"https:\/\/uj.adatbank.ro\/lexikon\/termek\/fodor-jeno\/"},"modified":"2025-06-29T10:16:30","modified_gmt":"2025-06-29T08:16:30","slug":"fodor-jeno","status":"publish","type":"product","link":"https:\/\/uj.adatbank.ro\/lexikon\/termek\/fodor-jeno\/","title":{"rendered":"FODOR Jen\u0151"},"content":{"rendered":"<p>? \u2020\u00a0? : hivatalnok. \u2013 A Magyaro.-i Munk\u00e1sok Rokkant \u00e9s Nyugd\u00edjegylete sz\u00e1szr\u00e9geni fi\u00f3kj\u00e1nak alap\u00edt\u00f3fagja, eln\u00f6ke. <br \/><strong>Irod.:<\/strong> Hipper S\u00e1ndor: A Magyaro.-i Munk\u00e1sok Rokkant \u00e9s Nyugd\u00edjegylet\u00e9nek huszon\u00f6t\u00e9ves t\u00f6rt\u00e9nete (Bp., 1918)<\/br><\/p>\n","protected":false},"excerpt":{"rendered":"<p>? \u2020\u00a0? : hivatalnok. \u2013 A Magyaro.-i Munk\u00e1sok Rokkant \u00e9s Nyugd\u00edjegylete sz\u00e1szr\u00e9geni fi\u00f3kj\u00e1nak alap\u00edt\u00f3fagja, eln\u00f6ke. Irod.: Hipper S\u00e1ndor: A Magyaro.-i Munk\u00e1sok Rokkant \u00e9s Nyugd\u00edjegylet\u00e9nek huszon\u00f6t\u00e9ves t\u00f6rt\u00e9nete (Bp., 1918)<\/p>\n","protected":false},"featured_media":0,"comment_status":"open","ping_status":"closed","template":"","meta":[],"product_brand":[],"product_cat":[137],"product_tag":[],"class_list":{"0":"post-8155","1":"product","2":"type-product","3":"status-publish","5":"product_cat-maros-megyei-eletrajzi-lexikon","7":"first","8":"instock","9":"shipping-taxable","10":"product-type-simple"},"_links":{"self":[{"href":"https:\/\/uj.adatbank.ro\/lexikon\/wp-json\/wp\/v2\/product\/8155","targetHints":{"allow":["GET"]}}],"collection":[{"href":"https:\/\/uj.adatbank.ro\/lexikon\/wp-json\/wp\/v2\/product"}],"about":[{"href":"https:\/\/uj.adatbank.ro\/lexikon\/wp-json\/wp\/v2\/types\/product"}],"replies":[{"embeddable":true,"href":"https:\/\/uj.adatbank.ro\/lexikon\/wp-json\/wp\/v2\/comments?post=8155"}],"wp:attachment":[{"href":"https:\/\/uj.adatbank.ro\/lexikon\/wp-json\/wp\/v2\/media?parent=8155"}],"wp:term":[{"taxonomy":"product_brand","embeddable":true,"href":"https:\/\/uj.adatbank.ro\/lexikon\/wp-json\/wp\/v2\/product_brand?post=8155"},{"taxonomy":"product_cat","embeddable":true,"href":"https:\/\/uj.adatbank.ro\/lexikon\/wp-json\/wp\/v2\/product_cat?post=8155"},{"taxonomy":"product_tag","embeddable":true,"href":"https:\/\/uj.adatbank.ro\/lexikon\/wp-json\/wp\/v2\/product_tag?post=8155"}],"curies":[{"name":"wp","href":"https:\/\/api.w.org\/{rel}","templated":true}]}}