{"id":8156,"date":"2025-06-29T10:16:32","date_gmt":"2025-06-29T08:16:32","guid":{"rendered":"https:\/\/uj.adatbank.ro\/lexikon\/termek\/fodor-jozsef\/"},"modified":"2025-06-29T10:16:32","modified_gmt":"2025-06-29T08:16:32","slug":"fodor-jozsef","status":"publish","type":"product","link":"https:\/\/uj.adatbank.ro\/lexikon\/termek\/fodor-jozsef\/","title":{"rendered":"FODOR J\u00f3zsef"},"content":{"rendered":"<p>1802., \u2020\u00a0? : uradalmi sz\u00e1mad\u00f3. \u2013 Kv.-on v\u00e9gzett az unit. gimn.-ban, a keszthelyi Georgiconban tanult, k\u00fcl\u00f6n\u00f6sen a juhokat tanulm\u00e1nyozta. Gr. Bethlen Leopold szolg\u00e1lat\u00e1ba \u00e1llt mint uradalmi sz\u00e1mad\u00f3 Radn\u00f3ton (1834. szept\u2013). \u2013 <strong>F. m.:<\/strong> Tapasztal\u00e1son alapul\u00f3 radn\u00f3ti \u00fatmutat\u00e1s a szop\u00f3 b\u00e1r\u00e1nyok hasmen\u00e9se ellen, melyet tulajdon tapasztal\u00e1sai ut\u00e1n \u00f6szve szedett \u00e9s a juhok bar\u00e1ttyainak kiadott (Mv., 1839). <br \/><strong>Irod.:<\/strong> Szinnyei, Szinnyei J-Sz. J.<\/br><\/p>\n","protected":false},"excerpt":{"rendered":"<p>1802., \u2020\u00a0? : uradalmi sz\u00e1mad\u00f3. \u2013 Kv.-on v\u00e9gzett az unit. gimn.-ban, a keszthelyi Georgiconban tanult, k\u00fcl\u00f6n\u00f6sen a juhokat tanulm\u00e1nyozta. Gr. Bethlen Leopold szolg\u00e1lat\u00e1ba \u00e1llt mint uradalmi sz\u00e1mad\u00f3 Radn\u00f3ton (1834. szept\u2013). \u2013 F. m.: Tapasztal\u00e1son alapul\u00f3 radn\u00f3ti \u00fatmutat\u00e1s a szop\u00f3 b\u00e1r\u00e1nyok hasmen\u00e9se ellen, melyet tulajdon tapasztal\u00e1sai ut\u00e1n \u00f6szve szedett \u00e9s a juhok bar\u00e1ttyainak kiadott (Mv., 1839). [&hellip;]<\/p>\n","protected":false},"featured_media":0,"comment_status":"open","ping_status":"closed","template":"","meta":[],"product_brand":[],"product_cat":[137],"product_tag":[],"class_list":{"0":"post-8156","1":"product","2":"type-product","3":"status-publish","5":"product_cat-maros-megyei-eletrajzi-lexikon","7":"first","8":"instock","9":"shipping-taxable","10":"product-type-simple"},"_links":{"self":[{"href":"https:\/\/uj.adatbank.ro\/lexikon\/wp-json\/wp\/v2\/product\/8156","targetHints":{"allow":["GET"]}}],"collection":[{"href":"https:\/\/uj.adatbank.ro\/lexikon\/wp-json\/wp\/v2\/product"}],"about":[{"href":"https:\/\/uj.adatbank.ro\/lexikon\/wp-json\/wp\/v2\/types\/product"}],"replies":[{"embeddable":true,"href":"https:\/\/uj.adatbank.ro\/lexikon\/wp-json\/wp\/v2\/comments?post=8156"}],"wp:attachment":[{"href":"https:\/\/uj.adatbank.ro\/lexikon\/wp-json\/wp\/v2\/media?parent=8156"}],"wp:term":[{"taxonomy":"product_brand","embeddable":true,"href":"https:\/\/uj.adatbank.ro\/lexikon\/wp-json\/wp\/v2\/product_brand?post=8156"},{"taxonomy":"product_cat","embeddable":true,"href":"https:\/\/uj.adatbank.ro\/lexikon\/wp-json\/wp\/v2\/product_cat?post=8156"},{"taxonomy":"product_tag","embeddable":true,"href":"https:\/\/uj.adatbank.ro\/lexikon\/wp-json\/wp\/v2\/product_tag?post=8156"}],"curies":[{"name":"wp","href":"https:\/\/api.w.org\/{rel}","templated":true}]}}