{"id":8158,"date":"2025-06-29T10:16:35","date_gmt":"2025-06-29T08:16:35","guid":{"rendered":"https:\/\/uj.adatbank.ro\/lexikon\/termek\/fodor-jozsef-3\/"},"modified":"2025-06-29T10:16:35","modified_gmt":"2025-06-29T08:16:35","slug":"fodor-jozsef-3","status":"publish","type":"product","link":"https:\/\/uj.adatbank.ro\/lexikon\/termek\/fodor-jozsef-3\/","title":{"rendered":"FODOR J\u00f3zsef"},"content":{"rendered":"<p>?., \u2020\u00a0?: tan\u00edt\u00f3. \u2013 Jobb\u00e1gyfalv\u00e1n a kat. iskola tan\u00edt\u00f3ja (1940\u00a0?\u2013), a di\u00e1kl\u00e9tsz\u00e1m indokoltt\u00e1 tette egy m\u00e1sodik kat. tan\u00edt\u00f3 alkalmaz\u00e1s\u00e1t (1942\u2013), Kiss J\u00f3zsef\u00e9t. Bevonult katon\u00e1nak (1945. v\u00e9g\u00e9ig), majd Ny\u00e1r\u00e1dk\u00f6szv\u00e9nyesre helyezt\u00e9k (1946. \u0151sz\u2013). <br \/><strong>Irod.:<\/strong> Cs\u00edkfalva<\/br><\/p>\n","protected":false},"excerpt":{"rendered":"<p>?., \u2020\u00a0?: tan\u00edt\u00f3. \u2013 Jobb\u00e1gyfalv\u00e1n a kat. iskola tan\u00edt\u00f3ja (1940\u00a0?\u2013), a di\u00e1kl\u00e9tsz\u00e1m indokoltt\u00e1 tette egy m\u00e1sodik kat. tan\u00edt\u00f3 alkalmaz\u00e1s\u00e1t (1942\u2013), Kiss J\u00f3zsef\u00e9t. Bevonult katon\u00e1nak (1945. v\u00e9g\u00e9ig), majd Ny\u00e1r\u00e1dk\u00f6szv\u00e9nyesre helyezt\u00e9k (1946. \u0151sz\u2013). Irod.: Cs\u00edkfalva<\/p>\n","protected":false},"featured_media":0,"comment_status":"open","ping_status":"closed","template":"","meta":[],"product_brand":[],"product_cat":[137],"product_tag":[],"class_list":{"0":"post-8158","1":"product","2":"type-product","3":"status-publish","5":"product_cat-maros-megyei-eletrajzi-lexikon","7":"first","8":"instock","9":"shipping-taxable","10":"product-type-simple"},"_links":{"self":[{"href":"https:\/\/uj.adatbank.ro\/lexikon\/wp-json\/wp\/v2\/product\/8158","targetHints":{"allow":["GET"]}}],"collection":[{"href":"https:\/\/uj.adatbank.ro\/lexikon\/wp-json\/wp\/v2\/product"}],"about":[{"href":"https:\/\/uj.adatbank.ro\/lexikon\/wp-json\/wp\/v2\/types\/product"}],"replies":[{"embeddable":true,"href":"https:\/\/uj.adatbank.ro\/lexikon\/wp-json\/wp\/v2\/comments?post=8158"}],"wp:attachment":[{"href":"https:\/\/uj.adatbank.ro\/lexikon\/wp-json\/wp\/v2\/media?parent=8158"}],"wp:term":[{"taxonomy":"product_brand","embeddable":true,"href":"https:\/\/uj.adatbank.ro\/lexikon\/wp-json\/wp\/v2\/product_brand?post=8158"},{"taxonomy":"product_cat","embeddable":true,"href":"https:\/\/uj.adatbank.ro\/lexikon\/wp-json\/wp\/v2\/product_cat?post=8158"},{"taxonomy":"product_tag","embeddable":true,"href":"https:\/\/uj.adatbank.ro\/lexikon\/wp-json\/wp\/v2\/product_tag?post=8158"}],"curies":[{"name":"wp","href":"https:\/\/api.w.org\/{rel}","templated":true}]}}