{"id":8165,"date":"2025-06-29T10:16:45","date_gmt":"2025-06-29T08:16:45","guid":{"rendered":"https:\/\/uj.adatbank.ro\/lexikon\/termek\/fodor-mircea\/"},"modified":"2025-06-29T10:16:45","modified_gmt":"2025-06-29T08:16:45","slug":"fodor-mircea","status":"publish","type":"product","link":"https:\/\/uj.adatbank.ro\/lexikon\/termek\/fodor-mircea\/","title":{"rendered":"FODOR Mircea"},"content":{"rendered":"<p>1926 ? \u2020\u00a0Mv., 1995. aug. 19, : k\u00f6zgazd\u00e1sz. \u2013 A Maros megyei n\u00e9ptan\u00e1cs VB tagja (1968. febr. 17.). A mv.-i Beruh\u00e1z\u00e1si Bank volt igazgat\u00f3ja, a Romextera Bank volt eln\u00f6ke. <br \/><strong>Irod.:<\/strong> Id\u0151t\u00e1r 4.; Nekrol\u00f3g [N\u00fa., 1995. aug. 22. ]<\/br><\/p>\n","protected":false},"excerpt":{"rendered":"<p>1926 ? \u2020\u00a0Mv., 1995. aug. 19, : k\u00f6zgazd\u00e1sz. \u2013 A Maros megyei n\u00e9ptan\u00e1cs VB tagja (1968. febr. 17.). A mv.-i Beruh\u00e1z\u00e1si Bank volt igazgat\u00f3ja, a Romextera Bank volt eln\u00f6ke. Irod.: Id\u0151t\u00e1r 4.; Nekrol\u00f3g [N\u00fa., 1995. aug. 22. ]<\/p>\n","protected":false},"featured_media":0,"comment_status":"open","ping_status":"closed","template":"","meta":[],"product_brand":[],"product_cat":[137],"product_tag":[],"class_list":{"0":"post-8165","1":"product","2":"type-product","3":"status-publish","5":"product_cat-maros-megyei-eletrajzi-lexikon","7":"first","8":"instock","9":"shipping-taxable","10":"product-type-simple"},"_links":{"self":[{"href":"https:\/\/uj.adatbank.ro\/lexikon\/wp-json\/wp\/v2\/product\/8165","targetHints":{"allow":["GET"]}}],"collection":[{"href":"https:\/\/uj.adatbank.ro\/lexikon\/wp-json\/wp\/v2\/product"}],"about":[{"href":"https:\/\/uj.adatbank.ro\/lexikon\/wp-json\/wp\/v2\/types\/product"}],"replies":[{"embeddable":true,"href":"https:\/\/uj.adatbank.ro\/lexikon\/wp-json\/wp\/v2\/comments?post=8165"}],"wp:attachment":[{"href":"https:\/\/uj.adatbank.ro\/lexikon\/wp-json\/wp\/v2\/media?parent=8165"}],"wp:term":[{"taxonomy":"product_brand","embeddable":true,"href":"https:\/\/uj.adatbank.ro\/lexikon\/wp-json\/wp\/v2\/product_brand?post=8165"},{"taxonomy":"product_cat","embeddable":true,"href":"https:\/\/uj.adatbank.ro\/lexikon\/wp-json\/wp\/v2\/product_cat?post=8165"},{"taxonomy":"product_tag","embeddable":true,"href":"https:\/\/uj.adatbank.ro\/lexikon\/wp-json\/wp\/v2\/product_tag?post=8165"}],"curies":[{"name":"wp","href":"https:\/\/api.w.org\/{rel}","templated":true}]}}