{"id":8170,"date":"2025-06-29T10:16:52","date_gmt":"2025-06-29T08:16:52","guid":{"rendered":"https:\/\/uj.adatbank.ro\/lexikon\/termek\/fodor-sandor-2\/"},"modified":"2025-06-29T10:16:52","modified_gmt":"2025-06-29T08:16:52","slug":"fodor-sandor-2","status":"publish","type":"product","link":"https:\/\/uj.adatbank.ro\/lexikon\/termek\/fodor-sandor-2\/","title":{"rendered":"FODOR S\u00e1ndor"},"content":{"rendered":"<p>\u2019\u00ab \u2020\u00a0Mv., tan\u00e1r. \u2013 Mv.-en a 4. sz. \u00c1ltal\u00e1nos iskola igazgat\u00f3ja, tanfel\u00fcgyel\u0151 <br \/><strong>Irod.:<\/strong> Gy\u00e1rf\u00e1s L. Mikl\u00f3s. G\u00f6rbe pantheon ( Mv., 2013)<\/br><\/p>\n","protected":false},"excerpt":{"rendered":"<p>\u2019\u00ab \u2020\u00a0Mv., tan\u00e1r. \u2013 Mv.-en a 4. sz. \u00c1ltal\u00e1nos iskola igazgat\u00f3ja, tanfel\u00fcgyel\u0151 Irod.: Gy\u00e1rf\u00e1s L. Mikl\u00f3s. G\u00f6rbe pantheon ( Mv., 2013)<\/p>\n","protected":false},"featured_media":0,"comment_status":"open","ping_status":"closed","template":"","meta":[],"product_brand":[],"product_cat":[137],"product_tag":[],"class_list":{"0":"post-8170","1":"product","2":"type-product","3":"status-publish","5":"product_cat-maros-megyei-eletrajzi-lexikon","7":"first","8":"instock","9":"shipping-taxable","10":"product-type-simple"},"_links":{"self":[{"href":"https:\/\/uj.adatbank.ro\/lexikon\/wp-json\/wp\/v2\/product\/8170","targetHints":{"allow":["GET"]}}],"collection":[{"href":"https:\/\/uj.adatbank.ro\/lexikon\/wp-json\/wp\/v2\/product"}],"about":[{"href":"https:\/\/uj.adatbank.ro\/lexikon\/wp-json\/wp\/v2\/types\/product"}],"replies":[{"embeddable":true,"href":"https:\/\/uj.adatbank.ro\/lexikon\/wp-json\/wp\/v2\/comments?post=8170"}],"wp:attachment":[{"href":"https:\/\/uj.adatbank.ro\/lexikon\/wp-json\/wp\/v2\/media?parent=8170"}],"wp:term":[{"taxonomy":"product_brand","embeddable":true,"href":"https:\/\/uj.adatbank.ro\/lexikon\/wp-json\/wp\/v2\/product_brand?post=8170"},{"taxonomy":"product_cat","embeddable":true,"href":"https:\/\/uj.adatbank.ro\/lexikon\/wp-json\/wp\/v2\/product_cat?post=8170"},{"taxonomy":"product_tag","embeddable":true,"href":"https:\/\/uj.adatbank.ro\/lexikon\/wp-json\/wp\/v2\/product_tag?post=8170"}],"curies":[{"name":"wp","href":"https:\/\/api.w.org\/{rel}","templated":true}]}}