{"id":8172,"date":"2025-06-29T10:16:54","date_gmt":"2025-06-29T08:16:54","guid":{"rendered":"https:\/\/uj.adatbank.ro\/lexikon\/termek\/fodor-tivadar\/"},"modified":"2025-06-29T10:16:54","modified_gmt":"2025-06-29T08:16:54","slug":"fodor-tivadar","status":"publish","type":"product","link":"https:\/\/uj.adatbank.ro\/lexikon\/termek\/fodor-tivadar\/","title":{"rendered":"FODOR Tivadar"},"content":{"rendered":"<p>Sepsibodok, 1898., \u2020\u00a0? : tan\u00edt\u00f3, okl. k\u00e1ntor. \u2013 Feles\u00e9ge\u00a0: Gombos Ida tan\u00edt\u00f3n\u0151 Marosv\u00e9csen (1931\u2013), a Ref. N\u0151sz\u00f6vets\u00e9g titk\u00e1ra. \u2013 Tanulm\u00e1nyait Sepsiszentgy\u00f6rgy\u00f6n \u00e9s D\u00e9v\u00e1n v\u00e9gezte, tan\u00edt\u00f3i oklevelet szerzett (1920). Sepsi\u00e1rkoson kezdte az unit. iskol\u00e1ban tan\u00edt\u00f3i m\u0171k\u00f6d\u00e9s\u00e9t, majd Sepsibodokra, Avas\u00fajv\u00e1rosra, Marosv\u00e9csre (1931\u2013) ker\u00fclt, ahol mint igazgat\u00f3 is tev\u00e9kenykedett, a Hangya sz\u00f6vetkezet \u00fcgyvezet\u0151je \u00e9s k\u00f6nyvel\u0151je, a Tejsz\u00f6vetkezet igazgat\u00f3s\u00e1gi tagja volt. Az els\u0151 vh.-ban a 24. majd a 22 ezred k\u00f6tel\u00e9k\u00e9ben orosz \u00e9s olasz fronton harcolt, k\u00e9s\u0151bb a Sz\u00e9kely hadoszt\u00e1lyba l\u00e9pett \u00e1t. Az I. o. ez\u00fcst vit. \u00e9rem, a bronz v. \u00e9rem \u00e9s a K\u00e1roly Csapatkereszt kit\u00fcntet\u00e9ssel mint z\u00e1szl\u00f3s szerelt le. <br \/><strong>Irod.:<\/strong> Sz\u00e9kelyf\u00f6ld \u00ed. k<\/br><\/p>\n","protected":false},"excerpt":{"rendered":"<p>Sepsibodok, 1898., \u2020\u00a0? : tan\u00edt\u00f3, okl. k\u00e1ntor. \u2013 Feles\u00e9ge\u00a0: Gombos Ida tan\u00edt\u00f3n\u0151 Marosv\u00e9csen (1931\u2013), a Ref. N\u0151sz\u00f6vets\u00e9g titk\u00e1ra. \u2013 Tanulm\u00e1nyait Sepsiszentgy\u00f6rgy\u00f6n \u00e9s D\u00e9v\u00e1n v\u00e9gezte, tan\u00edt\u00f3i oklevelet szerzett (1920). Sepsi\u00e1rkoson kezdte az unit. iskol\u00e1ban tan\u00edt\u00f3i m\u0171k\u00f6d\u00e9s\u00e9t, majd Sepsibodokra, Avas\u00fajv\u00e1rosra, Marosv\u00e9csre (1931\u2013) ker\u00fclt, ahol mint igazgat\u00f3 is tev\u00e9kenykedett, a Hangya sz\u00f6vetkezet \u00fcgyvezet\u0151je \u00e9s k\u00f6nyvel\u0151je, a Tejsz\u00f6vetkezet igazgat\u00f3s\u00e1gi [&hellip;]<\/p>\n","protected":false},"featured_media":0,"comment_status":"open","ping_status":"closed","template":"","meta":[],"product_brand":[],"product_cat":[137],"product_tag":[],"class_list":{"0":"post-8172","1":"product","2":"type-product","3":"status-publish","5":"product_cat-maros-megyei-eletrajzi-lexikon","7":"first","8":"instock","9":"shipping-taxable","10":"product-type-simple"},"_links":{"self":[{"href":"https:\/\/uj.adatbank.ro\/lexikon\/wp-json\/wp\/v2\/product\/8172","targetHints":{"allow":["GET"]}}],"collection":[{"href":"https:\/\/uj.adatbank.ro\/lexikon\/wp-json\/wp\/v2\/product"}],"about":[{"href":"https:\/\/uj.adatbank.ro\/lexikon\/wp-json\/wp\/v2\/types\/product"}],"replies":[{"embeddable":true,"href":"https:\/\/uj.adatbank.ro\/lexikon\/wp-json\/wp\/v2\/comments?post=8172"}],"wp:attachment":[{"href":"https:\/\/uj.adatbank.ro\/lexikon\/wp-json\/wp\/v2\/media?parent=8172"}],"wp:term":[{"taxonomy":"product_brand","embeddable":true,"href":"https:\/\/uj.adatbank.ro\/lexikon\/wp-json\/wp\/v2\/product_brand?post=8172"},{"taxonomy":"product_cat","embeddable":true,"href":"https:\/\/uj.adatbank.ro\/lexikon\/wp-json\/wp\/v2\/product_cat?post=8172"},{"taxonomy":"product_tag","embeddable":true,"href":"https:\/\/uj.adatbank.ro\/lexikon\/wp-json\/wp\/v2\/product_tag?post=8172"}],"curies":[{"name":"wp","href":"https:\/\/api.w.org\/{rel}","templated":true}]}}