{"id":8174,"date":"2025-06-29T10:16:57","date_gmt":"2025-06-29T08:16:57","guid":{"rendered":"https:\/\/uj.adatbank.ro\/lexikon\/termek\/fogarasi-geza\/"},"modified":"2025-06-29T10:16:57","modified_gmt":"2025-06-29T08:16:57","slug":"fogarasi-geza","status":"publish","type":"product","link":"https:\/\/uj.adatbank.ro\/lexikon\/termek\/fogarasi-geza\/","title":{"rendered":"FOGARASI G\u00e9za"},"content":{"rendered":"<p>Magyars\u00e1ros, 1909., \u2020 Bp., 1957.: \u00fajs\u00e1g\u00edr\u00f3. k\u00f6zgazd\u00e1sz. \u2013 Jogot v\u00e9gzett Kv.-on (1934); a Keleti \u00dajs\u00e1g munkat\u00e1rsa (1934\u201335); Az Erd\u00e9lyi Fiatalok technikai szerk. (1932\u201333), itt cikkeket is k\u00f6z\u00f6lt. Buk-ben \u00e9s megint Kv.-on dolgozott kereskedelmi kirendelts\u00e9gekn\u00e9l. Mo.-on \u00e9lt (1945\u2013). <br \/><strong>Irod.:<\/strong> Erd\u00e9lyi Fiatalok<\/br><\/p>\n","protected":false},"excerpt":{"rendered":"<p>Magyars\u00e1ros, 1909., \u2020 Bp., 1957.: \u00fajs\u00e1g\u00edr\u00f3. k\u00f6zgazd\u00e1sz. \u2013 Jogot v\u00e9gzett Kv.-on (1934); a Keleti \u00dajs\u00e1g munkat\u00e1rsa (1934\u201335); Az Erd\u00e9lyi Fiatalok technikai szerk. (1932\u201333), itt cikkeket is k\u00f6z\u00f6lt. Buk-ben \u00e9s megint Kv.-on dolgozott kereskedelmi kirendelts\u00e9gekn\u00e9l. Mo.-on \u00e9lt (1945\u2013). Irod.: Erd\u00e9lyi Fiatalok<\/p>\n","protected":false},"featured_media":0,"comment_status":"open","ping_status":"closed","template":"","meta":[],"product_brand":[],"product_cat":[137],"product_tag":[],"class_list":{"0":"post-8174","1":"product","2":"type-product","3":"status-publish","5":"product_cat-maros-megyei-eletrajzi-lexikon","7":"first","8":"instock","9":"shipping-taxable","10":"product-type-simple"},"_links":{"self":[{"href":"https:\/\/uj.adatbank.ro\/lexikon\/wp-json\/wp\/v2\/product\/8174","targetHints":{"allow":["GET"]}}],"collection":[{"href":"https:\/\/uj.adatbank.ro\/lexikon\/wp-json\/wp\/v2\/product"}],"about":[{"href":"https:\/\/uj.adatbank.ro\/lexikon\/wp-json\/wp\/v2\/types\/product"}],"replies":[{"embeddable":true,"href":"https:\/\/uj.adatbank.ro\/lexikon\/wp-json\/wp\/v2\/comments?post=8174"}],"wp:attachment":[{"href":"https:\/\/uj.adatbank.ro\/lexikon\/wp-json\/wp\/v2\/media?parent=8174"}],"wp:term":[{"taxonomy":"product_brand","embeddable":true,"href":"https:\/\/uj.adatbank.ro\/lexikon\/wp-json\/wp\/v2\/product_brand?post=8174"},{"taxonomy":"product_cat","embeddable":true,"href":"https:\/\/uj.adatbank.ro\/lexikon\/wp-json\/wp\/v2\/product_cat?post=8174"},{"taxonomy":"product_tag","embeddable":true,"href":"https:\/\/uj.adatbank.ro\/lexikon\/wp-json\/wp\/v2\/product_tag?post=8174"}],"curies":[{"name":"wp","href":"https:\/\/api.w.org\/{rel}","templated":true}]}}