{"id":8179,"date":"2025-06-29T10:17:07","date_gmt":"2025-06-29T08:17:07","guid":{"rendered":"https:\/\/uj.adatbank.ro\/lexikon\/termek\/fogarasi-janos-2\/"},"modified":"2025-06-29T10:17:07","modified_gmt":"2025-06-29T08:17:07","slug":"fogarasi-janos-2","status":"publish","type":"product","link":"https:\/\/uj.adatbank.ro\/lexikon\/termek\/fogarasi-janos-2\/","title":{"rendered":"FOGARASI J\u00e1nos"},"content":{"rendered":"<p>? \u2020\u00a0? : szat\u00f3cs. \u2013 Mv.-en bakani\u00e1s keresked\u0151 (1755). Az \u0150rm\u00e9ny keresked\u0151kkel megk\u00f6t\u00f6tt szerz\u0151d\u00e9s \u00e9rtelm\u00e9ben a v\u00e1ros \u00fagy int\u00e9zkedett hogy az \u00e1ltala haszn\u00e1lt piacsor melletti helyet \u00e1tadj\u00e1k 70 m. forint\u00e9rt a folyamod\u00f3 \u00f6rm\u00e9nyeknek (1760). <br \/><strong>Irod.:<\/strong> P\u00e1l-Antal 2009<\/br><\/p>\n","protected":false},"excerpt":{"rendered":"<p>? \u2020\u00a0? : szat\u00f3cs. \u2013 Mv.-en bakani\u00e1s keresked\u0151 (1755). Az \u0150rm\u00e9ny keresked\u0151kkel megk\u00f6t\u00f6tt szerz\u0151d\u00e9s \u00e9rtelm\u00e9ben a v\u00e1ros \u00fagy int\u00e9zkedett hogy az \u00e1ltala haszn\u00e1lt piacsor melletti helyet \u00e1tadj\u00e1k 70 m. forint\u00e9rt a folyamod\u00f3 \u00f6rm\u00e9nyeknek (1760). Irod.: P\u00e1l-Antal 2009<\/p>\n","protected":false},"featured_media":0,"comment_status":"open","ping_status":"closed","template":"","meta":[],"product_brand":[],"product_cat":[137],"product_tag":[],"class_list":{"0":"post-8179","1":"product","2":"type-product","3":"status-publish","5":"product_cat-maros-megyei-eletrajzi-lexikon","7":"first","8":"instock","9":"shipping-taxable","10":"product-type-simple"},"_links":{"self":[{"href":"https:\/\/uj.adatbank.ro\/lexikon\/wp-json\/wp\/v2\/product\/8179","targetHints":{"allow":["GET"]}}],"collection":[{"href":"https:\/\/uj.adatbank.ro\/lexikon\/wp-json\/wp\/v2\/product"}],"about":[{"href":"https:\/\/uj.adatbank.ro\/lexikon\/wp-json\/wp\/v2\/types\/product"}],"replies":[{"embeddable":true,"href":"https:\/\/uj.adatbank.ro\/lexikon\/wp-json\/wp\/v2\/comments?post=8179"}],"wp:attachment":[{"href":"https:\/\/uj.adatbank.ro\/lexikon\/wp-json\/wp\/v2\/media?parent=8179"}],"wp:term":[{"taxonomy":"product_brand","embeddable":true,"href":"https:\/\/uj.adatbank.ro\/lexikon\/wp-json\/wp\/v2\/product_brand?post=8179"},{"taxonomy":"product_cat","embeddable":true,"href":"https:\/\/uj.adatbank.ro\/lexikon\/wp-json\/wp\/v2\/product_cat?post=8179"},{"taxonomy":"product_tag","embeddable":true,"href":"https:\/\/uj.adatbank.ro\/lexikon\/wp-json\/wp\/v2\/product_tag?post=8179"}],"curies":[{"name":"wp","href":"https:\/\/api.w.org\/{rel}","templated":true}]}}