{"id":8181,"date":"2025-06-29T10:17:11","date_gmt":"2025-06-29T08:17:11","guid":{"rendered":"https:\/\/uj.adatbank.ro\/lexikon\/termek\/fogarasi-kis-tamas\/"},"modified":"2025-06-29T10:17:11","modified_gmt":"2025-06-29T08:17:11","slug":"fogarasi-kis-tamas","status":"publish","type":"product","link":"https:\/\/uj.adatbank.ro\/lexikon\/termek\/fogarasi-kis-tamas\/","title":{"rendered":"FOGARASI KIS Tam\u00e1s"},"content":{"rendered":"<p>? \u2020 Nagyteremi, 1685. m\u00e1rc. 29. : ref. lelk\u00e9sz. \u2013 Fogarason tanult (1650 k.), majd az iskola rektora volt (1660\u201363). Nagyteremiben volt lelk\u00e9sz (1669\u201385) \u00e9s a k\u00fck\u00fcll\u0151i egyh\u00e1zmegye esperese hal\u00e1l\u00e1ig (1684\u201385). \u2013 Irod: Kakasy M\u00e1rton: Naplemente (Mv., 1931); K\u00fck\u00fcll\u0151i Ref. Egyh\u00e1zm. 1., 4.; Zov\u00e1nyi<\/br><\/p>\n","protected":false},"excerpt":{"rendered":"<p>? \u2020 Nagyteremi, 1685. m\u00e1rc. 29. : ref. lelk\u00e9sz. \u2013 Fogarason tanult (1650 k.), majd az iskola rektora volt (1660\u201363). Nagyteremiben volt lelk\u00e9sz (1669\u201385) \u00e9s a k\u00fck\u00fcll\u0151i egyh\u00e1zmegye esperese hal\u00e1l\u00e1ig (1684\u201385). \u2013 Irod: Kakasy M\u00e1rton: Naplemente (Mv., 1931); K\u00fck\u00fcll\u0151i Ref. Egyh\u00e1zm. 1., 4.; Zov\u00e1nyi<\/p>\n","protected":false},"featured_media":0,"comment_status":"open","ping_status":"closed","template":"","meta":[],"product_brand":[],"product_cat":[137],"product_tag":[],"class_list":{"0":"post-8181","1":"product","2":"type-product","3":"status-publish","5":"product_cat-maros-megyei-eletrajzi-lexikon","7":"first","8":"instock","9":"shipping-taxable","10":"product-type-simple"},"_links":{"self":[{"href":"https:\/\/uj.adatbank.ro\/lexikon\/wp-json\/wp\/v2\/product\/8181","targetHints":{"allow":["GET"]}}],"collection":[{"href":"https:\/\/uj.adatbank.ro\/lexikon\/wp-json\/wp\/v2\/product"}],"about":[{"href":"https:\/\/uj.adatbank.ro\/lexikon\/wp-json\/wp\/v2\/types\/product"}],"replies":[{"embeddable":true,"href":"https:\/\/uj.adatbank.ro\/lexikon\/wp-json\/wp\/v2\/comments?post=8181"}],"wp:attachment":[{"href":"https:\/\/uj.adatbank.ro\/lexikon\/wp-json\/wp\/v2\/media?parent=8181"}],"wp:term":[{"taxonomy":"product_brand","embeddable":true,"href":"https:\/\/uj.adatbank.ro\/lexikon\/wp-json\/wp\/v2\/product_brand?post=8181"},{"taxonomy":"product_cat","embeddable":true,"href":"https:\/\/uj.adatbank.ro\/lexikon\/wp-json\/wp\/v2\/product_cat?post=8181"},{"taxonomy":"product_tag","embeddable":true,"href":"https:\/\/uj.adatbank.ro\/lexikon\/wp-json\/wp\/v2\/product_tag?post=8181"}],"curies":[{"name":"wp","href":"https:\/\/api.w.org\/{rel}","templated":true}]}}