{"id":8184,"date":"2025-06-29T10:17:19","date_gmt":"2025-06-29T08:17:19","guid":{"rendered":"https:\/\/uj.adatbank.ro\/lexikon\/termek\/fogarasi-matyas\/"},"modified":"2025-06-29T10:17:19","modified_gmt":"2025-06-29T08:17:19","slug":"fogarasi-matyas","status":"publish","type":"product","link":"https:\/\/uj.adatbank.ro\/lexikon\/termek\/fogarasi-matyas\/","title":{"rendered":"FOGARASI M\u00e1ty\u00e1s"},"content":{"rendered":"<p>? \u2020\u00a0? : ref. lelk\u00e9sz, tan\u00e1r. \u2013 Ap\u00e1czai tan\u00edtv\u00e1nya Kv.-on, a koll.-ban a s\u00edntaxis oszt\u00e1ly tan\u00edt\u00f3ja volt. Ap\u00e1czai vele mondatta el Disputatio de mente humana c. vitairat\u00e1t. (1658). D\u00e9sen rektor (1659). A mv.-i schola particula rektora (1661\u201365); pr\u00e9dik\u00e1tor Makfalv\u00e1n (1665\u2013), Koronk\u00e1n (1670\u201378). Mez\u0151paniton volt az els\u0151 ismert lelk\u00e9sz (1692\u201397). A kit\u0171n\u0151 pedag\u00f3gus helytelen\u00edtette a testi feny\u00edt\u00e9st, hangs\u00falyozta a nevel\u0151k szem\u00e9lyes p\u00e9ldaad\u00e1s\u00e1nak fontoss\u00e1g\u00e1t, a t\u00f6rv\u00e9nyek tiszteletben tart\u00e1s\u00e1nak sz\u00fcks\u00e9gess\u00e9g\u00e9t, melyet a k\u00f6z\u00f6ss\u00e9g alapj\u00e1nak tekintett. \u00dajraszervezte az iskola oktat\u00e1si rendszer\u00e9t. Az \u0151 kor\u00e1b\u00f3l maradt fenn a schola particula els\u0151 \u00f3rarendje! A legjobb tan\u00edtv\u00e1nyai k\u00f6z\u00fcl oszt\u00e1lytan\u00edt\u00f3kat nevezett ki, akiket arra buzd\u00edtott, hogy \u00f6szt\u00f6n\u00f6zz\u00e9k a tamul\u00f3k \u00f6n\u00e1ll\u00f3 gondolkod\u00e1s\u00e1t. A kv.-i partikul\u00e1ban Ap\u00e1czai Csere J\u00e1nos \u00e1ltal kialak\u00edtott tanrendhez hasonl\u00f3an, a mv.-i kisiskola tanterv\u00e9be iktatta, az \u00e9letrenevel\u00e9s \u00e9s \u00e9kessz\u00f3l\u00e1s elsaj\u00e1t\u00edt\u00e1sa \u00e9rdek\u00e9ben, Publius Terentius Afer fabul\u00e1inak, Vergilius k\u00f6ltem\u00e9nyeinek oktat\u00e1s\u00e1t. Tanterve Gid\u00f3falvi Bal\u00e1zs k\u00e9zir\u00e1s\u00e1ban maradt fenn, amit a Rom\u00e1n Orsz\u00e1gos Lev\u00e9lt\u00e1r Mv.-i Fi\u00f3kj\u00e1ban \u0151riznek. <br \/><strong>Irod.:<\/strong> Chiorean 2008; D\u00f3czy \u00d6rs: Purit\u00e1n oktat\u00e1sszervezeti elvek a 17. sz\u00e1zadi erd\u00e9lyi helv\u00e9thi\u0171 oktat\u00e1si int\u00e9zm\u00e9nyekben = Sebesty\u00e9n-Spielmann; Terentius \u00e9s Vergilius m\u0171veinek recepci\u00f3ja a mv.-i reform\u00e1tus partikula tanrendj\u00e9ben Fogarasi M\u00e1ty\u00e1s iskolamesters\u00e9ge alatt (1662\u20131665) = K\u00f6nyvek \u00e1ltal..; Er\u0151s v\u00e1runk; H\u00edres polg\u00e1rok; Koncz; P\u00e1l-Antal 2009; P\u00e1pai P\u00e1riz; Par\u00e1di<\/br><\/p>\n","protected":false},"excerpt":{"rendered":"<p>? \u2020\u00a0? : ref. lelk\u00e9sz, tan\u00e1r. \u2013 Ap\u00e1czai tan\u00edtv\u00e1nya Kv.-on, a koll.-ban a s\u00edntaxis oszt\u00e1ly tan\u00edt\u00f3ja volt. Ap\u00e1czai vele mondatta el Disputatio de mente humana c. vitairat\u00e1t. (1658). D\u00e9sen rektor (1659). A mv.-i schola particula rektora (1661\u201365); pr\u00e9dik\u00e1tor Makfalv\u00e1n (1665\u2013), Koronk\u00e1n (1670\u201378). Mez\u0151paniton volt az els\u0151 ismert lelk\u00e9sz (1692\u201397). A kit\u0171n\u0151 pedag\u00f3gus helytelen\u00edtette a testi [&hellip;]<\/p>\n","protected":false},"featured_media":0,"comment_status":"open","ping_status":"closed","template":"","meta":[],"product_brand":[],"product_cat":[137],"product_tag":[],"class_list":{"0":"post-8184","1":"product","2":"type-product","3":"status-publish","5":"product_cat-maros-megyei-eletrajzi-lexikon","7":"first","8":"instock","9":"shipping-taxable","10":"product-type-simple"},"_links":{"self":[{"href":"https:\/\/uj.adatbank.ro\/lexikon\/wp-json\/wp\/v2\/product\/8184","targetHints":{"allow":["GET"]}}],"collection":[{"href":"https:\/\/uj.adatbank.ro\/lexikon\/wp-json\/wp\/v2\/product"}],"about":[{"href":"https:\/\/uj.adatbank.ro\/lexikon\/wp-json\/wp\/v2\/types\/product"}],"replies":[{"embeddable":true,"href":"https:\/\/uj.adatbank.ro\/lexikon\/wp-json\/wp\/v2\/comments?post=8184"}],"wp:attachment":[{"href":"https:\/\/uj.adatbank.ro\/lexikon\/wp-json\/wp\/v2\/media?parent=8184"}],"wp:term":[{"taxonomy":"product_brand","embeddable":true,"href":"https:\/\/uj.adatbank.ro\/lexikon\/wp-json\/wp\/v2\/product_brand?post=8184"},{"taxonomy":"product_cat","embeddable":true,"href":"https:\/\/uj.adatbank.ro\/lexikon\/wp-json\/wp\/v2\/product_cat?post=8184"},{"taxonomy":"product_tag","embeddable":true,"href":"https:\/\/uj.adatbank.ro\/lexikon\/wp-json\/wp\/v2\/product_tag?post=8184"}],"curies":[{"name":"wp","href":"https:\/\/api.w.org\/{rel}","templated":true}]}}