{"id":8185,"date":"2025-06-29T10:17:21","date_gmt":"2025-06-29T08:17:21","guid":{"rendered":"https:\/\/uj.adatbank.ro\/lexikon\/termek\/fogarasi-mihaly-v-fogarasi-v-mihaly\/"},"modified":"2025-06-29T10:17:21","modified_gmt":"2025-06-29T08:17:21","slug":"fogarasi-mihaly-v-fogarasi-v-mihaly","status":"publish","type":"product","link":"https:\/\/uj.adatbank.ro\/lexikon\/termek\/fogarasi-mihaly-v-fogarasi-v-mihaly\/","title":{"rendered":"FOGARASI Mih\u00e1ly, V., Fogarasi V. Mih\u00e1ly"},"content":{"rendered":"<p>? \u2020\u00a0? : tan\u00e1r, ref. lelk\u00e9sz. \u2013 A mv.-i Ref. Koll. professzora, rektora (1653. dec. 6. -\u201357. \u00e1pr.). Mez\u0151madarason teljes\u00edtett lelk\u00e9szi szolg\u00e1latot, tan\u00edtott is, marossz\u00e9ki ref. esperes (1685 \u2013 1711.). <br \/><strong>Irod.:<\/strong> Chiorean 2008; Id\u0151t\u00e1r 1; K. L. M\u0171v. t\u00f6rt. tan. 1.; Koncz; Kozma; Marossz\u00e9ki kr\u00f3nik\u00e1k 1.; Zov\u00e1nyi<\/br><\/p>\n","protected":false},"excerpt":{"rendered":"<p>? \u2020\u00a0? : tan\u00e1r, ref. lelk\u00e9sz. \u2013 A mv.-i Ref. Koll. professzora, rektora (1653. dec. 6. -\u201357. \u00e1pr.). Mez\u0151madarason teljes\u00edtett lelk\u00e9szi szolg\u00e1latot, tan\u00edtott is, marossz\u00e9ki ref. esperes (1685 \u2013 1711.). Irod.: Chiorean 2008; Id\u0151t\u00e1r 1; K. L. M\u0171v. t\u00f6rt. tan. 1.; Koncz; Kozma; Marossz\u00e9ki kr\u00f3nik\u00e1k 1.; Zov\u00e1nyi<\/p>\n","protected":false},"featured_media":0,"comment_status":"open","ping_status":"closed","template":"","meta":[],"product_brand":[],"product_cat":[137],"product_tag":[],"class_list":{"0":"post-8185","1":"product","2":"type-product","3":"status-publish","5":"product_cat-maros-megyei-eletrajzi-lexikon","7":"first","8":"instock","9":"shipping-taxable","10":"product-type-simple"},"_links":{"self":[{"href":"https:\/\/uj.adatbank.ro\/lexikon\/wp-json\/wp\/v2\/product\/8185","targetHints":{"allow":["GET"]}}],"collection":[{"href":"https:\/\/uj.adatbank.ro\/lexikon\/wp-json\/wp\/v2\/product"}],"about":[{"href":"https:\/\/uj.adatbank.ro\/lexikon\/wp-json\/wp\/v2\/types\/product"}],"replies":[{"embeddable":true,"href":"https:\/\/uj.adatbank.ro\/lexikon\/wp-json\/wp\/v2\/comments?post=8185"}],"wp:attachment":[{"href":"https:\/\/uj.adatbank.ro\/lexikon\/wp-json\/wp\/v2\/media?parent=8185"}],"wp:term":[{"taxonomy":"product_brand","embeddable":true,"href":"https:\/\/uj.adatbank.ro\/lexikon\/wp-json\/wp\/v2\/product_brand?post=8185"},{"taxonomy":"product_cat","embeddable":true,"href":"https:\/\/uj.adatbank.ro\/lexikon\/wp-json\/wp\/v2\/product_cat?post=8185"},{"taxonomy":"product_tag","embeddable":true,"href":"https:\/\/uj.adatbank.ro\/lexikon\/wp-json\/wp\/v2\/product_tag?post=8185"}],"curies":[{"name":"wp","href":"https:\/\/api.w.org\/{rel}","templated":true}]}}