{"id":8186,"date":"2025-06-29T10:17:23","date_gmt":"2025-06-29T08:17:23","guid":{"rendered":"https:\/\/uj.adatbank.ro\/lexikon\/termek\/fogarasi-nagy-pal\/"},"modified":"2025-06-29T10:17:23","modified_gmt":"2025-06-29T08:17:23","slug":"fogarasi-nagy-pal","status":"publish","type":"product","link":"https:\/\/uj.adatbank.ro\/lexikon\/termek\/fogarasi-nagy-pal\/","title":{"rendered":"FOGARASI NAGY P\u00e1l"},"content":{"rendered":"<p>Mv., ? \u2020\u00a0? : kir. t\u00e1blai \u00fcgyv\u00e9d Mv.-en. \u2013 Apja: Nagy P. (\u2020 1826.). &#8211; A forradalmat k\u00f6vet\u0151 r\u00e9muralom alatt (1850) feles\u00e9g\u00e9t egy osztr\u00e1k husz\u00e1rkapit\u00e1ny nyilv\u00e1nos helyen b\u00e1ntalmazta, a f\u00e9rje el\u00e9gt\u00e9telre nem sz\u00e1m\u00edthatott, h\u00e1z\u00e1t eladta elhagyta sz\u00fcl\u0151v\u00e1ros\u00e1t \u00e9s csal\u00e1dj\u00e1val egy\u00fctt Bp. -re k\u00f6lt\u00f6z\u00f6tt, ahol a nemzeti sz\u00ednh\u00e1zn\u00e1l volt alkalmaz\u00e1sban. Egyik fia Albert a Noszlopy-f\u00e9le titkos t\u00e1rsas\u00e1gba elegyedett \u00e9s kiv\u00e9gezt\u00e9k. K\u00f6ltem\u00e9nyeit a J\u00e1cint \u00e9s Aglaja k\u00f6z\u00f6lte. \u2013 <strong>F. m.:<\/strong> A k\u00fcls\u0151 sz\u00edn csak csalja a vil\u00e1got\u00a0: Vigj\u00e1t\u00e9k h\u00e1ron felvon\u00e1sban. A m\u00e1gnes \u00e1lomj\u00e1r\u00f3: Szomor\u00faj\u00e1t\u00e9k h\u00e1rom felvon\u00e1sban (Mv., 1829)\u00a0(el\u0151adt\u00e1k \u00dajvid\u00e9ken \u00e9s Kass\u00e1n. 1836, 1838); A v\u00e9res \u00f6r\u00f6ks\u00e9g: Szomor\u00faj\u00e1t\u00e9k k\u00e9t felvon\u00e1sban (Mv., 1827); Z\u00e1ch Kl\u00e1ra: Magyar t\u00f6rt\u00e9neti dr\u00e1ma h\u00e1rom szakaszban (Mv., 1839); A Bubekek: Szomor\u00faj\u00e1t\u00e9k \u00f6t felvon\u00e1sban (Mv., 1840); F. N. P. sz\u00ednj\u00e1t\u00e9kai (s. l., s. a.). <br \/><strong>Irod.:<\/strong> F\u00fcl\u00f6p\u2013Ferencz; Sch\u00f6pflin; Szinnyei<\/br><\/p>\n","protected":false},"excerpt":{"rendered":"<p>Mv., ? \u2020\u00a0? : kir. t\u00e1blai \u00fcgyv\u00e9d Mv.-en. \u2013 Apja: Nagy P. (\u2020 1826.). &#8211; A forradalmat k\u00f6vet\u0151 r\u00e9muralom alatt (1850) feles\u00e9g\u00e9t egy osztr\u00e1k husz\u00e1rkapit\u00e1ny nyilv\u00e1nos helyen b\u00e1ntalmazta, a f\u00e9rje el\u00e9gt\u00e9telre nem sz\u00e1m\u00edthatott, h\u00e1z\u00e1t eladta elhagyta sz\u00fcl\u0151v\u00e1ros\u00e1t \u00e9s csal\u00e1dj\u00e1val egy\u00fctt Bp. -re k\u00f6lt\u00f6z\u00f6tt, ahol a nemzeti sz\u00ednh\u00e1zn\u00e1l volt alkalmaz\u00e1sban. Egyik fia Albert a Noszlopy-f\u00e9le titkos [&hellip;]<\/p>\n","protected":false},"featured_media":0,"comment_status":"open","ping_status":"closed","template":"","meta":[],"product_brand":[],"product_cat":[137],"product_tag":[],"class_list":{"0":"post-8186","1":"product","2":"type-product","3":"status-publish","5":"product_cat-maros-megyei-eletrajzi-lexikon","7":"first","8":"instock","9":"shipping-taxable","10":"product-type-simple"},"_links":{"self":[{"href":"https:\/\/uj.adatbank.ro\/lexikon\/wp-json\/wp\/v2\/product\/8186","targetHints":{"allow":["GET"]}}],"collection":[{"href":"https:\/\/uj.adatbank.ro\/lexikon\/wp-json\/wp\/v2\/product"}],"about":[{"href":"https:\/\/uj.adatbank.ro\/lexikon\/wp-json\/wp\/v2\/types\/product"}],"replies":[{"embeddable":true,"href":"https:\/\/uj.adatbank.ro\/lexikon\/wp-json\/wp\/v2\/comments?post=8186"}],"wp:attachment":[{"href":"https:\/\/uj.adatbank.ro\/lexikon\/wp-json\/wp\/v2\/media?parent=8186"}],"wp:term":[{"taxonomy":"product_brand","embeddable":true,"href":"https:\/\/uj.adatbank.ro\/lexikon\/wp-json\/wp\/v2\/product_brand?post=8186"},{"taxonomy":"product_cat","embeddable":true,"href":"https:\/\/uj.adatbank.ro\/lexikon\/wp-json\/wp\/v2\/product_cat?post=8186"},{"taxonomy":"product_tag","embeddable":true,"href":"https:\/\/uj.adatbank.ro\/lexikon\/wp-json\/wp\/v2\/product_tag?post=8186"}],"curies":[{"name":"wp","href":"https:\/\/api.w.org\/{rel}","templated":true}]}}