{"id":8187,"date":"2025-06-29T10:17:25","date_gmt":"2025-06-29T08:17:25","guid":{"rendered":"https:\/\/uj.adatbank.ro\/lexikon\/termek\/fogarasi-pap-jozsef-fogarasi-pap-josephus-pap-jozsef-fogarasi\/"},"modified":"2025-07-14T09:21:10","modified_gmt":"2025-07-14T07:21:10","slug":"fogarasi-pap-jozsef-fogarasi-pap-josephus-pap-jozsef-fogarasi","status":"publish","type":"product","link":"https:\/\/uj.adatbank.ro\/lexikon\/termek\/fogarasi-pap-jozsef-fogarasi-pap-josephus-pap-jozsef-fogarasi\/","title":{"rendered":"FOGARASI PAP J\u00f3zsef, Fogarasi Pap Josephus, Pap J\u00f3zsef, fogarasi"},"content":{"rendered":"<p>Sz\u00e1szv\u00e1ros, 1744. aug. 26., \u2020 Mv., 1784. dec. 17.: tan\u00e1r, ref. lelk\u00e9sz, filoz\u00f3fus, matematikus. \u2013 Apja F. P. M\u00e1t\u00e9 f\u0151iskolai tan\u00e1r, nagyapja Papp Mih\u00e1ly fogarasi v\u00e1rosi polg\u00e1rk\u00e9nt vette fel a Fogarasi nevet. Egy\u00e9ves kor\u00e1ban meghalt az apja (1745) \u00e9s Abacs J\u00f3zsef gerendi pap vette gondjaiba. Feles\u00e9ge: Wibel Erzs\u00e9bet, aki hamar megtanult magyarul, holland ezredes le\u00e1nya. \u2013 A nagyenyedi koll.-ban tanult kilenc \u00e9vig (1760\u201369) h\u00e9ber-, g\u00f6r\u00f6g-, latin nyelvet, arheologi\u00e1t, t\u00f6rt\u00e9nelmet, f\u00f6ldrajzot, term\u00e9szettant, mennyis\u00e9gtant, teol\u00f3gi\u00e1t \u00e9s filoz\u00f3fi\u00e1t; a retorikai oszt\u00e1ly prceptora (1768). \u00d6ssze\u00fctk\u00f6z\u00e9sbe ker\u00fclt Kov\u00e1ts J\u00f3zsef filoz\u00f3fiaprof. -al; Teleki S\u00e1muel gr. aj\u00e1nl\u00f3level\u00e9vel k\u00fclf\u00f6ldre ment: Baselben filoz\u00f3fi\u00e1t hallgatott (1769\u2013), majd Odera-Frankfurtban (1770), Gr\u00f6ningenben (1771), Franekerben (1772), Utrechtben (1772\u201374) folytatta egyetemi tanulm\u00e1nyait (1772\u201374). H\u00e1rom \u00e9vet t\u00f6lt\u00f6tt Utrechtben, ahol Hahn \u00e9s Henner tan\u00e1rok bizalm\u00e1t megnyerte, Hahn fia nevel\u00e9s\u00e9t is r\u00e1bizta, t\u00f6bb el\u0151kel\u0151 tan\u00edtv\u00e1nya volt pl. az indiai alkir\u00e1ly fia is. A tudom\u00e1nyos szin\u00f3dus v\u00e9gz\u00e9se alapj\u00e1n lel\u00adk\u00e9ssz\u00e9 avatt\u00e1k (1774. j\u00fan. 7), majd a sz\u00e9pm\u0171v\u00e9szet mester\u00e9v\u00e9 \u00e9s b\u00f6lcs\u00e9szdoktorr\u00e1 (1774. aug.). Ugyanazon \u00e9vben megn\u0151s\u00fclt. Ezut\u00e1n visszat\u00e9rt Erd\u00e9lybe, Sz\u00e1szv\u00e1rosban telepedett le ahol, ahol tan\u00edtott, pap volt (1774\u201379). Sz\u00e1szv\u00e1rosi lelk\u00e9sz kor\u00e1ban (1778) elnyerte a berlini tudom\u00e1ny \u00e9s sz\u00e9pm\u0171v\u00e9szeti Akad. p\u00e1lyad\u00edj\u00e1t egy latin nyelv\u0171 \u00e9rtekez\u00e9s\u00e9vel, amelyben a zenei \u00e9s sz\u00e1mtani felfog\u00e1s \u00e9s szerkeszt\u00e9s k\u00fcl\u00f6mbs\u00e9g\u00e9r\u0151l \u00e9rtekezett, Berlinben jelent meg. Mv.-re h\u00edvt\u00e1k meg a b\u00f6lcselet \u00e9s mennyis\u00e9gtan tan\u00e1r\u00e1nak (1779. nov. 27. \u2013 1784). Az els\u0151 professzor volt, akit II J\u00f3zsef a budai egyetemre kinevezett rendes tan\u00e1rnak (1784. okt. 26.), de hirtelen hal\u00e1la miatt nem foglalhatta el \u00e1ll\u00e1s\u00e1t. Alkalmi k\u00f6ltem\u00e9nyei, teol\u00f3giai, mor\u00e1l-filoz\u00f3fiai munk\u00e1i jelentek meg latin, francia, holland nyelven. A berlini, harlemi, leydeni \u00e9s seelandi akad. -\u00e1kon (1772\u201384), tizenegy p\u00e1ly\u00e1zat\u00e1val \u00f6t arany\u00e9rmet, egy ez\u00fcst\u00e9rmet, h\u00e1rommal dics\u00e9retett nyert, \u00f6sszesen 234 arany \u00e9rt\u00e9kben. Az arany eml\u00e9kp\u00e9nzeket, melyekkel jutalmul kapott a Magyar Nemzeti M\u00fazeumban \u0151rzik. \u00c1ltala a mv.-i ref. koll. bekapcsol\u00f3dott az eur\u00f3pai tudom\u00e1nyos \u00e9letbe. Els\u0151k\u00e9nt tan\u00edtotta Mv.-en Christian Wolff \u00e9s Leibnitz tanai szerint az aritmetik\u00e1t, geom\u00e9tri\u00e1t \u00e9s trigonometri\u00e1t, mint arr\u00f3l besz\u00e1molt jelent\u00e9s\u00e9ben a Ref. F\u0151konziszt\u00f3riumnak (1781. okt. 11.). Szigeti Gy. Mih\u00e1ly s\u00edriratot k\u00e9sz\u00edtett eml\u00e9k\u00e9re, melyet Koncz J\u00f3zsef k\u00f6z\u00f6l Benk\u0151 J\u00f3zsef s\u00edrk\u0151felirat\u00e1val egy\u00fctt. Peczeli J\u00f3zsef is \u00edrt 22 sorb\u00f3l \u00e1ll\u00f3 s\u00edrverset. Tisztel\u0151i Kv.-on nyomtattak (1785) Charta funebrist, melyet Gomb\u00e1si Istv\u00e1n szerkesztett. \u2013 <strong>F. m.:<\/strong> Novae Martis et Veneris Syzygiae ac auspicatisssium perichelium \u2013 B\u00e1r\u00f3 Kem\u00e9ny Zsigmond \u00e9s gr. Teleki Juli\u00e1nna mennyegz\u0151j\u00e9re \u00edrt latin \u00e9s m. versek (s. l. 1766); Dissertatio nova de sensu morali (Lugduni, 1773); Dissertatio philosophica inauguralis de natura aeternitatis successionis experte, et duratione rerum successiva initium necessario habente. (Trajecti ad Rhenum, 1774); Bruz L\u00e1szl\u00f3. csud\u00e1latos b\u00e1gyad\u00e1s\u00e1nak \u00e9s abbol egy liliomsz\u00e1l. Sz\u00e1raz M\u00e1ria \u00e1ltal lett kiv\u00e1natos meggy\u00f3gyul\u00e1s\u00e1nak r\u00f6vid hist\u00f3ri\u00e1ja..: Mennyegz\u0151i vers (Szeben, 1778); Minden asszonyi nemet meg\u00e9kes\u00edt\u0151 kereszt\u00e9nyi igaz virtusoknak egy t\u00f6k\u00e9letes p\u00e9ld\u00e1nya. sz\u00e9ki Teleki Eszter gr. Toroczkai Zsigmond \u00e9lete p\u00e1rja, kinek kegyess\u00e9g\u00e9hez szabott \u00e9let\u00e9t \u00e9s ahhoz hasonl\u00f3 hal\u00e1l\u00e1t egy\u00fcgy\u00fcen de igaz\u00e1n leirta. : Gy\u00e1szvers (Kv., 1779); Dissertatio sur la force primitive, qui a remport\u00e9 le prix propos\u00e9 par l`Acad\u00e9mie royale des sciences et belles-lettres pour l`ann\u00e9e MDCCLXXIX. \u2013 Dissertatio de vi subtantiali, ejus notione, natura et determinationis legibus. (Berlin, 1780) Csak a c\u00edmlap francia nyelv\u0171; Verhandeling von\u2026 ter beantwoording der vraage door de heeren bezorgeren van het Stolpianisch legaat, voorgesteld in den jaare 1782. Disputatio, qua demonstratur, non esse contra naturam Dei perfectissimam, efficisse mundum, in quo mala insunt) (Leyden, 1784); P\u00e1lyamunk\u00e1i: Potest-ne naturae scrutator ex cognitis jam observationibus et experimentis consectaria ad disquisitionem causarum hactenus incognitarium phenomenarum colligere ? si possit qua ratione hoc fiat ( 1775) (els\u0151 p\u00e1lyam\u0171ve a flessingi tud\u00f3st\u00e1rsas\u00e1g p\u00e1ly\u00e1zat\u00e1ra 1772.-ben 30 arany \u00e9rt\u00e9k\u0171 eml\u00e9kp\u00e9nzt nyert \u2013 hollandra is leford\u00edtott\u00e1k); Disquisitio utrium homini innatus, sit aliquis sensus, quo dirigatus ad dignoscendum et impellatur ad faciendum bonum morale ? Accedunt de eodem argumento dissertationes IX. \u2026 \u2013 Latine (Lugduni Batavorum, 1774) ( m\u00e1sodik p\u00e1lyam\u0171ve, ezzel a leydeni akad\u00e9mi\u00e1n 1773. ban m\u00e1sodik jutalmat nyert); A Dans toute la natureon observe des effets : il y a done des forces c. m\u0171v\u00e9nek kivonat\u00e1t Aranka Gy\u00f6rgy hagyat\u00e9k\u00e1ban tal\u00e1lt\u00e1k meg (Berlin, 1788), ez a harmadik p\u00e1lyam\u0171ve, amely\u00e9rt a berlini akad\u00e9mia kit\u0171z\u00e9s\u00e9re nyert el \u00e9s 50 aranyat kapott (Berlin, 1778 latinul jelent meg), Possitne unnitas dei ex sola ratione demonstrari ? Fueruntne populi vel philosophi, qui ad ejus cognitionem absque ullo revelationis alicujus auxilio pervenerunt ? (Lugd. Batavorum, 1780) (negyedik p\u00e1lyam\u0171ve Leydenben a m\u00e1sodik jutalmat nyerte); Potestne demonstrari, dari providentiam specialem a generali, qua deus secundum leges generales hunc mundum administrat, distinctam ? Si ita possuntne certi proferri characteres, quorum ope effecta specialis prividentiae ab illis generalis providentiae effectibus distingui quenqnt ? (Harlem, 1782) (\u00f6t\u00f6dik p\u00e1lyam\u0171ve, a harlemi Teyleriana T\u00e1rsas\u00e1g ki\u00edr\u00e1s\u00e1ra a m\u00e1sodik jutalmat, ez\u00fcst eml\u00e9kp\u00e9nzt nyert, holland nyelven is kiadt\u00e1k); Que est natura noralis libertatis et quomodo pmnium optime demonstrari possit, nos esse entia moralia libere agentia ? (Harlemm 1782)( hatodik p\u00e1lyam\u0171ve, a harlemi Teyleriana T\u00e1rsas\u00e1g ki\u00edr\u00e1s\u00e1ra 80 holland arany eml\u00e9kp\u00e9nzt nyert, holland nyelven is kiadt\u00e1k); Quaenam analogiae sunt fundamenta et signa ? Quomodo philosophum ad explorandis physicas et morales veritates ea uti oporteat ? (Harlem, 1783)( hetedik p\u00e1lyam\u0171ve 1782 harlemi de m\u00e1s tudom\u00e1nyos t\u00e1rsas\u00e1g ki\u00edr\u00e1sa, 24 holland arany \u00e9rt\u00e9k\u0171 eml\u00e9kp\u00e9nzt nyert, hollandul is); Disputatio qua demonstratur nullum in ethica christiana praeceptum esse, quo et singuli cives in commodis suis sequendis et principes in republica secundum politices regulas administranda impediantur. Accedunt de eodem argumento dissertetiones tres, prima Belgice a Petra Verstap Juniore, secunda Latine ab anonymo, tertio Latine \u2013 conscriptae (Lugduni Batavorum, 1782) (nyolcadik p\u00e1lyam\u0171ve a leydeni Stolpianum Akad\u00e9mia dics\u00e9rettel t\u00fcntette ki); Disputatio, qua remonstratur, non esse contra naturam Dei perfectissimam, effecisse mundum, in quo mala insunt (Lugundi Batavorum, 1784) (kilencedik p\u00e1lyam\u0171ve a Stolpianum legatum ki\u00edr\u00e1s\u00e1ra 1783-ban 50 arany \u00e9rt\u00e9k\u0171 \u00e9rmet nyert); Ultrum solidus aliqius philosophus sufficiat ad sub ruendam religiomem revalatam. (Tizedik p\u00e1lyam\u0171ve, 1784-ben a harlemi Teyleriana T\u00e1rsas\u00e1g ki\u00edr\u00e1sa, hal\u00e1la el\u0151tt h\u00e1rom \u00e9vvel k\u00fcldte el , a jutalmat m\u00e1s nyerte, nem biztos hogy megjelent); Tizenegyedik p\u00e1lyam\u0171v\u00e9t nem fejezte be a Berlini Kir. Tud. Akad\u00e9mia ki\u00edr\u00e1s\u00e1ra; Disputatio, qua remonstratur possit, non esse contra naturam Dei perfectissimum efficiasse mundum, in quo morala insunt (Lugundi Batavorum, 1784); Socrates redivivus seu imago philosophi vere Christiani, qua exhibetur clarissimus, ac divini ingenii (szerk. Gomb\u00e1si Istv\u00e1n ; Kv., 1785). K\u00e9zirata: Excerptum ex pralectionibus physics. Tom posterior : Elementa philos natur (egykori m\u00e1solatban Gergely Lajos berekereszt\u00fari ref. lelk\u00e9sz aj\u00e1nd\u00e9kozta a mv.-i reform. f\u0151iskola k\u00f6nyvt\u00e1r\u00e1nak).<br \/>\n<strong>Irod.:<\/strong> \u00c1M\u00c9L; Benk\u0151 J\u00f3zsef: Olcs\u00f3 \u00e9rceket aranny\u00e1 v\u00e1ltoztat\u00f3 erd\u00e9lyi magyar alchimista. F. P. J. in Socrates redivivus. (szerk Gomb\u00e1si Istv\u00e1n, Kv., 1785), Bisztray Gyula: \u00cdr\u00f3 \u00e9s nemzet (Bp., 1943); Csekme; Er\u0151s v\u00e1runk; Gy\u0151ry; Halotti besz\u00e9dek; Id\u0151t\u00e1r 1; Kiss-K\u00e1lm\u00e1n-Bierbrunner; Koncz; Koncz J\u00f3zsef: F. P. J. eml\u00e9kezete (Prot. Egyh. \u00e9s Isk. Lap, 1897); Kov\u00e1sznai; Kozma B\u00e9la: Koll\u00e9giumunk \u00e9s az Erd\u00e9lyi Magyar Nyelvm\u00edvel\u0151 T\u00e1rsas\u00e1g (2.)(N\u00fa., 1993. aug. 11.); Makkai Ern\u0151: F. P. J. mv.-i b\u00f6lcs\u00e9sz \u00e9lete \u00e9s munk\u00e1ss\u00e1ga (Szellem \u00e9s \u00c9let, 1944. 1\u20133.); M\u00e1th\u00e9-Haller; M\u00c9L\u00a0; Pallas Nagy Lexikon; Par\u00e1di; Peth\u0151 Gyula: A m. term\u00e9szettudom\u00e1nyi irodalom fejl\u0151d\u00e9se \u00e9s f\u00f6llend\u00fcl\u00e9se (Bp., 1900); RMIL; RMK III\/18. sz.; RNL; Rugonfalvi Kiss; Salamon J\u00f3zsef: De statu Ecclesiae Evangelico-Reformatae in Transilvania (Claudiopoli-Lipsiae, 1840); Szentgy\u00f6rgyi; Szigethi Mih\u00e1ly: Socrates redivium seu imago philosophi vere christiani (Kv., 1785); Szily K\u00e1lm\u00e1n: Adal\u00e9kok a m. nyelv \u00e9s irodalom t\u00f6rt\u00e9net\u00e9hez (Bp., 1898); Szinnyei; Szinnyei J\u00f3zsef; Szinnyei J-Sz. J.; Thury; \u00daM\u00c9L; Zenei lex.<\/p>\n","protected":false},"excerpt":{"rendered":"<p>Sz\u00e1szv\u00e1ros, 1744. aug. 26., \u2020 Mv., 1784. dec. 17.: tan\u00e1r, ref. lelk\u00e9sz, filoz\u00f3fus, matematikus. \u2013 Apja F. P. M\u00e1t\u00e9 f\u0151iskolai tan\u00e1r, nagyapja Papp Mih\u00e1ly fogarasi v\u00e1rosi polg\u00e1rk\u00e9nt vette fel a Fogarasi nevet. Egy\u00e9ves kor\u00e1ban meghalt az apja (1745) \u00e9s Abacs J\u00f3zsef gerendi pap vette gondjaiba. Feles\u00e9ge: Wibel Erzs\u00e9bet, aki hamar megtanult magyarul, holland ezredes le\u00e1nya. [&hellip;]<\/p>\n","protected":false},"featured_media":0,"comment_status":"open","ping_status":"closed","template":"","meta":[],"product_brand":[],"product_cat":[137],"product_tag":[],"class_list":{"0":"post-8187","1":"product","2":"type-product","3":"status-publish","5":"product_cat-maros-megyei-eletrajzi-lexikon","7":"first","8":"instock","9":"shipping-taxable","10":"product-type-simple"},"_links":{"self":[{"href":"https:\/\/uj.adatbank.ro\/lexikon\/wp-json\/wp\/v2\/product\/8187","targetHints":{"allow":["GET"]}}],"collection":[{"href":"https:\/\/uj.adatbank.ro\/lexikon\/wp-json\/wp\/v2\/product"}],"about":[{"href":"https:\/\/uj.adatbank.ro\/lexikon\/wp-json\/wp\/v2\/types\/product"}],"replies":[{"embeddable":true,"href":"https:\/\/uj.adatbank.ro\/lexikon\/wp-json\/wp\/v2\/comments?post=8187"}],"wp:attachment":[{"href":"https:\/\/uj.adatbank.ro\/lexikon\/wp-json\/wp\/v2\/media?parent=8187"}],"wp:term":[{"taxonomy":"product_brand","embeddable":true,"href":"https:\/\/uj.adatbank.ro\/lexikon\/wp-json\/wp\/v2\/product_brand?post=8187"},{"taxonomy":"product_cat","embeddable":true,"href":"https:\/\/uj.adatbank.ro\/lexikon\/wp-json\/wp\/v2\/product_cat?post=8187"},{"taxonomy":"product_tag","embeddable":true,"href":"https:\/\/uj.adatbank.ro\/lexikon\/wp-json\/wp\/v2\/product_tag?post=8187"}],"curies":[{"name":"wp","href":"https:\/\/api.w.org\/{rel}","templated":true}]}}