{"id":8190,"date":"2025-06-29T10:17:34","date_gmt":"2025-06-29T08:17:34","guid":{"rendered":"https:\/\/uj.adatbank.ro\/lexikon\/termek\/fogarasi-samuel-fogarasi-szabo-samuel\/"},"modified":"2025-06-29T10:17:34","modified_gmt":"2025-06-29T08:17:34","slug":"fogarasi-samuel-fogarasi-szabo-samuel","status":"publish","type":"product","link":"https:\/\/uj.adatbank.ro\/lexikon\/termek\/fogarasi-samuel-fogarasi-szabo-samuel\/","title":{"rendered":"FOGARASI S\u00e1muel, Fogarasi Szab\u00f3 S\u00e1muel"},"content":{"rendered":"<p>? \u2020 ? : szab\u00f3, k\u00e1d\u00e1r. \u2013 Feles\u00e9ge: B\u00e1ntsa Erzs\u00e9bet. Fi\u00fak: F. Sz. J\u00f3zsef (sz. 1717), unok\u00e1ja F. Sz. S\u00e1muel. \u2013 Gyulafeh\u00e9rv\u00e1ri di\u00e1k volt (1776-ig), majd Mv.-en folytatta tanulm\u00e1nyait. <br \/><strong>Irod.:<\/strong> Fogarasi; Ny\u00e1r\u00e1dszentbenedek<\/br><\/p>\n","protected":false},"excerpt":{"rendered":"<p>? \u2020 ? : szab\u00f3, k\u00e1d\u00e1r. \u2013 Feles\u00e9ge: B\u00e1ntsa Erzs\u00e9bet. Fi\u00fak: F. Sz. J\u00f3zsef (sz. 1717), unok\u00e1ja F. Sz. S\u00e1muel. \u2013 Gyulafeh\u00e9rv\u00e1ri di\u00e1k volt (1776-ig), majd Mv.-en folytatta tanulm\u00e1nyait. Irod.: Fogarasi; Ny\u00e1r\u00e1dszentbenedek<\/p>\n","protected":false},"featured_media":0,"comment_status":"open","ping_status":"closed","template":"","meta":[],"product_brand":[],"product_cat":[137],"product_tag":[],"class_list":{"0":"post-8190","1":"product","2":"type-product","3":"status-publish","5":"product_cat-maros-megyei-eletrajzi-lexikon","7":"first","8":"instock","9":"shipping-taxable","10":"product-type-simple"},"_links":{"self":[{"href":"https:\/\/uj.adatbank.ro\/lexikon\/wp-json\/wp\/v2\/product\/8190","targetHints":{"allow":["GET"]}}],"collection":[{"href":"https:\/\/uj.adatbank.ro\/lexikon\/wp-json\/wp\/v2\/product"}],"about":[{"href":"https:\/\/uj.adatbank.ro\/lexikon\/wp-json\/wp\/v2\/types\/product"}],"replies":[{"embeddable":true,"href":"https:\/\/uj.adatbank.ro\/lexikon\/wp-json\/wp\/v2\/comments?post=8190"}],"wp:attachment":[{"href":"https:\/\/uj.adatbank.ro\/lexikon\/wp-json\/wp\/v2\/media?parent=8190"}],"wp:term":[{"taxonomy":"product_brand","embeddable":true,"href":"https:\/\/uj.adatbank.ro\/lexikon\/wp-json\/wp\/v2\/product_brand?post=8190"},{"taxonomy":"product_cat","embeddable":true,"href":"https:\/\/uj.adatbank.ro\/lexikon\/wp-json\/wp\/v2\/product_cat?post=8190"},{"taxonomy":"product_tag","embeddable":true,"href":"https:\/\/uj.adatbank.ro\/lexikon\/wp-json\/wp\/v2\/product_tag?post=8190"}],"curies":[{"name":"wp","href":"https:\/\/api.w.org\/{rel}","templated":true}]}}