{"id":8191,"date":"2025-06-29T10:17:35","date_gmt":"2025-06-29T08:17:35","guid":{"rendered":"https:\/\/uj.adatbank.ro\/lexikon\/termek\/fogarasi-samuel-fogarasi-szabo-samuel-2\/"},"modified":"2025-06-29T10:17:35","modified_gmt":"2025-06-29T08:17:35","slug":"fogarasi-samuel-fogarasi-szabo-samuel-2","status":"publish","type":"product","link":"https:\/\/uj.adatbank.ro\/lexikon\/termek\/fogarasi-samuel-fogarasi-szabo-samuel-2\/","title":{"rendered":"FOGARASI S\u00e1muel, Fogarasi Szab\u00f3 S\u00e1muel"},"content":{"rendered":"<p>Mv., 1770. j\u00fan. 19., \u2020 V\u00e1mosg\u00e1lfalva, 1830. nov. 24.: ref. lelk\u00e9sz, esperes, eml\u00e9k\u00edr\u00f3. \u2013 F. Sz. J\u00f3zsef \u00e9s Verest\u00f3i Zsuzsanna fia. \u2013 Feles\u00e9ge: 1. Abats J\u00e1nos p\u00fcsp\u00f6k l\u00e1nya, Abats Krisztina, 2. (1799. szept. 19\u2013) Nagy Borb\u00e1la, a dedr\u00e1dsz\u00e9plaki Nagy Istv\u00e1n lelk\u00e9sz \u00e9s P\u00e9terfi Rebeka le\u00e1nya. Gyermekeik: Zsuzsa (1801\u2013); S\u00e1muel (1804\u20131864), Julianna (1814\u2013), J\u00f3zsef (1816\u2013). \u2013 A mv.-i Ref. Koll-ban subscrib\u00e1lt (1788\u2013); Koll. tog\u00e1tusa 7 \u00e9vig. A mv.-i Ref. Koll. k\u00f6nyvt\u00e1rosa (1825. m\u00e1j. 20. \u2013 1827. aug. 20.). A koll. gondnoka, Aranka Gy\u00f6rgy (1737\u20131817), egyh\u00e1zi eln\u00f6ke gr. Bethlen P\u00e1l, t\u00e1blai eln\u00f6k. Bethlen P\u00e1l unok\u00e1inak nevel\u0151je a bonyhai udvarban (1795\u2013), majd di\u00e1k k\u00eds\u00e9r\u0151je Bethlen Eleknek a k\u0151lf\u00f6ldi tanulm\u00e1ny\u00fatj\u00e1n, G\u00f6tting\u00e1ba (1795\u201398). Elkis\u00e9rte \u0151ket \u00fatjukon dr. Gyarmati S\u00e1muel tud\u00f3s nyelv\u00e9sz. Mint Gog\u00e1nv\u00e1ralja lelkip\u00e1sztora (1797\u20131815), papi vizsg\u00e1t tett (1798), a k\u00e9zdiv\u00e1s\u00e1rhelyi k\u00f6zzsinaton szentelt\u00e9k papp\u00e1. A jelent\u0151sebb k\u00f6zs\u00e9gben v\u00e1llalt szolg\u00e1latot, V\u00e1mosg\u00e1lfalv\u00e1n (1815\u2013), ahol els\u0151k\u00e9nt v\u00e1lasztottak presbit\u00e9riumot (1815) \u00e9s p\u00f3csfalvi pap is. A K\u00fck\u00fcll\u0151i egyh\u00e1zmegye f\u0151jegyz\u0151je, esperese (1816\u201330). Folytatta K\u00f3nya Ferenc munk\u00e1j\u00e1t (1820\u2013), aki \u00f6sszegy\u0171jt\u00f6tte a k\u00fck\u00fcll\u0151i ref. lelk\u00e9szek \u00e9letrajzi adatait kronol\u00f3gikus sorrendben. Elv\u00e9gezte az egyh\u00e1zvid\u00e9k vagyoni \u00f6ssze\u00edr\u00e1s\u00e1t is, 54 anya- \u00e9s fi\u00f3k ekl\u00e9zsia ing\u00f3 \u00e9s ingatlan javait lejegyezte. Ezek \u00e9rt\u00e9kes egyh\u00e1zt\u00f6rt\u00e9nti forr\u00e1sok. F\u0151m\u0171ve \u00d6n\u00e9letrajza, (meg\u00edr\u00e1sa ideje 1823\u201330) sok\u00e1ig k\u00e9ziratban maradt. M\u0171v\u00e9ben olvasm\u00e1nyosan, \u00faj sz\u00ednben \u00edr a 18. sz.-i Mv. polg\u00e1rair\u00f3l, di\u00e1ks\u00e1g\u00e1r\u00f3l. M\u0171ve az egyetlen megb\u00edzhat\u00f3 t\u00e1mpont a mv.-i iskolai sz\u00ednj\u00e1tsz\u00e1s kezd\u0151 \u00e9veinek megismer\u00e9s\u00e9hez. A v\u00e1mosg\u00e1lfalvi \u00e1ltal\u00e1nos iskola felvette nev\u00e9t. F. S. \u00c1llami Gimn. (2004. febr. 21.). \u2013 <strong>F. m.:<\/strong> Marosv\u00e1s\u00e1rhely \u00e9s G\u00f6ttinga: \u00d6n\u00e9let\u00edr\u00e1s 1770\u20131788 (Juh\u00e1sz Istv\u00e1n bev. jegyzetek; Buk., 1974.). <br \/><strong>Irod.:<\/strong> Cs\u00e1v\u00e1s; Fogarasi; Id\u0151t\u00e1r 4.; Koncz 1879, K\u00fck\u00fcll\u0151i Ref. Egyh\u00e1zm. 2.; Nagy L\u00e1szl\u00f3: Tanulm\u00e1nyok a Cs\u00e1v\u00e1si Ref. Egyh\u00e1zk\u00f6zs\u00e9g t\u00f6rt\u00e9net\u00e9b\u0151l (Cs\u00e1v\u00e1s, 1995); Ny\u00e1r\u00e1dszentbenedek; P\u00e1l-Antal 2009; Szab\u00f3\u2013Sz\u00f6gi; Szentimrei; \u00daMIL<\/br><\/p>\n","protected":false},"excerpt":{"rendered":"<p>Mv., 1770. j\u00fan. 19., \u2020 V\u00e1mosg\u00e1lfalva, 1830. nov. 24.: ref. lelk\u00e9sz, esperes, eml\u00e9k\u00edr\u00f3. \u2013 F. Sz. J\u00f3zsef \u00e9s Verest\u00f3i Zsuzsanna fia. \u2013 Feles\u00e9ge: 1. Abats J\u00e1nos p\u00fcsp\u00f6k l\u00e1nya, Abats Krisztina, 2. (1799. szept. 19\u2013) Nagy Borb\u00e1la, a dedr\u00e1dsz\u00e9plaki Nagy Istv\u00e1n lelk\u00e9sz \u00e9s P\u00e9terfi Rebeka le\u00e1nya. Gyermekeik: Zsuzsa (1801\u2013); S\u00e1muel (1804\u20131864), Julianna (1814\u2013), J\u00f3zsef (1816\u2013). \u2013 [&hellip;]<\/p>\n","protected":false},"featured_media":0,"comment_status":"open","ping_status":"closed","template":"","meta":[],"product_brand":[],"product_cat":[137],"product_tag":[],"class_list":{"0":"post-8191","1":"product","2":"type-product","3":"status-publish","5":"product_cat-maros-megyei-eletrajzi-lexikon","7":"first","8":"instock","9":"shipping-taxable","10":"product-type-simple"},"_links":{"self":[{"href":"https:\/\/uj.adatbank.ro\/lexikon\/wp-json\/wp\/v2\/product\/8191","targetHints":{"allow":["GET"]}}],"collection":[{"href":"https:\/\/uj.adatbank.ro\/lexikon\/wp-json\/wp\/v2\/product"}],"about":[{"href":"https:\/\/uj.adatbank.ro\/lexikon\/wp-json\/wp\/v2\/types\/product"}],"replies":[{"embeddable":true,"href":"https:\/\/uj.adatbank.ro\/lexikon\/wp-json\/wp\/v2\/comments?post=8191"}],"wp:attachment":[{"href":"https:\/\/uj.adatbank.ro\/lexikon\/wp-json\/wp\/v2\/media?parent=8191"}],"wp:term":[{"taxonomy":"product_brand","embeddable":true,"href":"https:\/\/uj.adatbank.ro\/lexikon\/wp-json\/wp\/v2\/product_brand?post=8191"},{"taxonomy":"product_cat","embeddable":true,"href":"https:\/\/uj.adatbank.ro\/lexikon\/wp-json\/wp\/v2\/product_cat?post=8191"},{"taxonomy":"product_tag","embeddable":true,"href":"https:\/\/uj.adatbank.ro\/lexikon\/wp-json\/wp\/v2\/product_tag?post=8191"}],"curies":[{"name":"wp","href":"https:\/\/api.w.org\/{rel}","templated":true}]}}