{"id":8195,"date":"2025-06-29T10:17:42","date_gmt":"2025-06-29T08:17:42","guid":{"rendered":"https:\/\/uj.adatbank.ro\/lexikon\/termek\/fogarasy-mihaly-fogarassy-mihaly-gyergyoszentmiklosi\/"},"modified":"2025-06-29T10:17:42","modified_gmt":"2025-06-29T08:17:42","slug":"fogarasy-mihaly-fogarassy-mihaly-gyergyoszentmiklosi","status":"publish","type":"product","link":"https:\/\/uj.adatbank.ro\/lexikon\/termek\/fogarasy-mihaly-fogarassy-mihaly-gyergyoszentmiklosi\/","title":{"rendered":"FOGARASY Mih\u00e1ly, Fogarassy Mih\u00e1ly, gyergy\u00f3szentmikl\u00f3si"},"content":{"rendered":"<p>Gyergy\u00f3szentmikl\u00f3s, 1800. szept. 17., \u2020 Gyulafeh\u00e9rv\u00e1r, 1882. m\u00e1rc. 23.: dr. teol., erd\u00e9lyi r. k. p\u00fcsp\u00f6k, p\u00e1pai tr\u00f3n\u00e1ll\u00f3, bels\u0151 titkos tan\u00e1csos, a vaskoronarend II. oszt, a Lip\u00f3trend lovagja, r\u00f3mai gr. \u2013 Tanult Mv.-en is. Nagy anyagi seg\u00edts\u00e9ggel j\u00e1rult az iskola\u00fcgy fejleszt\u00e9s\u00e9hez, az \u0151 \u00e9s Veszely K\u00e1roly pr\u00e9post hagyat\u00e9k\u00e1b\u00f3l \u00e9p\u00edtett\u00e9k Mv.-en a volt Z\u00e1rda, ma M\u0171v\u00e9szeti iskola \u00e9p\u00fclet\u00e9t (1890). <br \/><strong>Irod.:<\/strong> Ferenczi S\u00e1ndor 2012; Maros megye; Szinnyei; \u00daM\u00c9L<\/br><\/p>\n","protected":false},"excerpt":{"rendered":"<p>Gyergy\u00f3szentmikl\u00f3s, 1800. szept. 17., \u2020 Gyulafeh\u00e9rv\u00e1r, 1882. m\u00e1rc. 23.: dr. teol., erd\u00e9lyi r. k. p\u00fcsp\u00f6k, p\u00e1pai tr\u00f3n\u00e1ll\u00f3, bels\u0151 titkos tan\u00e1csos, a vaskoronarend II. oszt, a Lip\u00f3trend lovagja, r\u00f3mai gr. \u2013 Tanult Mv.-en is. Nagy anyagi seg\u00edts\u00e9ggel j\u00e1rult az iskola\u00fcgy fejleszt\u00e9s\u00e9hez, az \u0151 \u00e9s Veszely K\u00e1roly pr\u00e9post hagyat\u00e9k\u00e1b\u00f3l \u00e9p\u00edtett\u00e9k Mv.-en a volt Z\u00e1rda, ma M\u0171v\u00e9szeti iskola [&hellip;]<\/p>\n","protected":false},"featured_media":0,"comment_status":"open","ping_status":"closed","template":"","meta":[],"product_brand":[],"product_cat":[137],"product_tag":[],"class_list":{"0":"post-8195","1":"product","2":"type-product","3":"status-publish","5":"product_cat-maros-megyei-eletrajzi-lexikon","7":"first","8":"instock","9":"shipping-taxable","10":"product-type-simple"},"_links":{"self":[{"href":"https:\/\/uj.adatbank.ro\/lexikon\/wp-json\/wp\/v2\/product\/8195","targetHints":{"allow":["GET"]}}],"collection":[{"href":"https:\/\/uj.adatbank.ro\/lexikon\/wp-json\/wp\/v2\/product"}],"about":[{"href":"https:\/\/uj.adatbank.ro\/lexikon\/wp-json\/wp\/v2\/types\/product"}],"replies":[{"embeddable":true,"href":"https:\/\/uj.adatbank.ro\/lexikon\/wp-json\/wp\/v2\/comments?post=8195"}],"wp:attachment":[{"href":"https:\/\/uj.adatbank.ro\/lexikon\/wp-json\/wp\/v2\/media?parent=8195"}],"wp:term":[{"taxonomy":"product_brand","embeddable":true,"href":"https:\/\/uj.adatbank.ro\/lexikon\/wp-json\/wp\/v2\/product_brand?post=8195"},{"taxonomy":"product_cat","embeddable":true,"href":"https:\/\/uj.adatbank.ro\/lexikon\/wp-json\/wp\/v2\/product_cat?post=8195"},{"taxonomy":"product_tag","embeddable":true,"href":"https:\/\/uj.adatbank.ro\/lexikon\/wp-json\/wp\/v2\/product_tag?post=8195"}],"curies":[{"name":"wp","href":"https:\/\/api.w.org\/{rel}","templated":true}]}}