{"id":8197,"date":"2025-06-29T10:17:47","date_gmt":"2025-06-29T08:17:47","guid":{"rendered":"https:\/\/uj.adatbank.ro\/lexikon\/termek\/fogolyan-janos\/"},"modified":"2025-06-29T10:17:47","modified_gmt":"2025-06-29T08:17:47","slug":"fogolyan-janos","status":"publish","type":"product","link":"https:\/\/uj.adatbank.ro\/lexikon\/termek\/fogolyan-janos\/","title":{"rendered":"FOGOLY\u00c1N J\u00e1nos"},"content":{"rendered":"<p>? \u2020 ? : keresked\u0151. \u2013 \u00c1ruh\u00e1za volt Mv.-en. R\u00e9szt vett a szamos\u00fajv\u00e1ri nagygy\u0171l\u00e9sen, ahol megalak\u00edtott\u00e1k az Erd\u00e9lyi \u00d6rm\u00e9ny Egyes\u00fcletet (1920). <br \/><strong>Irod.:<\/strong> Id\u0151t\u00e1r 3<\/br><\/p>\n","protected":false},"excerpt":{"rendered":"<p>? \u2020 ? : keresked\u0151. \u2013 \u00c1ruh\u00e1za volt Mv.-en. R\u00e9szt vett a szamos\u00fajv\u00e1ri nagygy\u0171l\u00e9sen, ahol megalak\u00edtott\u00e1k az Erd\u00e9lyi \u00d6rm\u00e9ny Egyes\u00fcletet (1920). Irod.: Id\u0151t\u00e1r 3<\/p>\n","protected":false},"featured_media":0,"comment_status":"open","ping_status":"closed","template":"","meta":[],"product_brand":[],"product_cat":[137],"product_tag":[],"class_list":{"0":"post-8197","1":"product","2":"type-product","3":"status-publish","5":"product_cat-maros-megyei-eletrajzi-lexikon","7":"first","8":"instock","9":"shipping-taxable","10":"product-type-simple"},"_links":{"self":[{"href":"https:\/\/uj.adatbank.ro\/lexikon\/wp-json\/wp\/v2\/product\/8197","targetHints":{"allow":["GET"]}}],"collection":[{"href":"https:\/\/uj.adatbank.ro\/lexikon\/wp-json\/wp\/v2\/product"}],"about":[{"href":"https:\/\/uj.adatbank.ro\/lexikon\/wp-json\/wp\/v2\/types\/product"}],"replies":[{"embeddable":true,"href":"https:\/\/uj.adatbank.ro\/lexikon\/wp-json\/wp\/v2\/comments?post=8197"}],"wp:attachment":[{"href":"https:\/\/uj.adatbank.ro\/lexikon\/wp-json\/wp\/v2\/media?parent=8197"}],"wp:term":[{"taxonomy":"product_brand","embeddable":true,"href":"https:\/\/uj.adatbank.ro\/lexikon\/wp-json\/wp\/v2\/product_brand?post=8197"},{"taxonomy":"product_cat","embeddable":true,"href":"https:\/\/uj.adatbank.ro\/lexikon\/wp-json\/wp\/v2\/product_cat?post=8197"},{"taxonomy":"product_tag","embeddable":true,"href":"https:\/\/uj.adatbank.ro\/lexikon\/wp-json\/wp\/v2\/product_tag?post=8197"}],"curies":[{"name":"wp","href":"https:\/\/api.w.org\/{rel}","templated":true}]}}