{"id":8198,"date":"2025-06-29T10:17:51","date_gmt":"2025-06-29T08:17:51","guid":{"rendered":"https:\/\/uj.adatbank.ro\/lexikon\/termek\/fokt-ildiko-eniko-dr\/"},"modified":"2025-06-29T10:17:51","modified_gmt":"2025-06-29T08:17:51","slug":"fokt-ildiko-eniko-dr","status":"publish","type":"product","link":"https:\/\/uj.adatbank.ro\/lexikon\/termek\/fokt-ildiko-eniko-dr\/","title":{"rendered":"FOKT Ildik\u00f3 Enik\u0151, dr."},"content":{"rendered":"<p>Marosh\u00e9v\u00edz, 1969. febr. 1., \u2020 Mv., 2002. dec. 25.: fogorvos, kutat\u00f3orvos, adjunktus, szak\u00edr\u00f3. \u2013 Mv.-en az Eg\u00e9szs\u00e9g\u00fcgyi L\u00edc.-ban \u00e9retts\u00e9gizett (1987), r\u00f6vid ideig n\u00f6v\u00e9rk\u00e9nt dolgozott Mv.-en (1987. okt. \u201389. aug.). A MOGYE Fogorvostudom\u00e1nyi Kar\u00e1n v\u00e9gzett (1989\u201394). Rezidens orvosk\u00e9nt dolgozott Mv.-en (1995\u201397), sikeresen versenyvizsg\u00e1zott az OGYE Fogp\u00f3tl\u00e1stani Tansz\u00e9k\u00e9n a m. nyelv\u0171 gyakornoki \u00e1ll\u00e1s bet\u00f6lt\u00e9s\u00e9re (1995), tan\u00e1rseg\u00e9d (2000. m\u00e1rc. 6. \u2013), majd adjunktus (2002. okt. 1. \u2013). Bocskay Istv\u00e1n egyetemi tan\u00e1rn\u00e1l volt doktorandusz korai hal\u00e1l\u00e1ig. \u2013 <strong>F. m.:<\/strong> <strong>t\u00e1rssz.:<\/strong> Prepararea protetic\u0103 a din\u0163ilor \u00een similator (fantom): Caiet de lucr\u0103ri practice pentru studen\u0163ii anului III. (TgM., 2003). <br \/><strong>Irod.:<\/strong> [Nekrol\u00f3g] (N\u00fa., 2002. dec.?); Kiss Cs. Cs. M 4.; P\u00e9ter Mih\u00e1ly 2006; Sz\u00f6ll\u0151si 2009<\/br><\/p>\n","protected":false},"excerpt":{"rendered":"<p>Marosh\u00e9v\u00edz, 1969. febr. 1., \u2020 Mv., 2002. dec. 25.: fogorvos, kutat\u00f3orvos, adjunktus, szak\u00edr\u00f3. \u2013 Mv.-en az Eg\u00e9szs\u00e9g\u00fcgyi L\u00edc.-ban \u00e9retts\u00e9gizett (1987), r\u00f6vid ideig n\u00f6v\u00e9rk\u00e9nt dolgozott Mv.-en (1987. okt. \u201389. aug.). A MOGYE Fogorvostudom\u00e1nyi Kar\u00e1n v\u00e9gzett (1989\u201394). Rezidens orvosk\u00e9nt dolgozott Mv.-en (1995\u201397), sikeresen versenyvizsg\u00e1zott az OGYE Fogp\u00f3tl\u00e1stani Tansz\u00e9k\u00e9n a m. nyelv\u0171 gyakornoki \u00e1ll\u00e1s bet\u00f6lt\u00e9s\u00e9re (1995), tan\u00e1rseg\u00e9d (2000. [&hellip;]<\/p>\n","protected":false},"featured_media":0,"comment_status":"open","ping_status":"closed","template":"","meta":[],"product_brand":[],"product_cat":[137],"product_tag":[],"class_list":{"0":"post-8198","1":"product","2":"type-product","3":"status-publish","5":"product_cat-maros-megyei-eletrajzi-lexikon","7":"first","8":"instock","9":"shipping-taxable","10":"product-type-simple"},"_links":{"self":[{"href":"https:\/\/uj.adatbank.ro\/lexikon\/wp-json\/wp\/v2\/product\/8198","targetHints":{"allow":["GET"]}}],"collection":[{"href":"https:\/\/uj.adatbank.ro\/lexikon\/wp-json\/wp\/v2\/product"}],"about":[{"href":"https:\/\/uj.adatbank.ro\/lexikon\/wp-json\/wp\/v2\/types\/product"}],"replies":[{"embeddable":true,"href":"https:\/\/uj.adatbank.ro\/lexikon\/wp-json\/wp\/v2\/comments?post=8198"}],"wp:attachment":[{"href":"https:\/\/uj.adatbank.ro\/lexikon\/wp-json\/wp\/v2\/media?parent=8198"}],"wp:term":[{"taxonomy":"product_brand","embeddable":true,"href":"https:\/\/uj.adatbank.ro\/lexikon\/wp-json\/wp\/v2\/product_brand?post=8198"},{"taxonomy":"product_cat","embeddable":true,"href":"https:\/\/uj.adatbank.ro\/lexikon\/wp-json\/wp\/v2\/product_cat?post=8198"},{"taxonomy":"product_tag","embeddable":true,"href":"https:\/\/uj.adatbank.ro\/lexikon\/wp-json\/wp\/v2\/product_tag?post=8198"}],"curies":[{"name":"wp","href":"https:\/\/api.w.org\/{rel}","templated":true}]}}