{"id":8199,"date":"2025-06-29T10:17:54","date_gmt":"2025-06-29T08:17:54","guid":{"rendered":"https:\/\/uj.adatbank.ro\/lexikon\/termek\/folbert-janos-folbert-johann\/"},"modified":"2025-06-29T10:17:54","modified_gmt":"2025-06-29T08:17:54","slug":"folbert-janos-folbert-johann","status":"publish","type":"product","link":"https:\/\/uj.adatbank.ro\/lexikon\/termek\/folbert-janos-folbert-johann\/","title":{"rendered":"FOLBERT J\u00e1nos, Folbert Johann"},"content":{"rendered":"<p>? \u2020 ? : poszt\u00f3gy\u00e1ros. \u2013 Fia: Johann Friedrich gy\u00f3gyszer\u00e9sz. \u2013 Segesv\u00e1ri ki\u00e1ll\u00edt\u00f3 Bp.-en, d\u00edjazt\u00e1k. <br \/><strong>Irod.:<\/strong> Az 1885. \u00e9vi Bp.-i Orsz\u00e1gos \u00c1ltal\u00e1nos Ki\u00e1ll\u00edt\u00e1s (Bp., 1885), Szab\u00f3\u2013Simon\u2013Sz\u00f6gi<\/br><\/p>\n","protected":false},"excerpt":{"rendered":"<p>? \u2020 ? : poszt\u00f3gy\u00e1ros. \u2013 Fia: Johann Friedrich gy\u00f3gyszer\u00e9sz. \u2013 Segesv\u00e1ri ki\u00e1ll\u00edt\u00f3 Bp.-en, d\u00edjazt\u00e1k. Irod.: Az 1885. \u00e9vi Bp.-i Orsz\u00e1gos \u00c1ltal\u00e1nos Ki\u00e1ll\u00edt\u00e1s (Bp., 1885), Szab\u00f3\u2013Simon\u2013Sz\u00f6gi<\/p>\n","protected":false},"featured_media":0,"comment_status":"open","ping_status":"closed","template":"","meta":[],"product_brand":[],"product_cat":[137],"product_tag":[],"class_list":{"0":"post-8199","1":"product","2":"type-product","3":"status-publish","5":"product_cat-maros-megyei-eletrajzi-lexikon","7":"first","8":"instock","9":"shipping-taxable","10":"product-type-simple"},"_links":{"self":[{"href":"https:\/\/uj.adatbank.ro\/lexikon\/wp-json\/wp\/v2\/product\/8199","targetHints":{"allow":["GET"]}}],"collection":[{"href":"https:\/\/uj.adatbank.ro\/lexikon\/wp-json\/wp\/v2\/product"}],"about":[{"href":"https:\/\/uj.adatbank.ro\/lexikon\/wp-json\/wp\/v2\/types\/product"}],"replies":[{"embeddable":true,"href":"https:\/\/uj.adatbank.ro\/lexikon\/wp-json\/wp\/v2\/comments?post=8199"}],"wp:attachment":[{"href":"https:\/\/uj.adatbank.ro\/lexikon\/wp-json\/wp\/v2\/media?parent=8199"}],"wp:term":[{"taxonomy":"product_brand","embeddable":true,"href":"https:\/\/uj.adatbank.ro\/lexikon\/wp-json\/wp\/v2\/product_brand?post=8199"},{"taxonomy":"product_cat","embeddable":true,"href":"https:\/\/uj.adatbank.ro\/lexikon\/wp-json\/wp\/v2\/product_cat?post=8199"},{"taxonomy":"product_tag","embeddable":true,"href":"https:\/\/uj.adatbank.ro\/lexikon\/wp-json\/wp\/v2\/product_tag?post=8199"}],"curies":[{"name":"wp","href":"https:\/\/api.w.org\/{rel}","templated":true}]}}