{"id":8203,"date":"2025-06-29T10:18:01","date_gmt":"2025-06-29T08:18:01","guid":{"rendered":"https:\/\/uj.adatbank.ro\/lexikon\/termek\/foldes-zoltan-gutori\/"},"modified":"2025-06-29T10:18:01","modified_gmt":"2025-06-29T08:18:01","slug":"foldes-zoltan-gutori","status":"publish","type":"product","link":"https:\/\/uj.adatbank.ro\/lexikon\/termek\/foldes-zoltan-gutori\/","title":{"rendered":"F\u00d6LDES Zolt\u00e1n, gutori"},"content":{"rendered":"<p>Cs\u00edksomly\u00f3, 1884. okt. 15., \u2020\u00a0Budajen\u0151, 1956. j\u00fal. 28.: tan\u00edt\u00f3, \u00edr\u00f3. \u2013 Cs\u00edksomly\u00f3n tan\u00edt\u00f3i oklevelet (1903), Kv.-on jogi doktor\u00e1tust szerzett (1919). \u00c1llami tan\u00edt\u00f3 Nagysur\u00e1nyon, D\u00e9sen, Kerel\u0151szentp\u00e1lon, Borsz\u00e9ken, Gyergy\u00f3temet\u00e9n, Marosily\u00e9n (1905\u201318), Szov\u00e1t\u00e1n, Atyh\u00e1ban, Sz\u00e1szv\u00e1roson (1919\u201336), majd Cs\u00edksomly\u00f3n \u00e9lt \u00e9s csak irodalommal foglalkozott (1936\u2013). Verseit, novell\u00e1it, cikkekeit k\u00f6z\u00f6lte A H\u00edrn\u00f6k, P\u00e1sztort\u0171z, Vas\u00e1rnap, \u00daj Cimbora, J\u00f3bar\u00e1t, Erd\u00e9lyi Tud\u00f3s\u00edt\u00f3, Bp. H\u00edrl., Erd\u00e9lyi Olt\u00e1regyes\u00fclet, Gyergy\u00f3i H\u00edrlap, K\u00e9pes Csal\u00e1di Lapok, Katolikus Vil\u00e1g. Kiadta az Angyalkert k\u00e9s\u0151bb Erd\u00e9lyi Kis Pajt\u00e1s c. gyermek\u00fajs\u00e1got (1929\u201330). \u2013 <strong>F. m.:<\/strong> Versek (Mv., 1907); A magyars\u00e1g\u00e9rt (Ditr\u00f3, 1913); Harc \u00e9s b\u00e9ke (Kv., 1916); Gyermekek k\u00f6sz\u00f6nt\u0151k\u00f6nyve (Kv., 1923); Mures-Turda (Maros-Torda) vm. f\u00f6ldrajza: Az elemi n\u00e9piskol\u00e1k 3. o. sz\u00e1m\u00e1ra (Cluj-Kv., 1923); Mennyei sz\u00e9p koszor\u00fa ( Kv., 1925); Lizi\u0151i kis Szent Ter\u00e9z \u00e9lete (Kv., 1926); Az elveszett le\u00e1ny (Kv., 1928); Az endr\u00e9di le\u00e1nyv\u00e1s\u00e1r \u00e9s m\u00e1s elbesz\u00e9l\u00e9sek (Kv., 1928); J\u00e1nos ap\u00f3 tapasztalatai (Kv., 1928); Sz\u00edvvel: Versek (Szov\u00e1ta, ny. Dics\u0151szentm\u00e1rton, 1928); A t\u00fcnd\u00f6kl\u0151 csillag: Sz\u0171z Szent Imre herceg \u00e9lete (Kv., 1931); Eg\u00e9szs\u00e9gtan: A m. tannyelv\u0171 el. n\u00e9piskol\u00e1k 6., 7. o. sz\u00e1m\u00e1ra. 2 k\u00f6t. (Kv., 1931); Mennyei kis kert: Kat. ifj. Imak\u00f6nyv (Kv., 1935); Szer\u00e1fi Szent Ferenc \u00e9lete (Sz\u00e1szv\u00e1ros, 1935); Az \u00d3sz\u0151vets\u00e9g h\u0151sei (Kv., 1938); Testtan \u00e9s eg\u00e9szs\u00e9gtan: Az elemi iskol\u00e1k 5., 7. o. sz\u00e1m\u00e1ra (Kv., 1939). <br \/><strong>Irod.:<\/strong> Ferenczi 1929 \/2; Guly\u00e1s; Gy\u00f6rgy 1926; RMIL<\/br><\/p>\n","protected":false},"excerpt":{"rendered":"<p>Cs\u00edksomly\u00f3, 1884. okt. 15., \u2020\u00a0Budajen\u0151, 1956. j\u00fal. 28.: tan\u00edt\u00f3, \u00edr\u00f3. \u2013 Cs\u00edksomly\u00f3n tan\u00edt\u00f3i oklevelet (1903), Kv.-on jogi doktor\u00e1tust szerzett (1919). \u00c1llami tan\u00edt\u00f3 Nagysur\u00e1nyon, D\u00e9sen, Kerel\u0151szentp\u00e1lon, Borsz\u00e9ken, Gyergy\u00f3temet\u00e9n, Marosily\u00e9n (1905\u201318), Szov\u00e1t\u00e1n, Atyh\u00e1ban, Sz\u00e1szv\u00e1roson (1919\u201336), majd Cs\u00edksomly\u00f3n \u00e9lt \u00e9s csak irodalommal foglalkozott (1936\u2013). Verseit, novell\u00e1it, cikkekeit k\u00f6z\u00f6lte A H\u00edrn\u00f6k, P\u00e1sztort\u0171z, Vas\u00e1rnap, \u00daj Cimbora, J\u00f3bar\u00e1t, Erd\u00e9lyi Tud\u00f3s\u00edt\u00f3, Bp. [&hellip;]<\/p>\n","protected":false},"featured_media":0,"comment_status":"open","ping_status":"closed","template":"","meta":[],"product_brand":[],"product_cat":[137],"product_tag":[],"class_list":{"0":"post-8203","1":"product","2":"type-product","3":"status-publish","5":"product_cat-maros-megyei-eletrajzi-lexikon","7":"first","8":"instock","9":"shipping-taxable","10":"product-type-simple"},"_links":{"self":[{"href":"https:\/\/uj.adatbank.ro\/lexikon\/wp-json\/wp\/v2\/product\/8203","targetHints":{"allow":["GET"]}}],"collection":[{"href":"https:\/\/uj.adatbank.ro\/lexikon\/wp-json\/wp\/v2\/product"}],"about":[{"href":"https:\/\/uj.adatbank.ro\/lexikon\/wp-json\/wp\/v2\/types\/product"}],"replies":[{"embeddable":true,"href":"https:\/\/uj.adatbank.ro\/lexikon\/wp-json\/wp\/v2\/comments?post=8203"}],"wp:attachment":[{"href":"https:\/\/uj.adatbank.ro\/lexikon\/wp-json\/wp\/v2\/media?parent=8203"}],"wp:term":[{"taxonomy":"product_brand","embeddable":true,"href":"https:\/\/uj.adatbank.ro\/lexikon\/wp-json\/wp\/v2\/product_brand?post=8203"},{"taxonomy":"product_cat","embeddable":true,"href":"https:\/\/uj.adatbank.ro\/lexikon\/wp-json\/wp\/v2\/product_cat?post=8203"},{"taxonomy":"product_tag","embeddable":true,"href":"https:\/\/uj.adatbank.ro\/lexikon\/wp-json\/wp\/v2\/product_tag?post=8203"}],"curies":[{"name":"wp","href":"https:\/\/api.w.org\/{rel}","templated":true}]}}