{"id":8204,"date":"2025-06-29T10:18:03","date_gmt":"2025-06-29T08:18:03","guid":{"rendered":"https:\/\/uj.adatbank.ro\/lexikon\/termek\/foldesi-n-samuel\/"},"modified":"2025-06-29T10:18:03","modified_gmt":"2025-06-29T08:18:03","slug":"foldesi-n-samuel","status":"publish","type":"product","link":"https:\/\/uj.adatbank.ro\/lexikon\/termek\/foldesi-n-samuel\/","title":{"rendered":"F\u00d6LDESI N. S\u00e1muel"},"content":{"rendered":"<p>? \u2020\u00a0? : tan\u00edt\u00f3. &#8211; Mv.-en subscrib\u00e1lt (1735). Beresztelk\u00e9n (1743\u20131744), Toldalagon (1745\u20131747 \u2013 l\u00e9vita), Erd\u0151csin\u00e1don (1748\u20131749), Nagy\u00f6lyvesen (1749. m\u00e1rc. 29. \u2013), K\u00f6rtv\u00e9lyf\u00e1j\u00e1n (1751\u20131752), Unok\u00e1ban (1753\u20131756) \u00e9s Sz\u00e9kelycs\u00f3k\u00e1ban (1763 \u2013 l\u00e9vita) mester. <br \/><strong>Irod.:<\/strong> \u0150sz, Sz\u00e9kelycs\u00f3ka<\/br><\/p>\n","protected":false},"excerpt":{"rendered":"<p>? \u2020\u00a0? : tan\u00edt\u00f3. &#8211; Mv.-en subscrib\u00e1lt (1735). Beresztelk\u00e9n (1743\u20131744), Toldalagon (1745\u20131747 \u2013 l\u00e9vita), Erd\u0151csin\u00e1don (1748\u20131749), Nagy\u00f6lyvesen (1749. m\u00e1rc. 29. \u2013), K\u00f6rtv\u00e9lyf\u00e1j\u00e1n (1751\u20131752), Unok\u00e1ban (1753\u20131756) \u00e9s Sz\u00e9kelycs\u00f3k\u00e1ban (1763 \u2013 l\u00e9vita) mester. Irod.: \u0150sz, Sz\u00e9kelycs\u00f3ka<\/p>\n","protected":false},"featured_media":0,"comment_status":"open","ping_status":"closed","template":"","meta":[],"product_brand":[],"product_cat":[137],"product_tag":[],"class_list":{"0":"post-8204","1":"product","2":"type-product","3":"status-publish","5":"product_cat-maros-megyei-eletrajzi-lexikon","7":"first","8":"instock","9":"shipping-taxable","10":"product-type-simple"},"_links":{"self":[{"href":"https:\/\/uj.adatbank.ro\/lexikon\/wp-json\/wp\/v2\/product\/8204","targetHints":{"allow":["GET"]}}],"collection":[{"href":"https:\/\/uj.adatbank.ro\/lexikon\/wp-json\/wp\/v2\/product"}],"about":[{"href":"https:\/\/uj.adatbank.ro\/lexikon\/wp-json\/wp\/v2\/types\/product"}],"replies":[{"embeddable":true,"href":"https:\/\/uj.adatbank.ro\/lexikon\/wp-json\/wp\/v2\/comments?post=8204"}],"wp:attachment":[{"href":"https:\/\/uj.adatbank.ro\/lexikon\/wp-json\/wp\/v2\/media?parent=8204"}],"wp:term":[{"taxonomy":"product_brand","embeddable":true,"href":"https:\/\/uj.adatbank.ro\/lexikon\/wp-json\/wp\/v2\/product_brand?post=8204"},{"taxonomy":"product_cat","embeddable":true,"href":"https:\/\/uj.adatbank.ro\/lexikon\/wp-json\/wp\/v2\/product_cat?post=8204"},{"taxonomy":"product_tag","embeddable":true,"href":"https:\/\/uj.adatbank.ro\/lexikon\/wp-json\/wp\/v2\/product_tag?post=8204"}],"curies":[{"name":"wp","href":"https:\/\/api.w.org\/{rel}","templated":true}]}}