{"id":8207,"date":"2025-06-29T10:18:10","date_gmt":"2025-06-29T08:18:10","guid":{"rendered":"https:\/\/uj.adatbank.ro\/lexikon\/termek\/foldi-janos\/"},"modified":"2025-06-29T10:18:10","modified_gmt":"2025-06-29T08:18:10","slug":"foldi-janos","status":"publish","type":"product","link":"https:\/\/uj.adatbank.ro\/lexikon\/termek\/foldi-janos\/","title":{"rendered":"F\u00d6LDI J\u00e1nos"},"content":{"rendered":"<p>Szalonta, 1755. dec. 21., \u2020 Hajd\u00fahadh\u00e1za, 1801. \u00e1pr. 6.: orvos. \u2013 F. J. m. grammatik\u00e1ja. Kiadta Guly\u00e1s K\u00e1roly (Bp., 1912), a k\u00e9ziratot (1789 v. 1795), amely a debreceni M. grammatika f\u0151 forr\u00e1sa volt, a mv.-i Teleki T\u00e9k\u00e1ban tal\u00e1lta meg a kiad\u00f3 (1909). \u2013 <strong>F. m.:<\/strong> F. J. magyar grammatik\u00e1ja (Bp., 1909, 1912). <br \/><strong>Irod.:<\/strong> Szinnyei<\/br><\/p>\n","protected":false},"excerpt":{"rendered":"<p>Szalonta, 1755. dec. 21., \u2020 Hajd\u00fahadh\u00e1za, 1801. \u00e1pr. 6.: orvos. \u2013 F. J. m. grammatik\u00e1ja. Kiadta Guly\u00e1s K\u00e1roly (Bp., 1912), a k\u00e9ziratot (1789 v. 1795), amely a debreceni M. grammatika f\u0151 forr\u00e1sa volt, a mv.-i Teleki T\u00e9k\u00e1ban tal\u00e1lta meg a kiad\u00f3 (1909). \u2013 F. m.: F. J. magyar grammatik\u00e1ja (Bp., 1909, 1912). Irod.: Szinnyei<\/p>\n","protected":false},"featured_media":0,"comment_status":"open","ping_status":"closed","template":"","meta":[],"product_brand":[],"product_cat":[137],"product_tag":[],"class_list":{"0":"post-8207","1":"product","2":"type-product","3":"status-publish","5":"product_cat-maros-megyei-eletrajzi-lexikon","7":"first","8":"instock","9":"shipping-taxable","10":"product-type-simple"},"_links":{"self":[{"href":"https:\/\/uj.adatbank.ro\/lexikon\/wp-json\/wp\/v2\/product\/8207","targetHints":{"allow":["GET"]}}],"collection":[{"href":"https:\/\/uj.adatbank.ro\/lexikon\/wp-json\/wp\/v2\/product"}],"about":[{"href":"https:\/\/uj.adatbank.ro\/lexikon\/wp-json\/wp\/v2\/types\/product"}],"replies":[{"embeddable":true,"href":"https:\/\/uj.adatbank.ro\/lexikon\/wp-json\/wp\/v2\/comments?post=8207"}],"wp:attachment":[{"href":"https:\/\/uj.adatbank.ro\/lexikon\/wp-json\/wp\/v2\/media?parent=8207"}],"wp:term":[{"taxonomy":"product_brand","embeddable":true,"href":"https:\/\/uj.adatbank.ro\/lexikon\/wp-json\/wp\/v2\/product_brand?post=8207"},{"taxonomy":"product_cat","embeddable":true,"href":"https:\/\/uj.adatbank.ro\/lexikon\/wp-json\/wp\/v2\/product_cat?post=8207"},{"taxonomy":"product_tag","embeddable":true,"href":"https:\/\/uj.adatbank.ro\/lexikon\/wp-json\/wp\/v2\/product_tag?post=8207"}],"curies":[{"name":"wp","href":"https:\/\/api.w.org\/{rel}","templated":true}]}}