{"id":8209,"date":"2025-06-29T10:18:15","date_gmt":"2025-06-29T08:18:15","guid":{"rendered":"https:\/\/uj.adatbank.ro\/lexikon\/termek\/foldvari-ferenc-melegfoldvari\/"},"modified":"2025-06-29T10:18:15","modified_gmt":"2025-06-29T08:18:15","slug":"foldvari-ferenc-melegfoldvari","status":"publish","type":"product","link":"https:\/\/uj.adatbank.ro\/lexikon\/termek\/foldvari-ferenc-melegfoldvari\/","title":{"rendered":"F\u00d6LDV\u00c1RI Ferenc, melegf\u00f6ldv\u00e1ri"},"content":{"rendered":"<p>? \u2020\u00a0? : kir\u00e1lyi nagyk\u00f6vet. \u2013 Tancson telepedett le (1606 ut\u00e1n). Bethlen G\u00e1bor tan\u00e1csosa \u00e9s k\u00f6vete volt (1612\u201313). Tancson a r\u00e9gi templomot kiigaz\u00edtatta \u00e9s ref. lelkip\u00e1sztort hozott. (1613 ut\u00e1n). <br \/><strong>Irod.:<\/strong> L\u00e9sty\u00e1n \u2013 templomok; \u00d6tv\u00f6s<\/br><\/p>\n","protected":false},"excerpt":{"rendered":"<p>? \u2020\u00a0? : kir\u00e1lyi nagyk\u00f6vet. \u2013 Tancson telepedett le (1606 ut\u00e1n). Bethlen G\u00e1bor tan\u00e1csosa \u00e9s k\u00f6vete volt (1612\u201313). Tancson a r\u00e9gi templomot kiigaz\u00edtatta \u00e9s ref. lelkip\u00e1sztort hozott. (1613 ut\u00e1n). Irod.: L\u00e9sty\u00e1n \u2013 templomok; \u00d6tv\u00f6s<\/p>\n","protected":false},"featured_media":0,"comment_status":"open","ping_status":"closed","template":"","meta":[],"product_brand":[],"product_cat":[137],"product_tag":[],"class_list":{"0":"post-8209","1":"product","2":"type-product","3":"status-publish","5":"product_cat-maros-megyei-eletrajzi-lexikon","7":"first","8":"instock","9":"shipping-taxable","10":"product-type-simple"},"_links":{"self":[{"href":"https:\/\/uj.adatbank.ro\/lexikon\/wp-json\/wp\/v2\/product\/8209","targetHints":{"allow":["GET"]}}],"collection":[{"href":"https:\/\/uj.adatbank.ro\/lexikon\/wp-json\/wp\/v2\/product"}],"about":[{"href":"https:\/\/uj.adatbank.ro\/lexikon\/wp-json\/wp\/v2\/types\/product"}],"replies":[{"embeddable":true,"href":"https:\/\/uj.adatbank.ro\/lexikon\/wp-json\/wp\/v2\/comments?post=8209"}],"wp:attachment":[{"href":"https:\/\/uj.adatbank.ro\/lexikon\/wp-json\/wp\/v2\/media?parent=8209"}],"wp:term":[{"taxonomy":"product_brand","embeddable":true,"href":"https:\/\/uj.adatbank.ro\/lexikon\/wp-json\/wp\/v2\/product_brand?post=8209"},{"taxonomy":"product_cat","embeddable":true,"href":"https:\/\/uj.adatbank.ro\/lexikon\/wp-json\/wp\/v2\/product_cat?post=8209"},{"taxonomy":"product_tag","embeddable":true,"href":"https:\/\/uj.adatbank.ro\/lexikon\/wp-json\/wp\/v2\/product_tag?post=8209"}],"curies":[{"name":"wp","href":"https:\/\/api.w.org\/{rel}","templated":true}]}}